{"id":20868,"date":"2023-02-10T12:54:27","date_gmt":"2023-02-10T12:54:27","guid":{"rendered":"https:\/\/chilimag.hu\/webshop\/?post_type=product&#038;p=20868"},"modified":"2026-02-16T16:57:46","modified_gmt":"2026-02-16T16:57:46","slug":"salata-merveille-dhiver-sl-ow","status":"publish","type":"product","link":"https:\/\/chilimag.hu\/webshop\/termek\/salata-merveille-dhiver-sl-ow\/","title":{"rendered":"Sal\u00e1ta Merveille D&#8217;Hiver SL OW"},"content":{"rendered":"","protected":false},"excerpt":{"rendered":"<p><img decoding=\"async\" class=\"active-logo\" src=\"https:\/\/b2b.seklos.lt\/themes\/warehouse\/img\/logo_en.png\" alt=\"Agrofirma S\u0117klos, UAB\" width=\"280\" height=\"95\" \/><\/p>\n<p>K\u00e9tsz\u00edn\u0171 vajas fejes sal\u00e1ta. Veget\u00e1ci\u00f3s id\u0151szak \u2013 52-57 nap. Polietil\u00e9n \u00fcvegh\u00e1zakban \u00e9s szabadban termesztik. A j\u00f3 min\u0151s\u00e9g\u0171 betakar\u00edt\u00e1s \u00e9lvezet\u00e9hez pal\u00e1nt\u00e1kat kell \u00fcltetni. Laza, term\u00e9keny talajban fejl\u0151dik a legjobban.<br \/>\nMagok sz\u00e1ma grammonk\u00e9nt 800-1100<br \/>\nSz\u00fcret V\u2013IX<br \/>\nNapos hely Igen<br \/>\nTerm\u0151f\u00f6ld, \u00fcvegh\u00e1zban<br \/>\n\u00d6nbeporz\u00f3 sz<br \/>\nVet\u00e9sid\u0151 a talajban IV\u2013VII, X, 0,5 cm<br \/>\nVet\u00e9sid\u0151 \u00fcvegh\u00e1zban III-IV, 0,5 cm<br \/>\nGy\u00e1rt\u00f3 Organic Way<br \/>\nT\u00e1vols\u00e1gok, cm 20 x 20 cm<\/p>\n","protected":false},"featured_media":20869,"comment_status":"closed","ping_status":"closed","template":"","meta":[],"product_brand":[],"product_cat":[354],"product_tag":[],"class_list":{"0":"post-20868","1":"product","2":"type-product","3":"status-publish","4":"has-post-thumbnail","6":"product_cat-organic-way","8":"first","9":"instock","10":"taxable","11":"shipping-taxable","12":"purchasable","13":"product-type-simple"},"_links":{"self":[{"href":"https:\/\/chilimag.hu\/webshop\/wp-json\/wp\/v2\/product\/20868","targetHints":{"allow":["GET"]}}],"collection":[{"href":"https:\/\/chilimag.hu\/webshop\/wp-json\/wp\/v2\/product"}],"about":[{"href":"https:\/\/chilimag.hu\/webshop\/wp-json\/wp\/v2\/types\/product"}],"replies":[{"embeddable":true,"href":"https:\/\/chilimag.hu\/webshop\/wp-json\/wp\/v2\/comments?post=20868"}],"wp:featuredmedia":[{"embeddable":true,"href":"https:\/\/chilimag.hu\/webshop\/wp-json\/wp\/v2\/media\/20869"}],"wp:attachment":[{"href":"https:\/\/chilimag.hu\/webshop\/wp-json\/wp\/v2\/media?parent=20868"}],"wp:term":[{"taxonomy":"product_brand","embeddable":true,"href":"https:\/\/chilimag.hu\/webshop\/wp-json\/wp\/v2\/product_brand?post=20868"},{"taxonomy":"product_cat","embeddable":true,"href":"https:\/\/chilimag.hu\/webshop\/wp-json\/wp\/v2\/product_cat?post=20868"},{"taxonomy":"product_tag","embeddable":true,"href":"https:\/\/chilimag.hu\/webshop\/wp-json\/wp\/v2\/product_tag?post=20868"}],"curies":[{"name":"wp","href":"https:\/\/api.w.org\/{rel}","templated":true}]}}