{"id":20862,"date":"2023-02-10T12:35:51","date_gmt":"2023-02-10T12:35:51","guid":{"rendered":"https:\/\/chilimag.hu\/webshop\/?post_type=product&#038;p=20862"},"modified":"2026-02-15T09:50:16","modified_gmt":"2026-02-15T09:50:16","slug":"porehagyma-gigante-de-inverno-2-sl-ow","status":"publish","type":"product","link":"https:\/\/chilimag.hu\/webshop\/termek\/porehagyma-gigante-de-inverno-2-sl-ow\/","title":{"rendered":"P\u00f3r\u00e9hagyma Gigante De Inverno 2 SL OW"},"content":{"rendered":"","protected":false},"excerpt":{"rendered":"<p><img decoding=\"async\" class=\"active-logo\" src=\"https:\/\/b2b.seklos.lt\/themes\/warehouse\/img\/logo_en.png\" alt=\"Agrofirma S\u0117klos, UAB\" width=\"280\" height=\"95\" \/><\/p>\n<p>K\u00f6z\u00e9pkorai fajta ny\u00e1ri \u00e9s \u0151szi betakar\u00edt\u00e1sra. A p\u00f3r\u00e9hagyma feh\u00e9r r\u00e9sz\u00e9t \u00e9tkez\u00e9sre haszn\u00e1lj\u00e1k. Sal\u00e1t\u00e1khoz is alkalmas, grillezhet\u0151 vagy p\u00e1colhat\u00f3 m\u00e1s z\u00f6lds\u00e9gekkel. A ki\u00fcltetett pal\u00e1nt\u00e1kat b\u0151s\u00e9gesen \u00f6nt\u00f6zz\u00fck. Legjobban enyhe, nedves agyagos talajokon fejl\u0151dik.<br \/>\nS\u00faly 1 g<br \/>\nMagok sz\u00e1ma grammonk\u00e9nt 320<br \/>\nSz\u00fcret VIII &#8211; IX<br \/>\nTerm\u0151f\u00f6ld<br \/>\n\u00d6nbeporz\u00f3 sz<br \/>\nVet\u00e9sid\u0151 a talajban IV &#8211; V, 2 cm<br \/>\nVet\u00e9sid\u0151 \u00fcvegh\u00e1zban III &#8211; IV, 2 cm<br \/>\nGy\u00e1rt\u00f3 Organic Way<br \/>\nT\u00e1vols\u00e1gok, cm 10 x 30 cm<\/p>\n","protected":false},"featured_media":20863,"comment_status":"closed","ping_status":"closed","template":"","meta":[],"product_brand":[],"product_cat":[354],"product_tag":[],"class_list":{"0":"post-20862","1":"product","2":"type-product","3":"status-publish","4":"has-post-thumbnail","6":"product_cat-organic-way","8":"first","9":"instock","10":"taxable","11":"shipping-taxable","12":"purchasable","13":"product-type-simple"},"_links":{"self":[{"href":"https:\/\/chilimag.hu\/webshop\/wp-json\/wp\/v2\/product\/20862","targetHints":{"allow":["GET"]}}],"collection":[{"href":"https:\/\/chilimag.hu\/webshop\/wp-json\/wp\/v2\/product"}],"about":[{"href":"https:\/\/chilimag.hu\/webshop\/wp-json\/wp\/v2\/types\/product"}],"replies":[{"embeddable":true,"href":"https:\/\/chilimag.hu\/webshop\/wp-json\/wp\/v2\/comments?post=20862"}],"wp:featuredmedia":[{"embeddable":true,"href":"https:\/\/chilimag.hu\/webshop\/wp-json\/wp\/v2\/media\/20863"}],"wp:attachment":[{"href":"https:\/\/chilimag.hu\/webshop\/wp-json\/wp\/v2\/media?parent=20862"}],"wp:term":[{"taxonomy":"product_brand","embeddable":true,"href":"https:\/\/chilimag.hu\/webshop\/wp-json\/wp\/v2\/product_brand?post=20862"},{"taxonomy":"product_cat","embeddable":true,"href":"https:\/\/chilimag.hu\/webshop\/wp-json\/wp\/v2\/product_cat?post=20862"},{"taxonomy":"product_tag","embeddable":true,"href":"https:\/\/chilimag.hu\/webshop\/wp-json\/wp\/v2\/product_tag?post=20862"}],"curies":[{"name":"wp","href":"https:\/\/api.w.org\/{rel}","templated":true}]}}