{"id":20852,"date":"2023-02-10T12:24:08","date_gmt":"2023-02-10T12:24:08","guid":{"rendered":"https:\/\/chilimag.hu\/webshop\/?post_type=product&#038;p=20852"},"modified":"2026-02-12T00:04:40","modified_gmt":"2026-02-12T00:04:40","slug":"paradicsom-matina-sl-ow","status":"publish","type":"product","link":"https:\/\/chilimag.hu\/webshop\/termek\/paradicsom-matina-sl-ow\/","title":{"rendered":"Paradicsom Matina SL OW"},"content":{"rendered":"","protected":false},"excerpt":{"rendered":"<p><img decoding=\"async\" class=\"active-logo\" src=\"https:\/\/b2b.seklos.lt\/themes\/warehouse\/img\/logo_en.png\" alt=\"Agrofirma S\u0117klos, UAB\" width=\"280\" height=\"95\" \/><\/p>\n<p>Korai, magas paradicsom fajta. Gy\u00fcm\u00f6lcse 90-120 g, kerek, \u00edzletes, friss felhaszn\u00e1l\u00e1sra vagy feldolgoz\u00e1sra alkalmas. Polietil\u00e9n \u00fcvegh\u00e1zakban termesztik. Forr\u00f3 ny\u00e1ron napos helyet v\u00e1lasztva szabadban is termeszthet\u0151.<br \/>\nMagok sz\u00e1ma grammonk\u00e9nt 200-300<br \/>\nSz\u00fcret VII\u2013VIII<br \/>\nNapos hely Igen<br \/>\nTermeszt\u00e9si hely \u00dcvegh\u00e1zban, Teraszon, Sz\u00e1nt\u00f3f\u00f6ld\u00f6n, Erk\u00e9lyen<br \/>\nA fajta korai ideje Korai<br \/>\n\u00d6nbeporz\u00f3 sz<br \/>\nVet\u00e9sid\u0151 \u00fcvegh\u00e1zban III\u2013IV, 2 cm<br \/>\nGy\u00e1rt\u00f3 Organic Way<br \/>\nT\u00e1vols\u00e1gok, cm 90 x 40 cm<\/p>\n<p>A csomag 0,1 gr magot tartalmaz.<\/p>\n","protected":false},"featured_media":20853,"comment_status":"closed","ping_status":"closed","template":"","meta":[],"product_brand":[],"product_cat":[354],"product_tag":[],"class_list":{"0":"post-20852","1":"product","2":"type-product","3":"status-publish","4":"has-post-thumbnail","6":"product_cat-organic-way","8":"first","9":"instock","10":"taxable","11":"shipping-taxable","12":"purchasable","13":"product-type-simple"},"_links":{"self":[{"href":"https:\/\/chilimag.hu\/webshop\/wp-json\/wp\/v2\/product\/20852","targetHints":{"allow":["GET"]}}],"collection":[{"href":"https:\/\/chilimag.hu\/webshop\/wp-json\/wp\/v2\/product"}],"about":[{"href":"https:\/\/chilimag.hu\/webshop\/wp-json\/wp\/v2\/types\/product"}],"replies":[{"embeddable":true,"href":"https:\/\/chilimag.hu\/webshop\/wp-json\/wp\/v2\/comments?post=20852"}],"wp:featuredmedia":[{"embeddable":true,"href":"https:\/\/chilimag.hu\/webshop\/wp-json\/wp\/v2\/media\/20853"}],"wp:attachment":[{"href":"https:\/\/chilimag.hu\/webshop\/wp-json\/wp\/v2\/media?parent=20852"}],"wp:term":[{"taxonomy":"product_brand","embeddable":true,"href":"https:\/\/chilimag.hu\/webshop\/wp-json\/wp\/v2\/product_brand?post=20852"},{"taxonomy":"product_cat","embeddable":true,"href":"https:\/\/chilimag.hu\/webshop\/wp-json\/wp\/v2\/product_cat?post=20852"},{"taxonomy":"product_tag","embeddable":true,"href":"https:\/\/chilimag.hu\/webshop\/wp-json\/wp\/v2\/product_tag?post=20852"}],"curies":[{"name":"wp","href":"https:\/\/api.w.org\/{rel}","templated":true}]}}