{"id":20839,"date":"2023-02-09T20:29:31","date_gmt":"2023-02-09T20:29:31","guid":{"rendered":"https:\/\/chilimag.hu\/webshop\/?post_type=product&#038;p=20839"},"modified":"2025-08-22T10:04:19","modified_gmt":"2025-08-22T10:04:19","slug":"sutotok-jack-olantern-sl-ow","status":"publish","type":"product","link":"https:\/\/chilimag.hu\/webshop\/termek\/sutotok-jack-olantern-sl-ow\/","title":{"rendered":"S\u00fct\u0151t\u00f6k Jack O&#8217;Lantern SL OW"},"content":{"rendered":"","protected":false},"excerpt":{"rendered":"<p><img decoding=\"async\" class=\"active-logo\" src=\"https:\/\/b2b.seklos.lt\/themes\/warehouse\/img\/logo_en.png\" alt=\"Agrofirma S\u0117klos, UAB\" width=\"280\" height=\"95\" \/><\/p>\n<p>Magas hozam\u00fa fajta, term\u00e9se k\u00f6zepes m\u00e9ret\u0171, ov\u00e1lis. A h\u00fas narancss\u00e1rga \u00e9s \u00e9des. A kor\u00e1bbi betakar\u00edt\u00e1s \u00e9rdek\u00e9ben a magokat cser\u00e9pben kell cs\u00edr\u00e1ztatni, majd a pal\u00e1nt\u00e1t szabadba kell \u00fcltetni. A s\u00fct\u0151t\u00f6k frissen fogyaszthat\u00f3, lehet p\u00e1rolni, f\u0151zni, s\u00fctni.<br \/>\nMagok sz\u00e1ma grammonk\u00e9nt 5<br \/>\nSz\u00fcret VII\u2013VIII<br \/>\nNapos hely Igen<br \/>\nTermeszt\u00e9si hely \u00dcvegh\u00e1zban, sz\u00e1nt\u00f3f\u00f6ld\u00f6n<br \/>\n\u00d6nbeporz\u00f3 sz<br \/>\nVet\u00e9sid\u0151 a talajban V-VI, 4 cm<br \/>\nVet\u00e9sid\u0151 \u00fcvegh\u00e1zban IV, 4 cm<br \/>\nGy\u00e1rt\u00f3 Organic Way<br \/>\nT\u00e1vols\u00e1gok, cm 70 x 60\u201370 cm<\/p>\n","protected":false},"featured_media":20840,"comment_status":"closed","ping_status":"closed","template":"","meta":[],"product_brand":[],"product_cat":[354],"product_tag":[],"class_list":{"0":"post-20839","1":"product","2":"type-product","3":"status-publish","4":"has-post-thumbnail","6":"product_cat-organic-way","8":"first","9":"instock","10":"taxable","11":"shipping-taxable","12":"purchasable","13":"product-type-simple"},"_links":{"self":[{"href":"https:\/\/chilimag.hu\/webshop\/wp-json\/wp\/v2\/product\/20839","targetHints":{"allow":["GET"]}}],"collection":[{"href":"https:\/\/chilimag.hu\/webshop\/wp-json\/wp\/v2\/product"}],"about":[{"href":"https:\/\/chilimag.hu\/webshop\/wp-json\/wp\/v2\/types\/product"}],"replies":[{"embeddable":true,"href":"https:\/\/chilimag.hu\/webshop\/wp-json\/wp\/v2\/comments?post=20839"}],"wp:featuredmedia":[{"embeddable":true,"href":"https:\/\/chilimag.hu\/webshop\/wp-json\/wp\/v2\/media\/20840"}],"wp:attachment":[{"href":"https:\/\/chilimag.hu\/webshop\/wp-json\/wp\/v2\/media?parent=20839"}],"wp:term":[{"taxonomy":"product_brand","embeddable":true,"href":"https:\/\/chilimag.hu\/webshop\/wp-json\/wp\/v2\/product_brand?post=20839"},{"taxonomy":"product_cat","embeddable":true,"href":"https:\/\/chilimag.hu\/webshop\/wp-json\/wp\/v2\/product_cat?post=20839"},{"taxonomy":"product_tag","embeddable":true,"href":"https:\/\/chilimag.hu\/webshop\/wp-json\/wp\/v2\/product_tag?post=20839"}],"curies":[{"name":"wp","href":"https:\/\/api.w.org\/{rel}","templated":true}]}}