{"id":20835,"date":"2023-02-09T20:25:30","date_gmt":"2023-02-09T20:25:30","guid":{"rendered":"https:\/\/chilimag.hu\/webshop\/?post_type=product&#038;p=20835"},"modified":"2025-08-22T09:21:19","modified_gmt":"2025-08-22T09:21:19","slug":"borsmustar-rocket-salad-sl-ow","status":"publish","type":"product","link":"https:\/\/chilimag.hu\/webshop\/termek\/borsmustar-rocket-salad-sl-ow\/","title":{"rendered":"Borsmust\u00e1r Rocket Salad SL OW"},"content":{"rendered":"","protected":false},"excerpt":{"rendered":"<p><img decoding=\"async\" class=\"active-logo\" src=\"https:\/\/b2b.seklos.lt\/themes\/warehouse\/img\/logo_en.png\" alt=\"Agrofirma S\u0117klos, UAB\" width=\"280\" height=\"95\" \/><\/p>\n<p>N\u00e9pszer\u0171 \u00e9s kedvenc cs\u00edp\u0151s \u00edz\u0171 n\u00f6v\u00e9ny, sal\u00e1t\u00e1kban \u00e9s m\u00e1s \u00e9telek kieg\u00e9sz\u00edt\u00e9sek\u00e9nt haszn\u00e1lj\u00e1k. Ny\u00e1ri, \u0151szi, t\u00e9li betakar\u00edt\u00e1sra termesztik \u2013 szabadban, cser\u00e9pben vagy t\u00e1lc\u00e1n. K\u00f6nnyen termeszthet\u0151. Csak ny\u00e1r k\u00f6zep\u00e9n nem aj\u00e1nlott vetni.<br \/>\nMagok sz\u00e1ma grammonk\u00e9nt 350-400<br \/>\nVet\u00e9sid\u0151, m\u00e9lys\u00e9g 2 cm<br \/>\n\u00dcltet\u00e9si t\u00e1vols\u00e1gok 30 x 10 cm<br \/>\nSz\u00fcret V-IX<br \/>\nNapos hely Igen<br \/>\nTermeszt\u00e9si hely Teraszon, Erk\u00e9lyen, \u00dcvegh\u00e1zban, Sz\u00e1nt\u00f3f\u00f6ld\u00f6n<br \/>\n\u00d6nbeporz\u00f3 sz<br \/>\nVet\u00e9sid\u0151 a talajban IV &#8211; VIII, 2cm<br \/>\nVet\u00e9sid\u0151 \u00fcvegh\u00e1zban II\u2013IV, 2 cm<br \/>\nGy\u00e1rt\u00f3 Organic Way<br \/>\nMagok sz\u00e1ma a csomagban, db. 350-400<br \/>\nT\u00e1vols\u00e1gok, cm 30 x 10 cm<\/p>\n","protected":false},"featured_media":20836,"comment_status":"closed","ping_status":"closed","template":"","meta":[],"product_brand":[],"product_cat":[354],"product_tag":[],"class_list":{"0":"post-20835","1":"product","2":"type-product","3":"status-publish","4":"has-post-thumbnail","6":"product_cat-organic-way","8":"first","9":"instock","10":"taxable","11":"shipping-taxable","12":"purchasable","13":"product-type-simple"},"_links":{"self":[{"href":"https:\/\/chilimag.hu\/webshop\/wp-json\/wp\/v2\/product\/20835","targetHints":{"allow":["GET"]}}],"collection":[{"href":"https:\/\/chilimag.hu\/webshop\/wp-json\/wp\/v2\/product"}],"about":[{"href":"https:\/\/chilimag.hu\/webshop\/wp-json\/wp\/v2\/types\/product"}],"replies":[{"embeddable":true,"href":"https:\/\/chilimag.hu\/webshop\/wp-json\/wp\/v2\/comments?post=20835"}],"wp:featuredmedia":[{"embeddable":true,"href":"https:\/\/chilimag.hu\/webshop\/wp-json\/wp\/v2\/media\/20836"}],"wp:attachment":[{"href":"https:\/\/chilimag.hu\/webshop\/wp-json\/wp\/v2\/media?parent=20835"}],"wp:term":[{"taxonomy":"product_brand","embeddable":true,"href":"https:\/\/chilimag.hu\/webshop\/wp-json\/wp\/v2\/product_brand?post=20835"},{"taxonomy":"product_cat","embeddable":true,"href":"https:\/\/chilimag.hu\/webshop\/wp-json\/wp\/v2\/product_cat?post=20835"},{"taxonomy":"product_tag","embeddable":true,"href":"https:\/\/chilimag.hu\/webshop\/wp-json\/wp\/v2\/product_tag?post=20835"}],"curies":[{"name":"wp","href":"https:\/\/api.w.org\/{rel}","templated":true}]}}