{"id":20829,"date":"2023-02-09T20:16:18","date_gmt":"2023-02-09T20:16:18","guid":{"rendered":"https:\/\/chilimag.hu\/webshop\/?post_type=product&#038;p=20829"},"modified":"2026-03-14T20:19:19","modified_gmt":"2026-03-14T20:19:19","slug":"bazsalikom-dark-opal-sl-ow","status":"publish","type":"product","link":"https:\/\/chilimag.hu\/webshop\/termek\/bazsalikom-dark-opal-sl-ow\/","title":{"rendered":"Bazsalikom Dark Opal SL OW"},"content":{"rendered":"","protected":false},"excerpt":{"rendered":"<p><img decoding=\"async\" class=\"logo\" src=\"https:\/\/b2b.seklos.lt\/themes\/warehouse\/img\/logo_en.png\" alt=\"Agrofirma S\u0117klos, UAB\" \/><\/p>\n<p>Illatos egyny\u00e1ri kulin\u00e1ris, gy\u00f3gy-, f\u00e1s sz\u00e1r\u00fa n\u00f6v\u00e9nyek. Emberi fogyaszt\u00e1sra friss \u00e9s sz\u00e1r\u00edtott leveleket vagy levelek \u00e9s vir\u00e1gok kellemes illat\u00fa \u00e9s keser\u0171 \u00edz\u0171 kever\u00e9k\u00e9t haszn\u00e1lj\u00e1k. Nevelhet\u0151 \u00e1gy\u00e1sban, erk\u00e9lyen vagy ablakp\u00e1rk\u00e1nyon.<br \/>\nMagok sz\u00e1ma grammonk\u00e9nt 650<br \/>\nVet\u00e9sid\u0151, m\u00e9lys\u00e9g II-III, 1 cm<br \/>\n\u00dcltet\u00e9si t\u00e1vols\u00e1gok VI,15 x 15 cm<br \/>\nSz\u00fcret III &#8211; VIII<br \/>\nNapos hely Igen<br \/>\nTermeszt\u00e9si hely Teraszon, Sz\u00e1nt\u00f3f\u00f6ld\u00f6n, Erk\u00e9lyen, \u00dcvegh\u00e1zban<br \/>\n\u00d6nbeporz\u00f3 sz<br \/>\nVet\u00e9sid\u0151 a talajban V\u2013VI, 1 cm<br \/>\nVet\u00e9sid\u0151 \u00fcvegh\u00e1zban II-V, 1 cm<br \/>\nGy\u00e1rt\u00f3 Organic Way<br \/>\nMagok sz\u00e1ma a csomagban, db. 650<br \/>\nT\u00e1vols\u00e1gok, cm 15 x 15 cm<\/p>\n","protected":false},"featured_media":20830,"comment_status":"closed","ping_status":"closed","template":"","meta":[],"product_brand":[],"product_cat":[354],"product_tag":[],"class_list":{"0":"post-20829","1":"product","2":"type-product","3":"status-publish","4":"has-post-thumbnail","6":"product_cat-organic-way","8":"first","9":"instock","10":"taxable","11":"shipping-taxable","12":"purchasable","13":"product-type-simple"},"_links":{"self":[{"href":"https:\/\/chilimag.hu\/webshop\/wp-json\/wp\/v2\/product\/20829","targetHints":{"allow":["GET"]}}],"collection":[{"href":"https:\/\/chilimag.hu\/webshop\/wp-json\/wp\/v2\/product"}],"about":[{"href":"https:\/\/chilimag.hu\/webshop\/wp-json\/wp\/v2\/types\/product"}],"replies":[{"embeddable":true,"href":"https:\/\/chilimag.hu\/webshop\/wp-json\/wp\/v2\/comments?post=20829"}],"wp:featuredmedia":[{"embeddable":true,"href":"https:\/\/chilimag.hu\/webshop\/wp-json\/wp\/v2\/media\/20830"}],"wp:attachment":[{"href":"https:\/\/chilimag.hu\/webshop\/wp-json\/wp\/v2\/media?parent=20829"}],"wp:term":[{"taxonomy":"product_brand","embeddable":true,"href":"https:\/\/chilimag.hu\/webshop\/wp-json\/wp\/v2\/product_brand?post=20829"},{"taxonomy":"product_cat","embeddable":true,"href":"https:\/\/chilimag.hu\/webshop\/wp-json\/wp\/v2\/product_cat?post=20829"},{"taxonomy":"product_tag","embeddable":true,"href":"https:\/\/chilimag.hu\/webshop\/wp-json\/wp\/v2\/product_tag?post=20829"}],"curies":[{"name":"wp","href":"https:\/\/api.w.org\/{rel}","templated":true}]}}