{"id":20825,"date":"2023-02-09T20:12:23","date_gmt":"2023-02-09T20:12:23","guid":{"rendered":"https:\/\/chilimag.hu\/webshop\/?post_type=product&#038;p=20825"},"modified":"2026-02-06T19:35:00","modified_gmt":"2026-02-06T19:35:00","slug":"kamilla-sl-ow","status":"publish","type":"product","link":"https:\/\/chilimag.hu\/webshop\/termek\/kamilla-sl-ow\/","title":{"rendered":"Kamilla SL OW"},"content":{"rendered":"","protected":false},"excerpt":{"rendered":"<p><img decoding=\"async\" class=\"active-logo\" src=\"https:\/\/b2b.seklos.lt\/themes\/warehouse\/img\/logo_en.png\" alt=\"Agrofirma S\u0117klos, UAB\" width=\"280\" height=\"95\" \/><\/p>\n<p>Egyny\u00e1ri gy\u00f3gy-, d\u00edsz-, f\u00e1s sz\u00e1r\u00fa gy\u00f3gyn\u00f6v\u00e9nyek. A leszedett vir\u00e1gokat azonnal meg kell sz\u00e1r\u00edtani, mert csak a j\u00f3l sz\u00e1r\u00edtott vir\u00e1goknak van gazdag arom\u00e1juk. K\u00f6nny\u0171, j\u00f3l megm\u0171velt, gyommentes talajon termeszthet\u0151 a legjobban.<br \/>\nMagok sz\u00e1ma grammonk\u00e9nt 16000<br \/>\nVet\u00e9sid\u0151, m\u00e9lys\u00e9g 0 cm<br \/>\n\u00dcltet\u00e9si t\u00e1vols\u00e1gok 7 x 7 cm<br \/>\nVir\u00e1gz\u00e1si id\u0151, magass\u00e1g VIII, 40 cm<br \/>\nNapos hely Igen<br \/>\nTerm\u0151f\u00f6ld<br \/>\n\u00d6nbeporz\u00f3 sz<br \/>\nVet\u00e9sid\u0151 a talajban IV-V, 0 cm<br \/>\nGy\u00e1rt\u00f3 Organic Way<br \/>\nMagok sz\u00e1ma a csomagban, db. 16000<br \/>\nVir\u00e1gzik, magass\u00e1ga VIII, 40 cm<br \/>\nT\u00e1vols\u00e1gok, cm 7&#215;7 cm<\/p>\n","protected":false},"featured_media":20826,"comment_status":"closed","ping_status":"closed","template":"","meta":[],"product_brand":[],"product_cat":[354],"product_tag":[],"class_list":{"0":"post-20825","1":"product","2":"type-product","3":"status-publish","4":"has-post-thumbnail","6":"product_cat-organic-way","8":"first","9":"instock","10":"taxable","11":"shipping-taxable","12":"purchasable","13":"product-type-simple"},"_links":{"self":[{"href":"https:\/\/chilimag.hu\/webshop\/wp-json\/wp\/v2\/product\/20825","targetHints":{"allow":["GET"]}}],"collection":[{"href":"https:\/\/chilimag.hu\/webshop\/wp-json\/wp\/v2\/product"}],"about":[{"href":"https:\/\/chilimag.hu\/webshop\/wp-json\/wp\/v2\/types\/product"}],"replies":[{"embeddable":true,"href":"https:\/\/chilimag.hu\/webshop\/wp-json\/wp\/v2\/comments?post=20825"}],"wp:featuredmedia":[{"embeddable":true,"href":"https:\/\/chilimag.hu\/webshop\/wp-json\/wp\/v2\/media\/20826"}],"wp:attachment":[{"href":"https:\/\/chilimag.hu\/webshop\/wp-json\/wp\/v2\/media?parent=20825"}],"wp:term":[{"taxonomy":"product_brand","embeddable":true,"href":"https:\/\/chilimag.hu\/webshop\/wp-json\/wp\/v2\/product_brand?post=20825"},{"taxonomy":"product_cat","embeddable":true,"href":"https:\/\/chilimag.hu\/webshop\/wp-json\/wp\/v2\/product_cat?post=20825"},{"taxonomy":"product_tag","embeddable":true,"href":"https:\/\/chilimag.hu\/webshop\/wp-json\/wp\/v2\/product_tag?post=20825"}],"curies":[{"name":"wp","href":"https:\/\/api.w.org\/{rel}","templated":true}]}}