{"id":20823,"date":"2023-02-09T20:10:22","date_gmt":"2023-02-09T20:10:22","guid":{"rendered":"https:\/\/chilimag.hu\/webshop\/?post_type=product&#038;p=20823"},"modified":"2025-08-22T09:44:54","modified_gmt":"2025-08-22T09:44:54","slug":"nyari-virag-keverek-mix-summer-sl-ow","status":"publish","type":"product","link":"https:\/\/chilimag.hu\/webshop\/termek\/nyari-virag-keverek-mix-summer-sl-ow\/","title":{"rendered":"Ny\u00e1ri vir\u00e1g kever\u00e9k Mix Summer SL OW"},"content":{"rendered":"","protected":false},"excerpt":{"rendered":"<p><img decoding=\"async\" class=\"active-logo\" src=\"https:\/\/b2b.seklos.lt\/themes\/warehouse\/img\/logo_en.png\" alt=\"Agrofirma S\u0117klos, UAB\" width=\"280\" height=\"95\" \/><\/p>\n<p>Sz\u00ednes vir\u00e1gkever\u00e9k ny\u00e1ri vir\u00e1gos kertekbe, vir\u00e1gcser\u00e9pben termeszthet\u0151. Az illatos \u00e9s \u00e9l\u00e9nk sz\u00edn\u0171 vir\u00e1gz\u00e1s vonzza a m\u00e9heket \u00e9s a pillang\u00f3kat a vir\u00e1goskertbe. A magokat k\u00f6zvetlen\u00fcl a vir\u00e1goskertbe vethetj\u00fck. A termeszt\u00e9shez napos helyet, v\u00edz- \u00e9s leveg\u0151\u00e1tereszt\u0151 talajt kell v\u00e1lasztani.<br \/>\nS\u00faly 2 g<br \/>\nVet\u00e9sid\u0151, m\u00e9lys\u00e9g II-III, 1 cm<br \/>\n\u00dcltet\u00e9si t\u00e1vols\u00e1gok 10 x 10 cm<br \/>\nVir\u00e1gz\u00e1si id\u0151, magass\u00e1g VI-IX, 50-90 cm<br \/>\nF\u00e9l\u00e1rny\u00e9k X<br \/>\nVet\u00e9sid\u0151 a talajban V-VI, X<br \/>\nGy\u00e1rt\u00f3 Organic Way<br \/>\nMagok sz\u00e1ma a csomagban, db. 250<br \/>\nVir\u00e1gzik, VI-IX magass\u00e1g, 50-90 cm<\/p>\n","protected":false},"featured_media":20824,"comment_status":"closed","ping_status":"closed","template":"","meta":[],"product_brand":[],"product_cat":[354],"product_tag":[],"class_list":{"0":"post-20823","1":"product","2":"type-product","3":"status-publish","4":"has-post-thumbnail","6":"product_cat-organic-way","8":"first","9":"instock","10":"taxable","11":"shipping-taxable","12":"purchasable","13":"product-type-simple"},"_links":{"self":[{"href":"https:\/\/chilimag.hu\/webshop\/wp-json\/wp\/v2\/product\/20823","targetHints":{"allow":["GET"]}}],"collection":[{"href":"https:\/\/chilimag.hu\/webshop\/wp-json\/wp\/v2\/product"}],"about":[{"href":"https:\/\/chilimag.hu\/webshop\/wp-json\/wp\/v2\/types\/product"}],"replies":[{"embeddable":true,"href":"https:\/\/chilimag.hu\/webshop\/wp-json\/wp\/v2\/comments?post=20823"}],"wp:featuredmedia":[{"embeddable":true,"href":"https:\/\/chilimag.hu\/webshop\/wp-json\/wp\/v2\/media\/20824"}],"wp:attachment":[{"href":"https:\/\/chilimag.hu\/webshop\/wp-json\/wp\/v2\/media?parent=20823"}],"wp:term":[{"taxonomy":"product_brand","embeddable":true,"href":"https:\/\/chilimag.hu\/webshop\/wp-json\/wp\/v2\/product_brand?post=20823"},{"taxonomy":"product_cat","embeddable":true,"href":"https:\/\/chilimag.hu\/webshop\/wp-json\/wp\/v2\/product_cat?post=20823"},{"taxonomy":"product_tag","embeddable":true,"href":"https:\/\/chilimag.hu\/webshop\/wp-json\/wp\/v2\/product_tag?post=20823"}],"curies":[{"name":"wp","href":"https:\/\/api.w.org\/{rel}","templated":true}]}}