{"id":20821,"date":"2023-02-09T20:07:54","date_gmt":"2023-02-09T20:07:54","guid":{"rendered":"https:\/\/chilimag.hu\/webshop\/?post_type=product&#038;p=20821"},"modified":"2026-02-04T13:50:21","modified_gmt":"2026-02-04T13:50:21","slug":"borso-telephone-nain-sl-ow","status":"publish","type":"product","link":"https:\/\/chilimag.hu\/webshop\/termek\/borso-telephone-nain-sl-ow\/","title":{"rendered":"Bors\u00f3 T\u00e9l\u00e9phone Nain SL OW"},"content":{"rendered":"","protected":false},"excerpt":{"rendered":"<p><img decoding=\"async\" class=\"logo\" src=\"https:\/\/b2b.seklos.lt\/themes\/warehouse\/img\/logo_en.png\" alt=\"Agrofirma S\u0117klos, UAB\" \/><\/p>\n<p>Korai fajta, amelyet \u00e1gy\u00e1sban \u00e9s vir\u00e1gcser\u00e9pben termesztenek. A n\u00f6v\u00e9nyek 60 cm-re n\u0151nek, a h\u00fcvelyek 11 cm hossz\u00faak, finom bors\u00f3. Frissen fogyaszthat\u00f3, de a legalkalmasabbak fagyaszt\u00e1sra \u00e9s bef\u0151z\u00e9sre. A bors\u00f3t nedvess\u00e9gmegtart\u00f3 v\u00e1lyog- \u00e9s agyagos talajban termesztik.<br \/>\nVet\u00e9sid\u0151, m\u00e9lys\u00e9g V-VI, 4 cm<br \/>\n\u00dcltet\u00e9si t\u00e1vols\u00e1gok 40 x 5 cm<br \/>\nSz\u00fcret VI\u2013VII<br \/>\nVet\u00e9sid\u0151 a talajban III\u2013IV<br \/>\nGy\u00e1rt\u00f3 Organic Way<br \/>\nMagok sz\u00e1ma a csomagban, db. 3-6<\/p>\n<p>A csomag 8 gr magot \u00a0tartalmaz<\/p>\n","protected":false},"featured_media":20822,"comment_status":"closed","ping_status":"closed","template":"","meta":[],"product_brand":[],"product_cat":[354],"product_tag":[],"class_list":{"0":"post-20821","1":"product","2":"type-product","3":"status-publish","4":"has-post-thumbnail","6":"product_cat-organic-way","8":"first","9":"instock","10":"taxable","11":"shipping-taxable","12":"purchasable","13":"product-type-simple"},"_links":{"self":[{"href":"https:\/\/chilimag.hu\/webshop\/wp-json\/wp\/v2\/product\/20821","targetHints":{"allow":["GET"]}}],"collection":[{"href":"https:\/\/chilimag.hu\/webshop\/wp-json\/wp\/v2\/product"}],"about":[{"href":"https:\/\/chilimag.hu\/webshop\/wp-json\/wp\/v2\/types\/product"}],"replies":[{"embeddable":true,"href":"https:\/\/chilimag.hu\/webshop\/wp-json\/wp\/v2\/comments?post=20821"}],"wp:featuredmedia":[{"embeddable":true,"href":"https:\/\/chilimag.hu\/webshop\/wp-json\/wp\/v2\/media\/20822"}],"wp:attachment":[{"href":"https:\/\/chilimag.hu\/webshop\/wp-json\/wp\/v2\/media?parent=20821"}],"wp:term":[{"taxonomy":"product_brand","embeddable":true,"href":"https:\/\/chilimag.hu\/webshop\/wp-json\/wp\/v2\/product_brand?post=20821"},{"taxonomy":"product_cat","embeddable":true,"href":"https:\/\/chilimag.hu\/webshop\/wp-json\/wp\/v2\/product_cat?post=20821"},{"taxonomy":"product_tag","embeddable":true,"href":"https:\/\/chilimag.hu\/webshop\/wp-json\/wp\/v2\/product_tag?post=20821"}],"curies":[{"name":"wp","href":"https:\/\/api.w.org\/{rel}","templated":true}]}}