{"id":20817,"date":"2023-02-09T20:02:38","date_gmt":"2023-02-09T20:02:38","guid":{"rendered":"https:\/\/chilimag.hu\/webshop\/?post_type=product&#038;p=20817"},"modified":"2026-02-15T13:53:08","modified_gmt":"2026-02-15T13:53:08","slug":"spenot-matador-sl-ow","status":"publish","type":"product","link":"https:\/\/chilimag.hu\/webshop\/termek\/spenot-matador-sl-ow\/","title":{"rendered":"Spen\u00f3t Matador SL OW"},"content":{"rendered":"","protected":false},"excerpt":{"rendered":"<p><img decoding=\"async\" class=\"logo\" src=\"https:\/\/b2b.seklos.lt\/themes\/warehouse\/img\/logo_en.png\" alt=\"Agrofirma S\u0117klos, UAB\" \/><\/p>\n<p>A z\u00f6ld levelekb\u0151l sal\u00e1t\u00e1kat, zabk\u00e1s\u00e1t, leveseket k\u00e9sz\u00edtenek, bef\u0151zhet\u0151 t\u00e9li haszn\u00e1latra. Kora tavasszal vetve, ha a forr\u00f3 id\u0151szakban (ny\u00e1r k\u00f6zep\u00e9n) vetik &#8211; gyenge lesz a betakar\u00edt\u00e1s. A korai spen\u00f3t betakar\u00edt\u00e1s \u00e9rdek\u00e9ben \u0151sszel kell vetni.<br \/>\nVet\u00e9sid\u0151, m\u00e9lys\u00e9g 3 cm<br \/>\n\u00dcltet\u00e9si t\u00e1vols\u00e1gok 15 x 10 cm<br \/>\nSz\u00fcret IV\u2013V, IX\u2013X<br \/>\nVet\u00e9sid\u0151 a talajban III\u2013IV, VIII\u2013IX<br \/>\nGy\u00e1rt\u00f3 Organic Way<br \/>\nMagok sz\u00e1ma a csomagban, db. 70-90<\/p>\n","protected":false},"featured_media":20818,"comment_status":"closed","ping_status":"closed","template":"","meta":[],"product_brand":[],"product_cat":[354],"product_tag":[],"class_list":{"0":"post-20817","1":"product","2":"type-product","3":"status-publish","4":"has-post-thumbnail","6":"product_cat-organic-way","8":"first","9":"instock","10":"taxable","11":"shipping-taxable","12":"purchasable","13":"product-type-simple"},"_links":{"self":[{"href":"https:\/\/chilimag.hu\/webshop\/wp-json\/wp\/v2\/product\/20817","targetHints":{"allow":["GET"]}}],"collection":[{"href":"https:\/\/chilimag.hu\/webshop\/wp-json\/wp\/v2\/product"}],"about":[{"href":"https:\/\/chilimag.hu\/webshop\/wp-json\/wp\/v2\/types\/product"}],"replies":[{"embeddable":true,"href":"https:\/\/chilimag.hu\/webshop\/wp-json\/wp\/v2\/comments?post=20817"}],"wp:featuredmedia":[{"embeddable":true,"href":"https:\/\/chilimag.hu\/webshop\/wp-json\/wp\/v2\/media\/20818"}],"wp:attachment":[{"href":"https:\/\/chilimag.hu\/webshop\/wp-json\/wp\/v2\/media?parent=20817"}],"wp:term":[{"taxonomy":"product_brand","embeddable":true,"href":"https:\/\/chilimag.hu\/webshop\/wp-json\/wp\/v2\/product_brand?post=20817"},{"taxonomy":"product_cat","embeddable":true,"href":"https:\/\/chilimag.hu\/webshop\/wp-json\/wp\/v2\/product_cat?post=20817"},{"taxonomy":"product_tag","embeddable":true,"href":"https:\/\/chilimag.hu\/webshop\/wp-json\/wp\/v2\/product_tag?post=20817"}],"curies":[{"name":"wp","href":"https:\/\/api.w.org\/{rel}","templated":true}]}}