{"id":20815,"date":"2023-02-09T19:53:22","date_gmt":"2023-02-09T19:53:22","guid":{"rendered":"https:\/\/chilimag.hu\/webshop\/?post_type=product&#038;p=20815"},"modified":"2025-08-22T09:56:04","modified_gmt":"2025-08-22T09:56:04","slug":"salata-kagraner-sommer-2-sl-ow","status":"publish","type":"product","link":"https:\/\/chilimag.hu\/webshop\/termek\/salata-kagraner-sommer-2-sl-ow\/","title":{"rendered":"Sal\u00e1ta Kagraner Sommer 2 SL OW"},"content":{"rendered":"","protected":false},"excerpt":{"rendered":"<p><img decoding=\"async\" class=\"logo\" src=\"https:\/\/b2b.seklos.lt\/themes\/warehouse\/img\/logo_en.png\" alt=\"Agrofirma S\u0117klos, UAB\" \/><\/p>\n<p>Korai cip\u00f3s sal\u00e1ta fajta. M\u00e1s n\u00e9ven vajfej t\u00edpus. M\u0171anyag \u00fcvegh\u00e1zakban \u00e9s szabadban termesztik. A j\u00f3 min\u0151s\u00e9g\u0171 betakar\u00edt\u00e1s \u00e9rdek\u00e9ben aj\u00e1nlott pal\u00e1nt\u00e1kat \u00fcltetni. Laza, term\u00e9keny talajban fejl\u0151dik a legjobban.<br \/>\nVet\u00e9sid\u0151, m\u00e9lys\u00e9g III-IV, 0,5 cm<br \/>\n\u00dcltet\u00e9si t\u00e1vols\u00e1gok IV-V, 20 x 25 cm<br \/>\nSz\u00fcret V\u2013IX<br \/>\nVet\u00e9sid\u0151 a talajban IV\u2013VII, X<br \/>\nVet\u00e9sid\u0151 \u00fcvegh\u00e1zban III\u2013IV<br \/>\nGy\u00e1rt\u00f3 Organic Way<br \/>\nMagok sz\u00e1ma a csomagban, db. 800-1100<\/p>\n","protected":false},"featured_media":20816,"comment_status":"closed","ping_status":"closed","template":"","meta":[],"product_brand":[],"product_cat":[354],"product_tag":[],"class_list":{"0":"post-20815","1":"product","2":"type-product","3":"status-publish","4":"has-post-thumbnail","6":"product_cat-organic-way","8":"first","9":"instock","10":"taxable","11":"shipping-taxable","12":"purchasable","13":"product-type-simple"},"_links":{"self":[{"href":"https:\/\/chilimag.hu\/webshop\/wp-json\/wp\/v2\/product\/20815","targetHints":{"allow":["GET"]}}],"collection":[{"href":"https:\/\/chilimag.hu\/webshop\/wp-json\/wp\/v2\/product"}],"about":[{"href":"https:\/\/chilimag.hu\/webshop\/wp-json\/wp\/v2\/types\/product"}],"replies":[{"embeddable":true,"href":"https:\/\/chilimag.hu\/webshop\/wp-json\/wp\/v2\/comments?post=20815"}],"wp:featuredmedia":[{"embeddable":true,"href":"https:\/\/chilimag.hu\/webshop\/wp-json\/wp\/v2\/media\/20816"}],"wp:attachment":[{"href":"https:\/\/chilimag.hu\/webshop\/wp-json\/wp\/v2\/media?parent=20815"}],"wp:term":[{"taxonomy":"product_brand","embeddable":true,"href":"https:\/\/chilimag.hu\/webshop\/wp-json\/wp\/v2\/product_brand?post=20815"},{"taxonomy":"product_cat","embeddable":true,"href":"https:\/\/chilimag.hu\/webshop\/wp-json\/wp\/v2\/product_cat?post=20815"},{"taxonomy":"product_tag","embeddable":true,"href":"https:\/\/chilimag.hu\/webshop\/wp-json\/wp\/v2\/product_tag?post=20815"}],"curies":[{"name":"wp","href":"https:\/\/api.w.org\/{rel}","templated":true}]}}