{"id":20806,"date":"2023-02-09T19:42:58","date_gmt":"2023-02-09T19:42:58","guid":{"rendered":"https:\/\/chilimag.hu\/webshop\/?post_type=product&#038;p=20806"},"modified":"2026-02-02T15:20:02","modified_gmt":"2026-02-02T15:20:02","slug":"bab-francia-dior-sl-ow","status":"publish","type":"product","link":"https:\/\/chilimag.hu\/webshop\/termek\/bab-francia-dior-sl-ow\/","title":{"rendered":"Bab Francia Dior SL OW"},"content":{"rendered":"","protected":false},"excerpt":{"rendered":"<p><img decoding=\"async\" class=\"active-logo\" src=\"https:\/\/b2b.seklos.lt\/themes\/warehouse\/img\/logo_en.png\" alt=\"Agrofirma S\u0117klos, UAB\" width=\"280\" height=\"95\" \/><\/p>\n<p>K\u00fcl\u00f6nf\u00e9le sp\u00e1rgabab. 60 nap alatt n\u0151. A n\u00f6v\u00e9nyek 50 cm magasak, h\u00fcvelyei s\u00e1rg\u00e1k, legfeljebb 14 cm hossz\u00faak. Friss fogyaszt\u00e1sra, fagyaszt\u00e1sra vagy feldolgoz\u00e1sra haszn\u00e1lhat\u00f3. Legjobb napos helyen, k\u00f6nny\u0171 vagy k\u00f6zepesen neh\u00e9z talajban termeszteni, amely laza \u00e9s j\u00f3l m\u0171velt.<br \/>\n\u00d6kol\u00f3giai term\u00e9k \u00d6kol\u00f3giai<br \/>\nA fajta korai ideje Korai<br \/>\nKiszerel\u00e9s egy csomagban 7 g<br \/>\nMagok sz\u00e1ma grammonk\u00e9nt 3-jan<br \/>\nMagok sz\u00e1ma a csomagban, db. 1-3<br \/>\nVet\u00e9sid\u0151, m\u00e9lys\u00e9g V-VI, 4 cm<br \/>\nVet\u00e9sid\u0151 a talajban V\u2013VI<br \/>\nT\u00e1vols\u00e1gok, cm 40 x 8 cm<br \/>\n\u00dcltet\u00e9si t\u00e1vols\u00e1gok 40 x 8 cm<br \/>\nN\u00f6v\u00e9nymagass\u00e1g T\u00f6rp\u00e9k<br \/>\nSz\u00fcret VII\u2013IX<br \/>\nBrand Organic Way<br \/>\nNapos hely Igen<\/p>\n","protected":false},"featured_media":20807,"comment_status":"closed","ping_status":"closed","template":"","meta":[],"product_brand":[],"product_cat":[354],"product_tag":[],"class_list":{"0":"post-20806","1":"product","2":"type-product","3":"status-publish","4":"has-post-thumbnail","6":"product_cat-organic-way","8":"first","9":"instock","10":"taxable","11":"shipping-taxable","12":"purchasable","13":"product-type-simple"},"_links":{"self":[{"href":"https:\/\/chilimag.hu\/webshop\/wp-json\/wp\/v2\/product\/20806","targetHints":{"allow":["GET"]}}],"collection":[{"href":"https:\/\/chilimag.hu\/webshop\/wp-json\/wp\/v2\/product"}],"about":[{"href":"https:\/\/chilimag.hu\/webshop\/wp-json\/wp\/v2\/types\/product"}],"replies":[{"embeddable":true,"href":"https:\/\/chilimag.hu\/webshop\/wp-json\/wp\/v2\/comments?post=20806"}],"wp:featuredmedia":[{"embeddable":true,"href":"https:\/\/chilimag.hu\/webshop\/wp-json\/wp\/v2\/media\/20807"}],"wp:attachment":[{"href":"https:\/\/chilimag.hu\/webshop\/wp-json\/wp\/v2\/media?parent=20806"}],"wp:term":[{"taxonomy":"product_brand","embeddable":true,"href":"https:\/\/chilimag.hu\/webshop\/wp-json\/wp\/v2\/product_brand?post=20806"},{"taxonomy":"product_cat","embeddable":true,"href":"https:\/\/chilimag.hu\/webshop\/wp-json\/wp\/v2\/product_cat?post=20806"},{"taxonomy":"product_tag","embeddable":true,"href":"https:\/\/chilimag.hu\/webshop\/wp-json\/wp\/v2\/product_tag?post=20806"}],"curies":[{"name":"wp","href":"https:\/\/api.w.org\/{rel}","templated":true}]}}