{"id":20804,"date":"2023-02-09T19:40:51","date_gmt":"2023-02-09T19:40:51","guid":{"rendered":"https:\/\/chilimag.hu\/webshop\/?post_type=product&#038;p=20804"},"modified":"2026-02-16T16:53:26","modified_gmt":"2026-02-16T16:53:26","slug":"bab-szarazbab-borlotto-lingua-di-fouco-nano-sl-ow","status":"publish","type":"product","link":"https:\/\/chilimag.hu\/webshop\/termek\/bab-szarazbab-borlotto-lingua-di-fouco-nano-sl-ow\/","title":{"rendered":"Bab (Sz\u00e1razbab) Borlotto Lingua Di Fouco Nano SL OW"},"content":{"rendered":"","protected":false},"excerpt":{"rendered":"<p><img decoding=\"async\" class=\"active-logo\" src=\"https:\/\/b2b.seklos.lt\/themes\/warehouse\/img\/logo_en.png\" alt=\"Agrofirma S\u0117klos, UAB\" width=\"280\" height=\"95\" \/><\/p>\n<p>K\u00f6zepesen korai, term\u00e9keny h\u00e9jas babfajta. A h\u00fcvelyek nagyok, s\u00e1rg\u00e1s sz\u00edn\u0171ek, piros cs\u00edkokkal. A friss magok feh\u00e9rek \u00e9s v\u00f6r\u00f6sek, sz\u00e1r\u00edtva s\u00e1rg\u00e1sak, cseresznyesz\u00edn\u0171 cs\u00edkokkal. Felhaszn\u00e1lhat\u00f3 frissen, s\u00fctve, f\u0151zve, bef\u0151zve. A legjobban k\u00f6nny\u0171 vagy k\u00f6zepes, j\u00f3l m\u0171velt, laza talajban n\u0151.<br \/>\nVet\u00e9sid\u0151, m\u00e9lys\u00e9g V-VI, 4 cm<br \/>\n\u00dcltet\u00e9si t\u00e1vols\u00e1gok 40 x 8 cm<br \/>\nSz\u00fcret VII\u2013IX<br \/>\nVet\u00e9sid\u0151 a talajban V\u2013VI<br \/>\nGy\u00e1rt\u00f3 Organic Way<br \/>\nMagok sz\u00e1ma a csomagban, db. 1-3<\/p>\n","protected":false},"featured_media":20805,"comment_status":"closed","ping_status":"closed","template":"","meta":[],"product_brand":[],"product_cat":[354],"product_tag":[],"class_list":{"0":"post-20804","1":"product","2":"type-product","3":"status-publish","4":"has-post-thumbnail","6":"product_cat-organic-way","8":"first","9":"instock","10":"taxable","11":"shipping-taxable","12":"purchasable","13":"product-type-simple"},"_links":{"self":[{"href":"https:\/\/chilimag.hu\/webshop\/wp-json\/wp\/v2\/product\/20804","targetHints":{"allow":["GET"]}}],"collection":[{"href":"https:\/\/chilimag.hu\/webshop\/wp-json\/wp\/v2\/product"}],"about":[{"href":"https:\/\/chilimag.hu\/webshop\/wp-json\/wp\/v2\/types\/product"}],"replies":[{"embeddable":true,"href":"https:\/\/chilimag.hu\/webshop\/wp-json\/wp\/v2\/comments?post=20804"}],"wp:featuredmedia":[{"embeddable":true,"href":"https:\/\/chilimag.hu\/webshop\/wp-json\/wp\/v2\/media\/20805"}],"wp:attachment":[{"href":"https:\/\/chilimag.hu\/webshop\/wp-json\/wp\/v2\/media?parent=20804"}],"wp:term":[{"taxonomy":"product_brand","embeddable":true,"href":"https:\/\/chilimag.hu\/webshop\/wp-json\/wp\/v2\/product_brand?post=20804"},{"taxonomy":"product_cat","embeddable":true,"href":"https:\/\/chilimag.hu\/webshop\/wp-json\/wp\/v2\/product_cat?post=20804"},{"taxonomy":"product_tag","embeddable":true,"href":"https:\/\/chilimag.hu\/webshop\/wp-json\/wp\/v2\/product_tag?post=20804"}],"curies":[{"name":"wp","href":"https:\/\/api.w.org\/{rel}","templated":true}]}}