{"id":20802,"date":"2023-02-09T19:38:04","date_gmt":"2023-02-09T19:38:04","guid":{"rendered":"https:\/\/chilimag.hu\/webshop\/?post_type=product&#038;p=20802"},"modified":"2025-12-29T13:39:24","modified_gmt":"2025-12-29T13:39:24","slug":"petrezselyem-moskrul-2-sl-ow","status":"publish","type":"product","link":"https:\/\/chilimag.hu\/webshop\/termek\/petrezselyem-moskrul-2-sl-ow\/","title":{"rendered":"Petrezselyem Moskrul 2 SL OW"},"content":{"rendered":"","protected":false},"excerpt":{"rendered":"<p><img decoding=\"async\" class=\"active-logo\" src=\"https:\/\/b2b.seklos.lt\/themes\/warehouse\/img\/logo_en.png\" alt=\"Agrofirma S\u0117klos, UAB\" width=\"280\" height=\"95\" \/><\/p>\n<p>\u00c1gy\u00e1sban vagy ablakp\u00e1rk\u00e1nyon termesztett fajta tavaszt\u00f3l \u0151szig. A levelek vastagok, g\u00f6nd\u00f6rek, s\u00f6t\u00e9tz\u00f6ldek. Frissen fogyaszthat\u00f3, fagyaszt\u00e1sra, sz\u00e1r\u00edt\u00e1sra alkalmas. A legjobban term\u00e9keny, gyommentes talajban termeszthet\u0151.<br \/>\nVet\u00e9sid\u0151, m\u00e9lys\u00e9g 2 cm<br \/>\n\u00dcltet\u00e9si t\u00e1vols\u00e1gok 20 x 7 cm<br \/>\nSz\u00fcret V-X<br \/>\nVet\u00e9sid\u0151 a talajban IV-V, X<br \/>\nVet\u00e9sid\u0151 \u00fcvegh\u00e1zban III<br \/>\nGy\u00e1rt\u00f3 Organic Way<br \/>\nMagok sz\u00e1ma a csomagban, db. 500-1000<\/p>\n","protected":false},"featured_media":20803,"comment_status":"closed","ping_status":"closed","template":"","meta":[],"product_brand":[],"product_cat":[354],"product_tag":[],"class_list":{"0":"post-20802","1":"product","2":"type-product","3":"status-publish","4":"has-post-thumbnail","6":"product_cat-organic-way","8":"first","9":"instock","10":"taxable","11":"shipping-taxable","12":"purchasable","13":"product-type-simple"},"_links":{"self":[{"href":"https:\/\/chilimag.hu\/webshop\/wp-json\/wp\/v2\/product\/20802","targetHints":{"allow":["GET"]}}],"collection":[{"href":"https:\/\/chilimag.hu\/webshop\/wp-json\/wp\/v2\/product"}],"about":[{"href":"https:\/\/chilimag.hu\/webshop\/wp-json\/wp\/v2\/types\/product"}],"replies":[{"embeddable":true,"href":"https:\/\/chilimag.hu\/webshop\/wp-json\/wp\/v2\/comments?post=20802"}],"wp:featuredmedia":[{"embeddable":true,"href":"https:\/\/chilimag.hu\/webshop\/wp-json\/wp\/v2\/media\/20803"}],"wp:attachment":[{"href":"https:\/\/chilimag.hu\/webshop\/wp-json\/wp\/v2\/media?parent=20802"}],"wp:term":[{"taxonomy":"product_brand","embeddable":true,"href":"https:\/\/chilimag.hu\/webshop\/wp-json\/wp\/v2\/product_brand?post=20802"},{"taxonomy":"product_cat","embeddable":true,"href":"https:\/\/chilimag.hu\/webshop\/wp-json\/wp\/v2\/product_cat?post=20802"},{"taxonomy":"product_tag","embeddable":true,"href":"https:\/\/chilimag.hu\/webshop\/wp-json\/wp\/v2\/product_tag?post=20802"}],"curies":[{"name":"wp","href":"https:\/\/api.w.org\/{rel}","templated":true}]}}