{"id":20795,"date":"2023-02-09T19:20:02","date_gmt":"2023-02-09T19:20:02","guid":{"rendered":"https:\/\/chilimag.hu\/webshop\/?post_type=product&#038;p=20795"},"modified":"2026-02-16T16:52:44","modified_gmt":"2026-02-16T16:52:44","slug":"paprika-cayenne-long-slim-sl-ow","status":"publish","type":"product","link":"https:\/\/chilimag.hu\/webshop\/termek\/paprika-cayenne-long-slim-sl-ow\/","title":{"rendered":"Paprika Cayenne long Slim SL OW"},"content":{"rendered":"","protected":false},"excerpt":{"rendered":"<p><img decoding=\"async\" class=\"active-logo\" src=\"https:\/\/b2b.seklos.lt\/themes\/warehouse\/img\/logo_en.png\" alt=\"Agrofirma S\u0117klos, UAB\" width=\"280\" height=\"95\" \/><\/p>\n<p>Korai, f\u0171szeres fajta, gy\u00fcm\u00f6lcsei z\u00f6ld \u00e9s piros sz\u00edn\u0171ek, \u00edz\u00fck gazdag. Friss fogyaszt\u00e1sra, bef\u0151z\u00e9sre alkalmas, a gy\u00fcm\u00f6lcs\u00f6k sz\u00e1r\u00edthat\u00f3k. \u00dcvegh\u00e1zakban, t\u00e9likertben termeszthet\u0151, meleg ny\u00e1r eset\u00e9n kint termesztve b\u0151s\u00e9ges.<br \/>\nVet\u00e9sid\u0151, m\u00e9lys\u00e9g II-III, 1 cm<br \/>\n\u00dcltet\u00e9si t\u00e1vols\u00e1gok V\u2013VI, 40 x 40 cm<br \/>\nSz\u00fcret VIII<br \/>\nVet\u00e9sid\u0151 \u00fcvegh\u00e1zban III-IV<br \/>\nGy\u00e1rt\u00f3 Organic Way<br \/>\nMagok sz\u00e1ma a csomagban, db. 130<\/p>\n","protected":false},"featured_media":20797,"comment_status":"closed","ping_status":"closed","template":"","meta":[],"product_brand":[],"product_cat":[354],"product_tag":[],"class_list":{"0":"post-20795","1":"product","2":"type-product","3":"status-publish","4":"has-post-thumbnail","6":"product_cat-organic-way","8":"first","9":"instock","10":"taxable","11":"shipping-taxable","12":"purchasable","13":"product-type-simple"},"_links":{"self":[{"href":"https:\/\/chilimag.hu\/webshop\/wp-json\/wp\/v2\/product\/20795","targetHints":{"allow":["GET"]}}],"collection":[{"href":"https:\/\/chilimag.hu\/webshop\/wp-json\/wp\/v2\/product"}],"about":[{"href":"https:\/\/chilimag.hu\/webshop\/wp-json\/wp\/v2\/types\/product"}],"replies":[{"embeddable":true,"href":"https:\/\/chilimag.hu\/webshop\/wp-json\/wp\/v2\/comments?post=20795"}],"wp:featuredmedia":[{"embeddable":true,"href":"https:\/\/chilimag.hu\/webshop\/wp-json\/wp\/v2\/media\/20797"}],"wp:attachment":[{"href":"https:\/\/chilimag.hu\/webshop\/wp-json\/wp\/v2\/media?parent=20795"}],"wp:term":[{"taxonomy":"product_brand","embeddable":true,"href":"https:\/\/chilimag.hu\/webshop\/wp-json\/wp\/v2\/product_brand?post=20795"},{"taxonomy":"product_cat","embeddable":true,"href":"https:\/\/chilimag.hu\/webshop\/wp-json\/wp\/v2\/product_cat?post=20795"},{"taxonomy":"product_tag","embeddable":true,"href":"https:\/\/chilimag.hu\/webshop\/wp-json\/wp\/v2\/product_tag?post=20795"}],"curies":[{"name":"wp","href":"https:\/\/api.w.org\/{rel}","templated":true}]}}