{"id":20791,"date":"2023-02-09T19:12:43","date_gmt":"2023-02-09T19:12:43","guid":{"rendered":"https:\/\/chilimag.hu\/webshop\/?post_type=product&#038;p=20791"},"modified":"2026-02-06T19:35:00","modified_gmt":"2026-02-06T19:35:00","slug":"sargarepa-amsterdam-2-sl-ow","status":"publish","type":"product","link":"https:\/\/chilimag.hu\/webshop\/termek\/sargarepa-amsterdam-2-sl-ow\/","title":{"rendered":"S\u00e1rgar\u00e9pa Amsterdam 2 SL OW"},"content":{"rendered":"","protected":false},"excerpt":{"rendered":"<p><img decoding=\"async\" class=\"active-logo\" src=\"https:\/\/b2b.seklos.lt\/themes\/warehouse\/img\/logo_en.png\" alt=\"Agrofirma S\u0117klos, UAB\" width=\"280\" height=\"95\" \/><\/p>\n<p>Korai fajta, amelyet friss fogyaszt\u00e1sra \u00e9s r\u00f6vid t\u00e1rol\u00e1sra termesztenek. A magok cs\u00edr\u00e1z\u00e1sa ut\u00e1n 80 napon bel\u00fcl betakar\u00edtj\u00e1k. A gy\u00f6k\u00e9rn\u00f6v\u00e9nyek hengeres alak\u00faak, 15-17 cm hossz\u00faak. A legjobban m\u0171velt, humuszban gazdag talajban termeszthet\u0151.<br \/>\nVet\u00e9sid\u0151, m\u00e9lys\u00e9g IV-VI, 2-3 cm<br \/>\n\u00dcltet\u00e9si t\u00e1vols\u00e1gok 20 x 5 cm<br \/>\nSz\u00fcret VII-IX<br \/>\nVet\u00e9sid\u0151 a talajban IV-V, X<br \/>\nGy\u00e1rt\u00f3 Organic Way<br \/>\nMagok sz\u00e1ma a csomagban, db. 800-1000<\/p>\n","protected":false},"featured_media":20792,"comment_status":"closed","ping_status":"closed","template":"","meta":[],"product_brand":[],"product_cat":[354],"product_tag":[],"class_list":{"0":"post-20791","1":"product","2":"type-product","3":"status-publish","4":"has-post-thumbnail","6":"product_cat-organic-way","8":"first","9":"instock","10":"taxable","11":"shipping-taxable","12":"purchasable","13":"product-type-simple"},"_links":{"self":[{"href":"https:\/\/chilimag.hu\/webshop\/wp-json\/wp\/v2\/product\/20791","targetHints":{"allow":["GET"]}}],"collection":[{"href":"https:\/\/chilimag.hu\/webshop\/wp-json\/wp\/v2\/product"}],"about":[{"href":"https:\/\/chilimag.hu\/webshop\/wp-json\/wp\/v2\/types\/product"}],"replies":[{"embeddable":true,"href":"https:\/\/chilimag.hu\/webshop\/wp-json\/wp\/v2\/comments?post=20791"}],"wp:featuredmedia":[{"embeddable":true,"href":"https:\/\/chilimag.hu\/webshop\/wp-json\/wp\/v2\/media\/20792"}],"wp:attachment":[{"href":"https:\/\/chilimag.hu\/webshop\/wp-json\/wp\/v2\/media?parent=20791"}],"wp:term":[{"taxonomy":"product_brand","embeddable":true,"href":"https:\/\/chilimag.hu\/webshop\/wp-json\/wp\/v2\/product_brand?post=20791"},{"taxonomy":"product_cat","embeddable":true,"href":"https:\/\/chilimag.hu\/webshop\/wp-json\/wp\/v2\/product_cat?post=20791"},{"taxonomy":"product_tag","embeddable":true,"href":"https:\/\/chilimag.hu\/webshop\/wp-json\/wp\/v2\/product_tag?post=20791"}],"curies":[{"name":"wp","href":"https:\/\/api.w.org\/{rel}","templated":true}]}}