{"id":20785,"date":"2023-02-09T19:06:41","date_gmt":"2023-02-09T19:06:41","guid":{"rendered":"https:\/\/chilimag.hu\/webshop\/?post_type=product&#038;p=20785"},"modified":"2026-02-15T09:50:16","modified_gmt":"2026-02-15T09:50:16","slug":"kapor-sl-ow","status":"publish","type":"product","link":"https:\/\/chilimag.hu\/webshop\/termek\/kapor-sl-ow\/","title":{"rendered":"Kapor Common SL OW"},"content":{"rendered":"","protected":false},"excerpt":{"rendered":"<p><img decoding=\"async\" class=\"active-logo\" src=\"https:\/\/b2b.seklos.lt\/themes\/warehouse\/img\/logo_en.png\" alt=\"Agrofirma S\u0117klos, UAB\" width=\"280\" height=\"95\" \/><\/p>\n<p>K\u00f6z\u00e9pkorai, nagy term\u0151k\u00e9pess\u00e9g\u0171 fajta. K\u00f6nnyen nevelhet\u0151, \u00e1rny\u00e9kban is termeszthet\u0151. \u00c9lelmiszerk\u00e9nt friss vagy sz\u00e1r\u00edtott leveleket, vir\u00e1gokat, sz\u00e1rakat haszn\u00e1lnak fel. Fagyaszt\u00e1sra, bef\u0151z\u00e9sre j\u00f3. Ahhoz, hogy a kapor eg\u00e9sz ny\u00e1ron legyen, 10 naponta vesd el.<br \/>\nVet\u00e9sid\u0151, m\u00e9lys\u00e9g IV-VI, 2-3 cm<br \/>\n\u00dcltet\u00e9si t\u00e1vols\u00e1gok 15 x 3 cm<br \/>\nSz\u00fcret IV\u2013X<br \/>\nVet\u00e9sid\u0151 a talajban IV\u2013VI, VIII\u2013IX<br \/>\nVet\u00e9sid\u0151 \u00fcvegh\u00e1zban II\u2013IV<br \/>\nGy\u00e1rt\u00f3 Organic Way<br \/>\nMagok sz\u00e1ma a csomagban, db. 590-650<\/p>\n","protected":false},"featured_media":20786,"comment_status":"closed","ping_status":"closed","template":"","meta":[],"product_brand":[],"product_cat":[354],"product_tag":[],"class_list":{"0":"post-20785","1":"product","2":"type-product","3":"status-publish","4":"has-post-thumbnail","6":"product_cat-organic-way","8":"first","9":"instock","10":"taxable","11":"shipping-taxable","12":"purchasable","13":"product-type-simple"},"_links":{"self":[{"href":"https:\/\/chilimag.hu\/webshop\/wp-json\/wp\/v2\/product\/20785","targetHints":{"allow":["GET"]}}],"collection":[{"href":"https:\/\/chilimag.hu\/webshop\/wp-json\/wp\/v2\/product"}],"about":[{"href":"https:\/\/chilimag.hu\/webshop\/wp-json\/wp\/v2\/types\/product"}],"replies":[{"embeddable":true,"href":"https:\/\/chilimag.hu\/webshop\/wp-json\/wp\/v2\/comments?post=20785"}],"wp:featuredmedia":[{"embeddable":true,"href":"https:\/\/chilimag.hu\/webshop\/wp-json\/wp\/v2\/media\/20786"}],"wp:attachment":[{"href":"https:\/\/chilimag.hu\/webshop\/wp-json\/wp\/v2\/media?parent=20785"}],"wp:term":[{"taxonomy":"product_brand","embeddable":true,"href":"https:\/\/chilimag.hu\/webshop\/wp-json\/wp\/v2\/product_brand?post=20785"},{"taxonomy":"product_cat","embeddable":true,"href":"https:\/\/chilimag.hu\/webshop\/wp-json\/wp\/v2\/product_cat?post=20785"},{"taxonomy":"product_tag","embeddable":true,"href":"https:\/\/chilimag.hu\/webshop\/wp-json\/wp\/v2\/product_tag?post=20785"}],"curies":[{"name":"wp","href":"https:\/\/api.w.org\/{rel}","templated":true}]}}