{"id":20779,"date":"2023-02-09T18:57:41","date_gmt":"2023-02-09T18:57:41","guid":{"rendered":"https:\/\/chilimag.hu\/webshop\/?post_type=product&#038;p=20779"},"modified":"2026-02-15T09:50:16","modified_gmt":"2026-02-15T09:50:16","slug":"cukkini-black-beauty-sl-ow","status":"publish","type":"product","link":"https:\/\/chilimag.hu\/webshop\/termek\/cukkini-black-beauty-sl-ow\/","title":{"rendered":"Cukkini Black Beauty SL OW"},"content":{"rendered":"","protected":false},"excerpt":{"rendered":"<p><img decoding=\"async\" class=\"active-logo\" src=\"https:\/\/b2b.seklos.lt\/themes\/warehouse\/img\/logo_en.png\" alt=\"Agrofirma S\u0117klos, UAB\" width=\"280\" height=\"95\" \/><\/p>\n<p>Korai v\u00e1ltozatoss\u00e1g. 50 nap ut\u00e1n betakar\u00edtj\u00e1k. Az \u00fcvegh\u00e1zi vagy meleg\u00e1gyas pal\u00e1nt\u00e1kat gyorsabban lehet betakar\u00edtani. A pal\u00e1nt\u00e1kat fagy ut\u00e1n szabadba \u00fcltetj\u00fck. A fiatal gy\u00fcm\u00f6lcs nagyon \u00edzletes, alkalmas tart\u00f3s\u00edt\u00e1sra, sal\u00e1t\u00e1kra, lekv\u00e1rokra.<br \/>\nVet\u00e9sid\u0151, m\u00e9lys\u00e9g V-VI, 4 cm<br \/>\n\u00dcltet\u00e9si t\u00e1vols\u00e1gok VI, 70 x 60\u201370 cm<br \/>\nSz\u00fcret VII\u2013VIII<br \/>\nVet\u00e9sid\u0151 a talajban V-VI<br \/>\nVet\u00e9sid\u0151 \u00fcvegh\u00e1zban IV<br \/>\nGy\u00e1rt\u00f3 Organic Way<br \/>\nMagok sz\u00e1ma a csomagban, db. 6-8<\/p>\n","protected":false},"featured_media":20780,"comment_status":"closed","ping_status":"closed","template":"","meta":[],"product_brand":[],"product_cat":[354],"product_tag":[],"class_list":{"0":"post-20779","1":"product","2":"type-product","3":"status-publish","4":"has-post-thumbnail","6":"product_cat-organic-way","8":"first","9":"instock","10":"taxable","11":"shipping-taxable","12":"purchasable","13":"product-type-simple"},"_links":{"self":[{"href":"https:\/\/chilimag.hu\/webshop\/wp-json\/wp\/v2\/product\/20779","targetHints":{"allow":["GET"]}}],"collection":[{"href":"https:\/\/chilimag.hu\/webshop\/wp-json\/wp\/v2\/product"}],"about":[{"href":"https:\/\/chilimag.hu\/webshop\/wp-json\/wp\/v2\/types\/product"}],"replies":[{"embeddable":true,"href":"https:\/\/chilimag.hu\/webshop\/wp-json\/wp\/v2\/comments?post=20779"}],"wp:featuredmedia":[{"embeddable":true,"href":"https:\/\/chilimag.hu\/webshop\/wp-json\/wp\/v2\/media\/20780"}],"wp:attachment":[{"href":"https:\/\/chilimag.hu\/webshop\/wp-json\/wp\/v2\/media?parent=20779"}],"wp:term":[{"taxonomy":"product_brand","embeddable":true,"href":"https:\/\/chilimag.hu\/webshop\/wp-json\/wp\/v2\/product_brand?post=20779"},{"taxonomy":"product_cat","embeddable":true,"href":"https:\/\/chilimag.hu\/webshop\/wp-json\/wp\/v2\/product_cat?post=20779"},{"taxonomy":"product_tag","embeddable":true,"href":"https:\/\/chilimag.hu\/webshop\/wp-json\/wp\/v2\/product_tag?post=20779"}],"curies":[{"name":"wp","href":"https:\/\/api.w.org\/{rel}","templated":true}]}}