{"id":20776,"date":"2023-02-09T18:48:50","date_gmt":"2023-02-09T18:48:50","guid":{"rendered":"https:\/\/chilimag.hu\/webshop\/?post_type=product&#038;p=20776"},"modified":"2026-02-16T16:52:05","modified_gmt":"2026-02-16T16:52:05","slug":"mangold-white-silver-2-sl-ow","status":"publish","type":"product","link":"https:\/\/chilimag.hu\/webshop\/termek\/mangold-white-silver-2-sl-ow\/","title":{"rendered":"M\u00e1ngold White Silver 2 SL OW"},"content":{"rendered":"","protected":false},"excerpt":{"rendered":"<p><img decoding=\"async\" class=\"active-logo\" src=\"https:\/\/b2b.seklos.lt\/themes\/warehouse\/img\/logo_en.png\" alt=\"Agrofirma S\u0117klos, UAB\" width=\"280\" height=\"95\" \/><\/p>\n<p>Z\u00f6ld levelekkel \u00e9s feh\u00e9r sz\u00e1r\u00fa fajta. A spen\u00f3t \u00e9s a di\u00f3 \u00edz\u00e9re eml\u00e9keztet\u0151 sz\u00e1r\u00fa leveleket \u00e9tkez\u00e9si c\u00e9lra haszn\u00e1lj\u00e1k. Haszn\u00e1lhat\u00f3 sal\u00e1t\u00e1hoz, k\u00f6rethez, leveshez, t\u00e9lre is eltarthat\u00f3. \u00dcvegh\u00e1zakba vetett korai betakar\u00edt\u00e1shoz, kora tavasszal a ny\u00e1ri betakar\u00edt\u00e1st a szabadban termesztik.<br \/>\nMagok sz\u00e1ma grammonk\u00e9nt 40-55<br \/>\nSz\u00fcret V-IX<br \/>\nNapos hely Igen<br \/>\nTerm\u0151f\u00f6ld<br \/>\nA fajta korai ideje Korai<br \/>\n\u00d6nbeporz\u00f3 sz<br \/>\nVet\u00e9sid\u0151 a talajban IV-VI, 4 cm<br \/>\nVet\u00e9sid\u0151 \u00fcvegh\u00e1zban IV-V, 4 cm<br \/>\nGy\u00e1rt\u00f3 Organic Way<br \/>\nT\u00e1vols\u00e1gok, cm 30 x 10 cm<\/p>\n","protected":false},"featured_media":20777,"comment_status":"closed","ping_status":"closed","template":"","meta":[],"product_brand":[],"product_cat":[354],"product_tag":[],"class_list":{"0":"post-20776","1":"product","2":"type-product","3":"status-publish","4":"has-post-thumbnail","6":"product_cat-organic-way","8":"first","9":"instock","10":"taxable","11":"shipping-taxable","12":"purchasable","13":"product-type-simple"},"_links":{"self":[{"href":"https:\/\/chilimag.hu\/webshop\/wp-json\/wp\/v2\/product\/20776","targetHints":{"allow":["GET"]}}],"collection":[{"href":"https:\/\/chilimag.hu\/webshop\/wp-json\/wp\/v2\/product"}],"about":[{"href":"https:\/\/chilimag.hu\/webshop\/wp-json\/wp\/v2\/types\/product"}],"replies":[{"embeddable":true,"href":"https:\/\/chilimag.hu\/webshop\/wp-json\/wp\/v2\/comments?post=20776"}],"wp:featuredmedia":[{"embeddable":true,"href":"https:\/\/chilimag.hu\/webshop\/wp-json\/wp\/v2\/media\/20777"}],"wp:attachment":[{"href":"https:\/\/chilimag.hu\/webshop\/wp-json\/wp\/v2\/media?parent=20776"}],"wp:term":[{"taxonomy":"product_brand","embeddable":true,"href":"https:\/\/chilimag.hu\/webshop\/wp-json\/wp\/v2\/product_brand?post=20776"},{"taxonomy":"product_cat","embeddable":true,"href":"https:\/\/chilimag.hu\/webshop\/wp-json\/wp\/v2\/product_cat?post=20776"},{"taxonomy":"product_tag","embeddable":true,"href":"https:\/\/chilimag.hu\/webshop\/wp-json\/wp\/v2\/product_tag?post=20776"}],"curies":[{"name":"wp","href":"https:\/\/api.w.org\/{rel}","templated":true}]}}