{"id":20761,"date":"2023-02-08T20:12:16","date_gmt":"2023-02-08T20:12:16","guid":{"rendered":"https:\/\/chilimag.hu\/webshop\/?post_type=product&#038;p=20761"},"modified":"2026-03-24T12:45:32","modified_gmt":"2026-03-24T12:45:32","slug":"cekla-cylindra-sl-ow","status":"publish","type":"product","link":"https:\/\/chilimag.hu\/webshop\/termek\/cekla-cylindra-sl-ow\/","title":{"rendered":"C\u00e9kla Cylindra SL OW"},"content":{"rendered":"","protected":false},"excerpt":{"rendered":"<p><img decoding=\"async\" class=\"active-logo\" src=\"https:\/\/b2b.seklos.lt\/themes\/warehouse\/img\/logo_en.png\" alt=\"Agrofirma S\u0117klos, UAB\" width=\"280\" height=\"95\" \/><\/p>\n<p>K\u00f6z\u00e9pkorai fajta. 55-65 nap m\u00falva betakar\u00edtj\u00e1k. A gy\u00f6k\u00e9rn\u00f6v\u00e9nyek s\u00f6t\u00e9tv\u00f6r\u00f6s sz\u00edn\u0171ek. Ny\u00e1ri \u00e9s \u0151szi betakar\u00edt\u00e1sra aj\u00e1nlott, t\u00e1rol\u00e1sra alkalmas. K\u00f6z\u00e9pneh\u00e9z, m\u00e9lyen m\u0171velt, nem savas agyagos talajban fejl\u0151dik a legjobban.<br \/>\nVet\u00e9sid\u0151, m\u00e9lys\u00e9g V-VI, 4 cm<br \/>\n\u00dcltet\u00e9si t\u00e1vols\u00e1gok 25 x 10 cm<br \/>\nSz\u00fcret VII\u2013IX<br \/>\nVet\u00e9sid\u0151 a talajban IV\u2013VI<br \/>\nGy\u00e1rt\u00f3 Organic Way<br \/>\nMagok sz\u00e1ma a csomagban, db. 40-55<\/p>\n","protected":false},"featured_media":20762,"comment_status":"closed","ping_status":"closed","template":"","meta":[],"product_brand":[],"product_cat":[354],"product_tag":[],"class_list":{"0":"post-20761","1":"product","2":"type-product","3":"status-publish","4":"has-post-thumbnail","6":"product_cat-organic-way","8":"first","9":"instock","10":"taxable","11":"shipping-taxable","12":"purchasable","13":"product-type-simple"},"_links":{"self":[{"href":"https:\/\/chilimag.hu\/webshop\/wp-json\/wp\/v2\/product\/20761","targetHints":{"allow":["GET"]}}],"collection":[{"href":"https:\/\/chilimag.hu\/webshop\/wp-json\/wp\/v2\/product"}],"about":[{"href":"https:\/\/chilimag.hu\/webshop\/wp-json\/wp\/v2\/types\/product"}],"replies":[{"embeddable":true,"href":"https:\/\/chilimag.hu\/webshop\/wp-json\/wp\/v2\/comments?post=20761"}],"wp:featuredmedia":[{"embeddable":true,"href":"https:\/\/chilimag.hu\/webshop\/wp-json\/wp\/v2\/media\/20762"}],"wp:attachment":[{"href":"https:\/\/chilimag.hu\/webshop\/wp-json\/wp\/v2\/media?parent=20761"}],"wp:term":[{"taxonomy":"product_brand","embeddable":true,"href":"https:\/\/chilimag.hu\/webshop\/wp-json\/wp\/v2\/product_brand?post=20761"},{"taxonomy":"product_cat","embeddable":true,"href":"https:\/\/chilimag.hu\/webshop\/wp-json\/wp\/v2\/product_cat?post=20761"},{"taxonomy":"product_tag","embeddable":true,"href":"https:\/\/chilimag.hu\/webshop\/wp-json\/wp\/v2\/product_tag?post=20761"}],"curies":[{"name":"wp","href":"https:\/\/api.w.org\/{rel}","templated":true}]}}