{"id":20759,"date":"2023-02-08T20:09:22","date_gmt":"2023-02-08T20:09:22","guid":{"rendered":"https:\/\/chilimag.hu\/webshop\/?post_type=product&#038;p=20759"},"modified":"2025-12-29T13:39:24","modified_gmt":"2025-12-29T13:39:24","slug":"bazsalikom-aromatico-della-riviera-ligure-sl-ow","status":"publish","type":"product","link":"https:\/\/chilimag.hu\/webshop\/termek\/bazsalikom-aromatico-della-riviera-ligure-sl-ow\/","title":{"rendered":"Bazsalikom Aromatico Della Riviera Ligure SL OW"},"content":{"rendered":"","protected":false},"excerpt":{"rendered":"<p><img decoding=\"async\" class=\"active-logo\" src=\"https:\/\/b2b.seklos.lt\/themes\/warehouse\/img\/logo_en.png\" alt=\"Agrofirma S\u0117klos, UAB\" width=\"280\" height=\"95\" \/><\/p>\n<p>Bazsalikom fajta nagyon illatos levelekkel. A friss \u00e9s sz\u00e1r\u00edtott leveleket \u00e9tkez\u00e9si c\u00e9lokra, h\u00fas-, hal-, z\u00f6lds\u00e9gsal\u00e1t\u00e1k, k\u00fcl\u00f6n\u00f6sen paradicsomos \u00e9telek f\u0171szerez\u00e9s\u00e9re haszn\u00e1lj\u00e1k. A bazsalikom termeszthet\u0151 ablakp\u00e1rk\u00e1nyon, \u00fcvegh\u00e1zban, vagy a szabadban a forr\u00f3 ny\u00e1ron.<br \/>\nMagok sz\u00e1ma grammonk\u00e9nt 650<br \/>\nSz\u00fcret III &#8211; VIII<br \/>\nNapos hely Igen<br \/>\nTermeszt\u00e9si hely Teraszon, Erk\u00e9lyen, \u00dcvegh\u00e1zban, Sz\u00e1nt\u00f3f\u00f6ld\u00f6n<br \/>\n\u00d6nbeporz\u00f3 sz<br \/>\nVet\u00e9sid\u0151 a talajban V\u2013VI, 1 cm<br \/>\nVet\u00e9sid\u0151 \u00fcvegh\u00e1zban II-V, 1 cm<br \/>\nGy\u00e1rt\u00f3 Organic Way<br \/>\nT\u00e1vols\u00e1gok, cm 10&#215;10 cm<\/p>\n","protected":false},"featured_media":20760,"comment_status":"closed","ping_status":"closed","template":"","meta":[],"product_brand":[],"product_cat":[354],"product_tag":[],"class_list":{"0":"post-20759","1":"product","2":"type-product","3":"status-publish","4":"has-post-thumbnail","6":"product_cat-organic-way","8":"first","9":"instock","10":"taxable","11":"shipping-taxable","12":"purchasable","13":"product-type-simple"},"_links":{"self":[{"href":"https:\/\/chilimag.hu\/webshop\/wp-json\/wp\/v2\/product\/20759","targetHints":{"allow":["GET"]}}],"collection":[{"href":"https:\/\/chilimag.hu\/webshop\/wp-json\/wp\/v2\/product"}],"about":[{"href":"https:\/\/chilimag.hu\/webshop\/wp-json\/wp\/v2\/types\/product"}],"replies":[{"embeddable":true,"href":"https:\/\/chilimag.hu\/webshop\/wp-json\/wp\/v2\/comments?post=20759"}],"wp:featuredmedia":[{"embeddable":true,"href":"https:\/\/chilimag.hu\/webshop\/wp-json\/wp\/v2\/media\/20760"}],"wp:attachment":[{"href":"https:\/\/chilimag.hu\/webshop\/wp-json\/wp\/v2\/media?parent=20759"}],"wp:term":[{"taxonomy":"product_brand","embeddable":true,"href":"https:\/\/chilimag.hu\/webshop\/wp-json\/wp\/v2\/product_brand?post=20759"},{"taxonomy":"product_cat","embeddable":true,"href":"https:\/\/chilimag.hu\/webshop\/wp-json\/wp\/v2\/product_cat?post=20759"},{"taxonomy":"product_tag","embeddable":true,"href":"https:\/\/chilimag.hu\/webshop\/wp-json\/wp\/v2\/product_tag?post=20759"}],"curies":[{"name":"wp","href":"https:\/\/api.w.org\/{rel}","templated":true}]}}