{"id":20757,"date":"2023-02-08T20:06:42","date_gmt":"2023-02-08T20:06:42","guid":{"rendered":"https:\/\/chilimag.hu\/webshop\/?post_type=product&#038;p=20757"},"modified":"2026-02-15T09:50:16","modified_gmt":"2026-02-15T09:50:16","slug":"mangold-swiss-chard-sl-ow","status":"publish","type":"product","link":"https:\/\/chilimag.hu\/webshop\/termek\/mangold-swiss-chard-sl-ow\/","title":{"rendered":"M\u00e1ngold Five Colours SL OW"},"content":{"rendered":"","protected":false},"excerpt":{"rendered":"<p><img decoding=\"async\" class=\"active-logo\" src=\"https:\/\/b2b.seklos.lt\/themes\/warehouse\/img\/logo_en.png\" alt=\"Agrofirma S\u0117klos, UAB\" width=\"280\" height=\"95\" \/><\/p>\n<p>A vet\u00e9s ut\u00e1n 50-60 napon bel\u00fcl n\u0151. A sz\u00e1rat \u00e9s a leveleket \u00e9tkez\u00e9sre haszn\u00e1lj\u00e1k. Ny\u00e1ri \u00e9s \u0151szi betakar\u00edt\u00e1sra termeszthet\u0151. A betakar\u00edt\u00e1s k\u00e9s\u0151 \u0151szig tarthat. A legjobban k\u00f6zepesen neh\u00e9z, nem savas, m\u00e9lyen m\u0171velt agyagos talajban termeszthet\u0151.<br \/>\nVet\u00e9sid\u0151, m\u00e9lys\u00e9g V-VI, 4 cm<br \/>\n\u00dcltet\u00e9si t\u00e1vols\u00e1gok 30 x 10 cm<br \/>\nSz\u00fcret V-IX<br \/>\nVet\u00e9sid\u0151 a talajban IV-VI<br \/>\nVet\u00e9sid\u0151 \u00fcvegh\u00e1zban IV-V<br \/>\nGy\u00e1rt\u00f3 Organic Way<br \/>\nMagok sz\u00e1ma a csomagban, db. 40-55<\/p>\n","protected":false},"featured_media":20758,"comment_status":"closed","ping_status":"closed","template":"","meta":[],"product_brand":[],"product_cat":[354],"product_tag":[],"class_list":{"0":"post-20757","1":"product","2":"type-product","3":"status-publish","4":"has-post-thumbnail","6":"product_cat-organic-way","8":"first","9":"instock","10":"taxable","11":"shipping-taxable","12":"purchasable","13":"product-type-simple"},"_links":{"self":[{"href":"https:\/\/chilimag.hu\/webshop\/wp-json\/wp\/v2\/product\/20757","targetHints":{"allow":["GET"]}}],"collection":[{"href":"https:\/\/chilimag.hu\/webshop\/wp-json\/wp\/v2\/product"}],"about":[{"href":"https:\/\/chilimag.hu\/webshop\/wp-json\/wp\/v2\/types\/product"}],"replies":[{"embeddable":true,"href":"https:\/\/chilimag.hu\/webshop\/wp-json\/wp\/v2\/comments?post=20757"}],"wp:featuredmedia":[{"embeddable":true,"href":"https:\/\/chilimag.hu\/webshop\/wp-json\/wp\/v2\/media\/20758"}],"wp:attachment":[{"href":"https:\/\/chilimag.hu\/webshop\/wp-json\/wp\/v2\/media?parent=20757"}],"wp:term":[{"taxonomy":"product_brand","embeddable":true,"href":"https:\/\/chilimag.hu\/webshop\/wp-json\/wp\/v2\/product_brand?post=20757"},{"taxonomy":"product_cat","embeddable":true,"href":"https:\/\/chilimag.hu\/webshop\/wp-json\/wp\/v2\/product_cat?post=20757"},{"taxonomy":"product_tag","embeddable":true,"href":"https:\/\/chilimag.hu\/webshop\/wp-json\/wp\/v2\/product_tag?post=20757"}],"curies":[{"name":"wp","href":"https:\/\/api.w.org\/{rel}","templated":true}]}}