{"id":20749,"date":"2023-02-08T19:54:43","date_gmt":"2023-02-08T19:54:43","guid":{"rendered":"https:\/\/chilimag.hu\/webshop\/?post_type=product&#038;p=20749"},"modified":"2026-02-06T10:29:29","modified_gmt":"2026-02-06T10:29:29","slug":"sargadinnye-jaune-canari-sl-agr","status":"publish","type":"product","link":"https:\/\/chilimag.hu\/webshop\/termek\/sargadinnye-jaune-canari-sl-agr\/","title":{"rendered":"S\u00e1rgadinnye Jaune Canari SL AGR"},"content":{"rendered":"","protected":false},"excerpt":{"rendered":"<p><img decoding=\"async\" class=\"active-logo\" src=\"https:\/\/b2b.seklos.lt\/themes\/warehouse\/img\/logo_en.png\" alt=\"Agrofirma S\u0117klos, UAB\" width=\"280\" height=\"95\" \/><\/p>\n<p>Korai v\u00e1ltozatoss\u00e1g. Gy\u00fcm\u00f6lcse ov\u00e1lis, s\u00e1rga h\u00e9j\u00fa. A h\u00fas s\u00e1rg\u00e1s, \u00e9des \u00e9s illatos. A gy\u00fcm\u00f6lcs\u00f6k s\u00falya k\u00f6r\u00fclbel\u00fcl 1,5 kilogramm. A s\u00e1rgadinnye h\u0151- \u00e9s p\u00e1raig\u00e9nyes. Szabadban vagy \u00fcvegh\u00e1zban termeszthet\u0151. A korai betakar\u00edt\u00e1shoz a legjobb pal\u00e1nt\u00e1kat \u00fcltetni.<br \/>\nMagok sz\u00e1ma grammonk\u00e9nt 25-40<br \/>\nSz\u00fcret VII\u2013IX<br \/>\nVet\u00e9sid\u0151 a talajban IV, 2,5-4 cm<br \/>\nGy\u00e1rt\u00f3 Agronom<\/p>\n<p>A csomag 1 gr magot tartalmaz<\/p>\n","protected":false},"featured_media":20750,"comment_status":"closed","ping_status":"closed","template":"","meta":[],"product_brand":[],"product_cat":[395],"product_tag":[],"class_list":{"0":"post-20749","1":"product","2":"type-product","3":"status-publish","4":"has-post-thumbnail","6":"product_cat-dinnye-es-tok-vetomagok","8":"first","9":"instock","10":"taxable","11":"shipping-taxable","12":"purchasable","13":"product-type-simple"},"_links":{"self":[{"href":"https:\/\/chilimag.hu\/webshop\/wp-json\/wp\/v2\/product\/20749","targetHints":{"allow":["GET"]}}],"collection":[{"href":"https:\/\/chilimag.hu\/webshop\/wp-json\/wp\/v2\/product"}],"about":[{"href":"https:\/\/chilimag.hu\/webshop\/wp-json\/wp\/v2\/types\/product"}],"replies":[{"embeddable":true,"href":"https:\/\/chilimag.hu\/webshop\/wp-json\/wp\/v2\/comments?post=20749"}],"wp:featuredmedia":[{"embeddable":true,"href":"https:\/\/chilimag.hu\/webshop\/wp-json\/wp\/v2\/media\/20750"}],"wp:attachment":[{"href":"https:\/\/chilimag.hu\/webshop\/wp-json\/wp\/v2\/media?parent=20749"}],"wp:term":[{"taxonomy":"product_brand","embeddable":true,"href":"https:\/\/chilimag.hu\/webshop\/wp-json\/wp\/v2\/product_brand?post=20749"},{"taxonomy":"product_cat","embeddable":true,"href":"https:\/\/chilimag.hu\/webshop\/wp-json\/wp\/v2\/product_cat?post=20749"},{"taxonomy":"product_tag","embeddable":true,"href":"https:\/\/chilimag.hu\/webshop\/wp-json\/wp\/v2\/product_tag?post=20749"}],"curies":[{"name":"wp","href":"https:\/\/api.w.org\/{rel}","templated":true}]}}