{"id":20745,"date":"2023-02-08T19:49:44","date_gmt":"2023-02-08T19:49:44","guid":{"rendered":"https:\/\/chilimag.hu\/webshop\/?post_type=product&#038;p=20745"},"modified":"2026-02-15T15:38:34","modified_gmt":"2026-02-15T15:38:34","slug":"borso-meteor-sl-agr","status":"publish","type":"product","link":"https:\/\/chilimag.hu\/webshop\/termek\/borso-meteor-sl-agr\/","title":{"rendered":"Bors\u00f3 Meteor SL AGR"},"content":{"rendered":"","protected":false},"excerpt":{"rendered":"<p><img decoding=\"async\" class=\"active-logo\" src=\"https:\/\/b2b.seklos.lt\/themes\/warehouse\/img\/logo_en.png\" alt=\"Agrofirma S\u0117klos, UAB\" width=\"280\" height=\"95\" \/><\/p>\n<p>Nagyon korai, 60 cm magas kagyl\u00f3bors\u00f3 fajta. A bors\u00f3 s\u00f6t\u00e9tz\u00f6ld, sima, frissen, bef\u0151z\u00e9shez, fagyaszt\u00e1shoz haszn\u00e1lhat\u00f3. Cs\u00edr\u00e1z\u00e1s ut\u00e1n \u20134 \u00baC-os fagyt\u0171r\u0151 k\u00e9pess\u00e9ggel b\u00edr.<br \/>\nMagok sz\u00e1ma grammonk\u00e9nt 3-6<br \/>\nSz\u00fcret VI\u2013VII<br \/>\nGy\u00e1rt\u00f3 Agronom<\/p>\n<p>A csomag 10 gr magot tartalmaz<\/p>\n","protected":false},"featured_media":20746,"comment_status":"closed","ping_status":"closed","template":"","meta":[],"product_brand":[],"product_cat":[399],"product_tag":[],"class_list":{"0":"post-20745","1":"product","2":"type-product","3":"status-publish","4":"has-post-thumbnail","6":"product_cat-huvelyesek-vetomagok-agronom","8":"first","9":"instock","10":"taxable","11":"shipping-taxable","12":"purchasable","13":"product-type-simple"},"_links":{"self":[{"href":"https:\/\/chilimag.hu\/webshop\/wp-json\/wp\/v2\/product\/20745","targetHints":{"allow":["GET"]}}],"collection":[{"href":"https:\/\/chilimag.hu\/webshop\/wp-json\/wp\/v2\/product"}],"about":[{"href":"https:\/\/chilimag.hu\/webshop\/wp-json\/wp\/v2\/types\/product"}],"replies":[{"embeddable":true,"href":"https:\/\/chilimag.hu\/webshop\/wp-json\/wp\/v2\/comments?post=20745"}],"wp:featuredmedia":[{"embeddable":true,"href":"https:\/\/chilimag.hu\/webshop\/wp-json\/wp\/v2\/media\/20746"}],"wp:attachment":[{"href":"https:\/\/chilimag.hu\/webshop\/wp-json\/wp\/v2\/media?parent=20745"}],"wp:term":[{"taxonomy":"product_brand","embeddable":true,"href":"https:\/\/chilimag.hu\/webshop\/wp-json\/wp\/v2\/product_brand?post=20745"},{"taxonomy":"product_cat","embeddable":true,"href":"https:\/\/chilimag.hu\/webshop\/wp-json\/wp\/v2\/product_cat?post=20745"},{"taxonomy":"product_tag","embeddable":true,"href":"https:\/\/chilimag.hu\/webshop\/wp-json\/wp\/v2\/product_tag?post=20745"}],"curies":[{"name":"wp","href":"https:\/\/api.w.org\/{rel}","templated":true}]}}