{"id":20739,"date":"2023-02-08T19:40:36","date_gmt":"2023-02-08T19:40:36","guid":{"rendered":"https:\/\/chilimag.hu\/webshop\/?post_type=product&#038;p=20739"},"modified":"2026-01-09T08:29:44","modified_gmt":"2026-01-09T08:29:44","slug":"hagyma-welsh-bajkal","status":"publish","type":"product","link":"https:\/\/chilimag.hu\/webshop\/termek\/hagyma-welsh-bajkal\/","title":{"rendered":"Hagyma  Bajkal SL AGR"},"content":{"rendered":"","protected":false},"excerpt":{"rendered":"<p><img decoding=\"async\" class=\"active-logo\" src=\"https:\/\/b2b.seklos.lt\/themes\/warehouse\/img\/logo_en.png\" alt=\"Agrofirma S\u0117klos, UAB\" width=\"280\" height=\"95\" \/><\/p>\n<p>\u00c9vel\u0151 n\u00f6v\u00e9nyek. Ugyanazon helyen 3-5 \u00e9vig n\u0151het. Ellen\u00e1ll a hidegnek, nagyon kora tavaszi \u00fajran\u00f6v\u00e9s. J\u00f3l n\u00f6vekszik humuszban gazdag, enyhe \u00e9s k\u00f6zepes talaj\u00fa homokos v\u00e1lyogban.<br \/>\nMagok sz\u00e1ma grammonk\u00e9nt 420-460<br \/>\nSz\u00fcret IV\u2013IX<br \/>\nGy\u00e1rt\u00f3 Agronom<\/p>\n<p>A csomag 1,5 gr magot tartalmaz<\/p>\n","protected":false},"featured_media":20740,"comment_status":"closed","ping_status":"closed","template":"","meta":[],"product_brand":[],"product_cat":[398],"product_tag":[],"class_list":{"0":"post-20739","1":"product","2":"type-product","3":"status-publish","4":"has-post-thumbnail","6":"product_cat-hagyma-vetomagok-agronom","8":"first","9":"instock","10":"taxable","11":"shipping-taxable","12":"purchasable","13":"product-type-simple"},"_links":{"self":[{"href":"https:\/\/chilimag.hu\/webshop\/wp-json\/wp\/v2\/product\/20739","targetHints":{"allow":["GET"]}}],"collection":[{"href":"https:\/\/chilimag.hu\/webshop\/wp-json\/wp\/v2\/product"}],"about":[{"href":"https:\/\/chilimag.hu\/webshop\/wp-json\/wp\/v2\/types\/product"}],"replies":[{"embeddable":true,"href":"https:\/\/chilimag.hu\/webshop\/wp-json\/wp\/v2\/comments?post=20739"}],"wp:featuredmedia":[{"embeddable":true,"href":"https:\/\/chilimag.hu\/webshop\/wp-json\/wp\/v2\/media\/20740"}],"wp:attachment":[{"href":"https:\/\/chilimag.hu\/webshop\/wp-json\/wp\/v2\/media?parent=20739"}],"wp:term":[{"taxonomy":"product_brand","embeddable":true,"href":"https:\/\/chilimag.hu\/webshop\/wp-json\/wp\/v2\/product_brand?post=20739"},{"taxonomy":"product_cat","embeddable":true,"href":"https:\/\/chilimag.hu\/webshop\/wp-json\/wp\/v2\/product_cat?post=20739"},{"taxonomy":"product_tag","embeddable":true,"href":"https:\/\/chilimag.hu\/webshop\/wp-json\/wp\/v2\/product_tag?post=20739"}],"curies":[{"name":"wp","href":"https:\/\/api.w.org\/{rel}","templated":true}]}}