{"id":20735,"date":"2023-02-08T19:32:58","date_gmt":"2023-02-08T19:32:58","guid":{"rendered":"https:\/\/chilimag.hu\/webshop\/?post_type=product&#038;p=20735"},"modified":"2026-01-24T19:30:46","modified_gmt":"2026-01-24T19:30:46","slug":"salata-derel-sl-eln","status":"publish","type":"product","link":"https:\/\/chilimag.hu\/webshop\/termek\/salata-derel-sl-eln\/","title":{"rendered":"Sal\u00e1ta Derel SL ELN"},"content":{"rendered":"","protected":false},"excerpt":{"rendered":"<p><img decoding=\"async\" class=\"active-logo\" src=\"https:\/\/b2b.seklos.lt\/themes\/warehouse\/img\/logo_en.png\" alt=\"Agrofirma S\u0117klos, UAB\" width=\"280\" height=\"95\" \/><\/p>\n<p>K\u00f6z\u00e9pkorai (j\u00e9g) sal\u00e1ta t\u00edpus\u00fa fajta. A hibrid nemcsak kiv\u00e1l\u00f3 \u00edze, hanem kiv\u00e9teles sz\u00edne miatt is n\u00e9pszer\u0171. A n\u00f6v\u00e9nyek k\u00edv\u00fcl pirosak, bel\u00fcl vil\u00e1gosz\u00f6ldek, s\u00falyuk 600g. A fajt\u00e1t ropog\u00f3s, nagyon \u00edzletes levelei miatt \u00e9rt\u00e9kelik, amelyek nem keser\u0171ek. A sal\u00e1ta v\u00e1g\u00e1s ut\u00e1n, h\u0171t\u0151szekr\u00e9nyben + 3-5 \u00baC-on hosszabb ideig friss marad. Tavaszi, ny\u00e1ri \u00e9s \u0151szi betakar\u00edt\u00e1sra termesztik, szabadf\u00f6ld\u00f6n \u00e9s \u00fcvegh\u00e1zakban. A sal\u00e1tapal\u00e1nt\u00e1kat akkor \u00fcltetj\u00fck \u00e1lland\u00f3 helyre, amikor 5-6 val\u00f3di levelet fejlesztenek. Helyezze el \u0151ket 20 x 25 cm-re, \u00e9s ne \u00fcltesse \u00e1t \u00fajra, mint kor\u00e1bban. A korai betakar\u00edt\u00e1shoz sal\u00e1ta pal\u00e1nt\u00e1k termeszt\u00e9se aj\u00e1nlott. K\u00f6zvetlen talajba vet\u00e9s eset\u00e9n ritk\u00edt\u00e1s javasolt. Ez nagyobb leveleket \u00e9s nagyobb term\u00e9st eredm\u00e9nyez. 65-75 nap m\u00falva betakar\u00edtj\u00e1k. 1,0 g k\u00f6r\u00fclbel\u00fcl 800-1000 magot tartalmaz.<br \/>\nVet\u00e9sid\u0151, m\u00e9lys\u00e9g II-III, 1 cm<br \/>\n\u00dcltet\u00e9si t\u00e1vols\u00e1gok 20 x 25 cm<br \/>\nSz\u00fcret V-IX<br \/>\nVet\u00e9sid\u0151 a talajban V-VII<br \/>\nVet\u00e9sid\u0151 \u00fcvegh\u00e1zban III-IV<br \/>\nGy\u00e1rt\u00f3: Lucia Elite<br \/>\nVet\u00e9si m\u00e9lys\u00e9g 1 cm<br \/>\nT\u00e1vols\u00e1gok, cm 20&#215;25 cm<\/p>\n","protected":false},"featured_media":20736,"comment_status":"closed","ping_status":"closed","template":"","meta":[],"product_brand":[],"product_cat":[368],"product_tag":[],"class_list":{"0":"post-20735","1":"product","2":"type-product","3":"status-publish","4":"has-post-thumbnail","6":"product_cat-zoldseg-vetomagok","8":"first","9":"instock","10":"taxable","11":"shipping-taxable","12":"purchasable","13":"product-type-simple"},"_links":{"self":[{"href":"https:\/\/chilimag.hu\/webshop\/wp-json\/wp\/v2\/product\/20735","targetHints":{"allow":["GET"]}}],"collection":[{"href":"https:\/\/chilimag.hu\/webshop\/wp-json\/wp\/v2\/product"}],"about":[{"href":"https:\/\/chilimag.hu\/webshop\/wp-json\/wp\/v2\/types\/product"}],"replies":[{"embeddable":true,"href":"https:\/\/chilimag.hu\/webshop\/wp-json\/wp\/v2\/comments?post=20735"}],"wp:featuredmedia":[{"embeddable":true,"href":"https:\/\/chilimag.hu\/webshop\/wp-json\/wp\/v2\/media\/20736"}],"wp:attachment":[{"href":"https:\/\/chilimag.hu\/webshop\/wp-json\/wp\/v2\/media?parent=20735"}],"wp:term":[{"taxonomy":"product_brand","embeddable":true,"href":"https:\/\/chilimag.hu\/webshop\/wp-json\/wp\/v2\/product_brand?post=20735"},{"taxonomy":"product_cat","embeddable":true,"href":"https:\/\/chilimag.hu\/webshop\/wp-json\/wp\/v2\/product_cat?post=20735"},{"taxonomy":"product_tag","embeddable":true,"href":"https:\/\/chilimag.hu\/webshop\/wp-json\/wp\/v2\/product_tag?post=20735"}],"curies":[{"name":"wp","href":"https:\/\/api.w.org\/{rel}","templated":true}]}}