{"id":20733,"date":"2023-02-08T19:29:40","date_gmt":"2023-02-08T19:29:40","guid":{"rendered":"https:\/\/chilimag.hu\/webshop\/?post_type=product&#038;p=20733"},"modified":"2026-04-03T15:55:55","modified_gmt":"2026-04-03T15:55:55","slug":"salata-baby-leaf-sl-eln","status":"publish","type":"product","link":"https:\/\/chilimag.hu\/webshop\/termek\/salata-baby-leaf-sl-eln\/","title":{"rendered":"Sal\u00e1ta Baby Leaf magszalagos  SL ELN"},"content":{"rendered":"","protected":false},"excerpt":{"rendered":"<p><img decoding=\"async\" class=\"logo\" src=\"https:\/\/b2b.seklos.lt\/themes\/warehouse\/img\/logo_en.png\" alt=\"Agrofirma S\u0117klos, UAB\" \/><\/p>\n<p>Korai sal\u00e1tafajt\u00e1k kever\u00e9ke. Kicsi, finom, z\u00f6ld \u00e9s piros levelek. A kever\u00e9k tavaszi, ny\u00e1ri \u00e9s \u0151szi termeszt\u00e9sre alkalmas. Gyorsan n\u00f6vekv\u0151 fajt\u00e1k (35-50 nap). Kedveli a j\u00f3l megm\u0171velt, homokos \u00e9s agyagos, gyommentes talajokat.<br \/>\nA vet\u0151szalag el\u0151nyei: b\u0151s\u00e9gesebb, j\u00f3 min\u0151s\u00e9g\u0171 term\u00e9s. Ha elegend\u0151 nedvess\u00e9get biztos\u00edtunk, a magvak egyenletesebben \u00e9s gyorsabban cs\u00edr\u00e1znak. A term\u00e9s rendezett lesz, a sork\u00f6z\u00f6k egyenletesek, ez\u00e9rt az ilyen term\u00e9st k\u00f6nnyebben \u00e9s k\u00e9nyelmesebben takarhatjuk le kerti takar\u00f3val, gyoml\u00e1l\u00e1ssal. A szalagok lerak\u00e1sa el\u0151tt a talajt meg kell \u00f6nt\u00f6zni. A lefektetett szalagot f\u00f6lddel kell lefedni, \u00e9s \u00fajra meg kell \u00f6nt\u00f6zni.<br \/>\nKever\u00e9si \u00f6sszet\u00e9tel a csomagol\u00e1sban: sal\u00e1ta \u2019BIONDA A FOGLIA LISCIA\u2019 33,3 % (1,33 m), sal\u00e1ta \u2019BIONDA A FOGLIA RICCIA\u2019 33,3 % (1,33 m), sal\u00e1ta \u2019BISCIA ROSSA\u2019 33,3 % (1,33 m).<br \/>\nJ \u00e1rcsoport<br \/>\nVet\u00e9sid\u0151, m\u00e9lys\u00e9g III-VI, VIII-X, 0,5cm<br \/>\n\u00dcltet\u00e9si t\u00e1vols\u00e1gok 10&#215;20 cm<br \/>\nSz\u00fcret IV-X<br \/>\nMagh\u00edrek 2020<br \/>\nGy\u00fcm\u00f6lcs sz\u00edne Z\u00f6ld<br \/>\nGy\u00e1rt\u00f3: Lucia Elite<br \/>\nVet\u0151szalag hossza 4 m<br \/>\nS\u0117jos gylis, cm 0,5 cm<br \/>\nT\u00e1vols\u00e1gok, cm 10&#215;20 cm<\/p>\n","protected":false},"featured_media":20734,"comment_status":"closed","ping_status":"closed","template":"","meta":[],"product_brand":[],"product_cat":[368],"product_tag":[],"class_list":{"0":"post-20733","1":"product","2":"type-product","3":"status-publish","4":"has-post-thumbnail","6":"product_cat-zoldseg-vetomagok","8":"first","9":"instock","10":"taxable","11":"shipping-taxable","12":"purchasable","13":"product-type-simple"},"_links":{"self":[{"href":"https:\/\/chilimag.hu\/webshop\/wp-json\/wp\/v2\/product\/20733","targetHints":{"allow":["GET"]}}],"collection":[{"href":"https:\/\/chilimag.hu\/webshop\/wp-json\/wp\/v2\/product"}],"about":[{"href":"https:\/\/chilimag.hu\/webshop\/wp-json\/wp\/v2\/types\/product"}],"replies":[{"embeddable":true,"href":"https:\/\/chilimag.hu\/webshop\/wp-json\/wp\/v2\/comments?post=20733"}],"wp:featuredmedia":[{"embeddable":true,"href":"https:\/\/chilimag.hu\/webshop\/wp-json\/wp\/v2\/media\/20734"}],"wp:attachment":[{"href":"https:\/\/chilimag.hu\/webshop\/wp-json\/wp\/v2\/media?parent=20733"}],"wp:term":[{"taxonomy":"product_brand","embeddable":true,"href":"https:\/\/chilimag.hu\/webshop\/wp-json\/wp\/v2\/product_brand?post=20733"},{"taxonomy":"product_cat","embeddable":true,"href":"https:\/\/chilimag.hu\/webshop\/wp-json\/wp\/v2\/product_cat?post=20733"},{"taxonomy":"product_tag","embeddable":true,"href":"https:\/\/chilimag.hu\/webshop\/wp-json\/wp\/v2\/product_tag?post=20733"}],"curies":[{"name":"wp","href":"https:\/\/api.w.org\/{rel}","templated":true}]}}