{"id":20728,"date":"2023-02-08T19:22:59","date_gmt":"2023-02-08T19:22:59","guid":{"rendered":"https:\/\/chilimag.hu\/webshop\/?post_type=product&#038;p=20728"},"modified":"2025-08-22T09:04:39","modified_gmt":"2025-08-22T09:04:39","slug":"salata-miniko-sl-eln","status":"publish","type":"product","link":"https:\/\/chilimag.hu\/webshop\/termek\/salata-miniko-sl-eln\/","title":{"rendered":"Sal\u00e1ta Miniko SL ELN"},"content":{"rendered":"","protected":false},"excerpt":{"rendered":"<p><img decoding=\"async\" class=\"logo\" src=\"https:\/\/b2b.seklos.lt\/themes\/warehouse\/img\/logo_en.png\" alt=\"Agrofirma S\u0117klos, UAB\" \/><\/p>\n<p>Korai j\u00e9gsal\u00e1ta fajta. 400 g s\u00faly\u00fa kis fejeket hoz l\u00e9tre. A fajt\u00e1t a ropog\u00f3s, \u00edzletes levelek miatt \u00e9rt\u00e9kelik, keser\u0171 \u00edz n\u00e9lk\u00fcl. V\u00e1g\u00e1s ut\u00e1n sok\u00e1ig nem fonnyad, h\u0171t\u0151szekr\u00e9nyben +3-5 \u00b0C-on t\u00e1rolhat\u00f3. Tavaszi, ny\u00e1ri \u00e9s \u0151szi betakar\u00edt\u00e1sra termesztik a szabadban \u00e9s \u00fcvegh\u00e1zakban. Az 5-6 val\u00f3di leveles pal\u00e1nt\u00e1kat \u00e1lland\u00f3 termeszt\u0151helyre kell \u00e1t\u00fcltetni. 20 x 25 cm t\u00e1vols\u00e1gra kell \u00fcltetni, de nem m\u00e9lyebbre, mint kor\u00e1bban. Ha t\u00fal m\u00e9lyre \u00fcltetik, a sal\u00e1ta kis fejeket hoz. A korai betakar\u00edt\u00e1shoz sal\u00e1tapal\u00e1nt\u00e1k termeszt\u00e9se javasolt. Ha k\u00f6zvetlen\u00fcl a talajba vetj\u00fck, akkor ritk\u00edt\u00e1s javasolt. \u00cdgy nagyobb lev\u00e9lrozetta \u00e9s nagyobb term\u00e9s \u00e9rhet\u0151 el. 50-65 nap alatt betakar\u00edthat\u00f3.<br \/>\n0,5 g \u2013 kb. 400-600 mag.<br \/>\n0,5 g (ha pal\u00e1nt\u00e1t \u00fcltet\u00fcnk) 3-4 m2 ter\u00fcletre \u2013 kedvez\u0151 termeszt\u00e9si felt\u00e9telek mellett 20-40 kg a v\u00e1rhat\u00f3 term\u00e9s.<br \/>\nL \u00e1rcsoport<br \/>\nS\u00falya 0,5g<br \/>\n\u00dcltet\u00e9si t\u00e1vols\u00e1gok 20&#215;25 cm<br \/>\nSz\u00fcret V-IX<br \/>\nMagh\u00edrek 2020<br \/>\nVet\u00e9sid\u0151 a talajban V-VII<br \/>\nVet\u00e9sid\u0151 \u00fcvegh\u00e1zban III-IV<br \/>\nGy\u00e1rt\u00f3: Lucia Elite<br \/>\nS\u0117jos gylis, cm 1 cm<br \/>\nT\u00e1vols\u00e1gok, cm 20&#215;25 cm<\/p>\n","protected":false},"featured_media":20729,"comment_status":"closed","ping_status":"closed","template":"","meta":[],"product_brand":[],"product_cat":[368],"product_tag":[],"class_list":{"0":"post-20728","1":"product","2":"type-product","3":"status-publish","4":"has-post-thumbnail","6":"product_cat-zoldseg-vetomagok","8":"first","9":"instock","10":"taxable","11":"shipping-taxable","12":"purchasable","13":"product-type-simple"},"_links":{"self":[{"href":"https:\/\/chilimag.hu\/webshop\/wp-json\/wp\/v2\/product\/20728","targetHints":{"allow":["GET"]}}],"collection":[{"href":"https:\/\/chilimag.hu\/webshop\/wp-json\/wp\/v2\/product"}],"about":[{"href":"https:\/\/chilimag.hu\/webshop\/wp-json\/wp\/v2\/types\/product"}],"replies":[{"embeddable":true,"href":"https:\/\/chilimag.hu\/webshop\/wp-json\/wp\/v2\/comments?post=20728"}],"wp:featuredmedia":[{"embeddable":true,"href":"https:\/\/chilimag.hu\/webshop\/wp-json\/wp\/v2\/media\/20729"}],"wp:attachment":[{"href":"https:\/\/chilimag.hu\/webshop\/wp-json\/wp\/v2\/media?parent=20728"}],"wp:term":[{"taxonomy":"product_brand","embeddable":true,"href":"https:\/\/chilimag.hu\/webshop\/wp-json\/wp\/v2\/product_brand?post=20728"},{"taxonomy":"product_cat","embeddable":true,"href":"https:\/\/chilimag.hu\/webshop\/wp-json\/wp\/v2\/product_cat?post=20728"},{"taxonomy":"product_tag","embeddable":true,"href":"https:\/\/chilimag.hu\/webshop\/wp-json\/wp\/v2\/product_tag?post=20728"}],"curies":[{"name":"wp","href":"https:\/\/api.w.org\/{rel}","templated":true}]}}