{"id":20715,"date":"2023-02-08T18:39:19","date_gmt":"2023-02-08T18:39:19","guid":{"rendered":"https:\/\/chilimag.hu\/webshop\/?post_type=product&#038;p=20715"},"modified":"2026-03-08T18:07:05","modified_gmt":"2026-03-08T18:07:05","slug":"paradicsom-tutti-frutti-f1","status":"publish","type":"product","link":"https:\/\/chilimag.hu\/webshop\/termek\/paradicsom-tutti-frutti-f1\/","title":{"rendered":"Tutti Frutti F1 Paradicsom"},"content":{"rendered":"","protected":false},"excerpt":{"rendered":"<p><img decoding=\"async\" src=\"https:\/\/www.clausehomegarden.com\/application\/themes\/systematik\/img\/tests\/Logo-Clause-Home-Garden-footer.png\" alt=\"Logo Clause Home Garden\" \/><\/p>\n<p>&nbsp;<\/p>\n<p>Le\u00edr\u00e1s<\/p>\n<p>Enyh\u00e9n megny\u00falt kokt\u00e9lparadicsom<br \/>\n\u00cdzletes magas cukortartalommal<br \/>\nEr\u0151teljes \u00e9s produkt\u00edv<br \/>\nEllen\u00e1ll a f\u0151 talajbetegs\u00e9geknek<\/p>\n<p>Gondoz\u00e1sa:A\u00a0Paradicsomot termesztheti, \u00fcvegh\u00e1zban vagy a szabadban. Az optim\u00e1lis cs\u00edr\u00e1z\u00e1si h\u0151m\u00e9rs\u00e9klet 20 \u00e9s 25\u00b0C k\u00f6z\u00f6tt van, a cs\u00edr\u00e1z\u00e1s 8-14 nap ut\u00e1n k\u00f6vetkezik be. Felgyors\u00edthatja a cs\u00edr\u00e1z\u00e1si folyamatot, ha a magokat egy \u00e9jszak\u00e1n \u00e1t nedves ruh\u00e1ban hagyja \u00e1zni. V\u00e1rjon az utols\u00f3 fagy ut\u00e1n a kiv\u00e1lasztott n\u00f6v\u00e9nyek \u00fcltet\u00e9s\u00e9vel.<\/p>\n<p>A paradicsomnak friss, j\u00f3l tr\u00e1gy\u00e1zott, v\u00edz\u00e1tereszt\u0151 talajra van sz\u00fcks\u00e9ge, amelyet nedvesen (de nem nedvesen!) kell tartani. Napos, v\u00e9dett helyre kell \u00fcltetni, ahol legal\u00e1bb 6 \u00f3ra napf\u00e9ny \u2013 lehet\u0151leg t\u00f6bb.<\/p>\n<p>A csomag 10 szem magot tartalmaz<\/p>\n","protected":false},"featured_media":20716,"comment_status":"closed","ping_status":"closed","template":"","meta":[],"product_brand":[],"product_cat":[10],"product_tag":[],"class_list":{"0":"post-20715","1":"product","2":"type-product","3":"status-publish","4":"has-post-thumbnail","6":"product_cat-paradicsom","8":"first","9":"instock","10":"taxable","11":"shipping-taxable","12":"purchasable","13":"product-type-simple"},"_links":{"self":[{"href":"https:\/\/chilimag.hu\/webshop\/wp-json\/wp\/v2\/product\/20715","targetHints":{"allow":["GET"]}}],"collection":[{"href":"https:\/\/chilimag.hu\/webshop\/wp-json\/wp\/v2\/product"}],"about":[{"href":"https:\/\/chilimag.hu\/webshop\/wp-json\/wp\/v2\/types\/product"}],"replies":[{"embeddable":true,"href":"https:\/\/chilimag.hu\/webshop\/wp-json\/wp\/v2\/comments?post=20715"}],"wp:featuredmedia":[{"embeddable":true,"href":"https:\/\/chilimag.hu\/webshop\/wp-json\/wp\/v2\/media\/20716"}],"wp:attachment":[{"href":"https:\/\/chilimag.hu\/webshop\/wp-json\/wp\/v2\/media?parent=20715"}],"wp:term":[{"taxonomy":"product_brand","embeddable":true,"href":"https:\/\/chilimag.hu\/webshop\/wp-json\/wp\/v2\/product_brand?post=20715"},{"taxonomy":"product_cat","embeddable":true,"href":"https:\/\/chilimag.hu\/webshop\/wp-json\/wp\/v2\/product_cat?post=20715"},{"taxonomy":"product_tag","embeddable":true,"href":"https:\/\/chilimag.hu\/webshop\/wp-json\/wp\/v2\/product_tag?post=20715"}],"curies":[{"name":"wp","href":"https:\/\/api.w.org\/{rel}","templated":true}]}}