{"id":20713,"date":"2023-02-08T18:37:42","date_gmt":"2023-02-08T18:37:42","guid":{"rendered":"https:\/\/chilimag.hu\/webshop\/?post_type=product&#038;p=20713"},"modified":"2026-03-07T07:32:20","modified_gmt":"2026-03-07T07:32:20","slug":"paradicsom-cornabel-f1","status":"publish","type":"product","link":"https:\/\/chilimag.hu\/webshop\/termek\/paradicsom-cornabel-f1\/","title":{"rendered":"Cornabel F1 Paradicsom Vil S-P"},"content":{"rendered":"","protected":false},"excerpt":{"rendered":"<p><img decoding=\"async\" class=\"manufacturer-logo\" src=\"https:\/\/www.agropataki.hu\/img\/m\/42.jpg\" alt=\"Vilmorin\" width=\"210\" height=\"50\" \/><\/p>\n<p>&nbsp;<\/p>\n<p>Le\u00edr\u00e1s<\/p>\n<p>A Tomato Cornabel F1 francia teny\u00e9szt\u0151k munk\u00e1j\u00e1nak eredm\u00e9nye. A fajta l\u00e9trehoz\u00f3ja a Vilmorin c\u00e9g, amely a XVIII. 2008-ban a hibrid Dulce n\u00e9ven beker\u00fclt az Orosz F\u00f6der\u00e1ci\u00f3 \u00e1llami nyilv\u00e1ntart\u00e1s\u00e1ba. Termeszt\u00e9se az orsz\u00e1g k\u00fcl\u00f6nb\u00f6z\u0151 r\u00e9gi\u00f3iban javasolt, bele\u00e9rtve az \u00e9szaki, k\u00f6z\u00e9ps\u0151 \u00e9s d\u00e9li r\u00e9gi\u00f3kat is.<\/p>\n<p>A fajtale\u00edr\u00e1s szerint a Kornabel F1 paradicsom hat\u00e1rozatlan n\u00f6v\u00e9ny. A n\u00f6veked\u00e9s ereje magas: ny\u00edlt terepen a bokrok el\u00e9rik a 2,5 m-t, az \u00fcvegh\u00e1zban &#8211; 1,5 m-t. A lomboss\u00e1g m\u00e9rs\u00e9kelt, a hajt\u00e1sk\u00e9pz\u0151d\u00e9si hajlam gyenge. Levelei s\u00f6t\u00e9tz\u00f6ldek, k\u00f6zepes m\u00e9ret\u0171ek. A gy\u00f6k\u00e9rrendszer nagyon er\u0151s. A bokor t\u00edpusa nyitott, ami j\u00f3 megvil\u00e1g\u00edt\u00e1st \u00e9s szell\u0151z\u00e9st biztos\u00edt a n\u00f6v\u00e9ny sz\u00e1m\u00e1ra.\u00a0Az \u00e9r\u00e9s kor\u00e1n k\u00f6vetkezik be. A cs\u00edr\u00e1z\u00e1st\u00f3l a betakar\u00edt\u00e1sig k\u00f6r\u00fclbel\u00fcl 100 nap telik el.<\/p>\n<p>Gondoz\u00e1sa:A \u00a0paradicsomot, \u00fcvegh\u00e1zban vagy a szabadban termesztheti. Az optim\u00e1lis cs\u00edr\u00e1z\u00e1si h\u0151m\u00e9rs\u00e9klet 20 \u00e9s 25\u00b0C k\u00f6z\u00f6tt van, a cs\u00edr\u00e1z\u00e1s 8-14 nap ut\u00e1n k\u00f6vetkezik be. Felgyors\u00edthatja a cs\u00edr\u00e1z\u00e1si folyamatot, ha a magokat egy \u00e9jszak\u00e1n \u00e1t nedves ruh\u00e1ban hagyja \u00e1zni. V\u00e1rjon az utols\u00f3 fagy ut\u00e1n a kiv\u00e1lasztott n\u00f6v\u00e9nyek \u00fcltet\u00e9s\u00e9vel.<\/p>\n<p>A paradicsomnak friss, j\u00f3l tr\u00e1gy\u00e1zott, v\u00edz\u00e1tereszt\u0151 talajra van sz\u00fcks\u00e9ge, amelyet nedvesen (de nem nedvesen!) kell tartani. Napos, v\u00e9dett helyre \u00fcltess\u00fck, ahol legal\u00e1bb 6 \u00f3ra \u2013 lehet\u0151leg t\u00f6bb \u2013 napf\u00e9ny \u00e9ri.<\/p>\n<p>A csomag 10 szem magot tartalmaz<\/p>\n","protected":false},"featured_media":20714,"comment_status":"closed","ping_status":"closed","template":"","meta":[],"product_brand":[],"product_cat":[10],"product_tag":[],"class_list":{"0":"post-20713","1":"product","2":"type-product","3":"status-publish","4":"has-post-thumbnail","6":"product_cat-paradicsom","8":"first","9":"instock","10":"taxable","11":"shipping-taxable","12":"purchasable","13":"product-type-simple"},"_links":{"self":[{"href":"https:\/\/chilimag.hu\/webshop\/wp-json\/wp\/v2\/product\/20713","targetHints":{"allow":["GET"]}}],"collection":[{"href":"https:\/\/chilimag.hu\/webshop\/wp-json\/wp\/v2\/product"}],"about":[{"href":"https:\/\/chilimag.hu\/webshop\/wp-json\/wp\/v2\/types\/product"}],"replies":[{"embeddable":true,"href":"https:\/\/chilimag.hu\/webshop\/wp-json\/wp\/v2\/comments?post=20713"}],"wp:featuredmedia":[{"embeddable":true,"href":"https:\/\/chilimag.hu\/webshop\/wp-json\/wp\/v2\/media\/20714"}],"wp:attachment":[{"href":"https:\/\/chilimag.hu\/webshop\/wp-json\/wp\/v2\/media?parent=20713"}],"wp:term":[{"taxonomy":"product_brand","embeddable":true,"href":"https:\/\/chilimag.hu\/webshop\/wp-json\/wp\/v2\/product_brand?post=20713"},{"taxonomy":"product_cat","embeddable":true,"href":"https:\/\/chilimag.hu\/webshop\/wp-json\/wp\/v2\/product_cat?post=20713"},{"taxonomy":"product_tag","embeddable":true,"href":"https:\/\/chilimag.hu\/webshop\/wp-json\/wp\/v2\/product_tag?post=20713"}],"curies":[{"name":"wp","href":"https:\/\/api.w.org\/{rel}","templated":true}]}}