{"id":20703,"date":"2023-02-08T18:26:40","date_gmt":"2023-02-08T18:26:40","guid":{"rendered":"https:\/\/chilimag.hu\/webshop\/?post_type=product&#038;p=20703"},"modified":"2026-02-07T20:28:50","modified_gmt":"2026-02-07T20:28:50","slug":"retek-de-dix-huit-jours-sl-agr","status":"publish","type":"product","link":"https:\/\/chilimag.hu\/webshop\/termek\/retek-de-dix-huit-jours-sl-agr\/","title":{"rendered":"Retek De Dix-Huit Jours SL AGR"},"content":{"rendered":"","protected":false},"excerpt":{"rendered":"<p><img decoding=\"async\" class=\"logo\" src=\"https:\/\/b2b.seklos.lt\/themes\/warehouse\/img\/logo_en.png\" alt=\"Agrofirma S\u0117klos, UAB\" \/><\/p>\n<p>A hengeres retek nagyon korai fajt\u00e1ja. A veget\u00e1ci\u00f3s id\u0151szak 18-20 nap. Szabadt\u00e9ri termeszt\u00e9sre alkalmas. A legjobban term\u00e9keny homokos v\u00e1lyogban fejl\u0151dik. A +18 \u00e9s +21 \u00b0C k\u00f6z\u00f6tti h\u0151m\u00e9rs\u00e9klet a legkedvez\u0151bb a termeszt\u00e9shez.<\/p>\n<p>Magok sz\u00e1ma grammonk\u00e9nt 70-130<br \/>\nSz\u00fcret IV\u2013VI, IX<br \/>\nVet\u00e9sid\u0151 a talajban III\u2013IV, 2 cm<br \/>\nGy\u00e1rt\u00f3 Agronom<\/p>\n<p>A csomag 4 gr magot tartalmaz<\/p>\n","protected":false},"featured_media":20704,"comment_status":"closed","ping_status":"closed","template":"","meta":[],"product_brand":[],"product_cat":[403],"product_tag":[],"class_list":{"0":"post-20703","1":"product","2":"type-product","3":"status-publish","4":"has-post-thumbnail","6":"product_cat-retek-salata-es-leveles-zoldsegek-vetomagok","8":"first","9":"instock","10":"taxable","11":"shipping-taxable","12":"purchasable","13":"product-type-simple"},"_links":{"self":[{"href":"https:\/\/chilimag.hu\/webshop\/wp-json\/wp\/v2\/product\/20703","targetHints":{"allow":["GET"]}}],"collection":[{"href":"https:\/\/chilimag.hu\/webshop\/wp-json\/wp\/v2\/product"}],"about":[{"href":"https:\/\/chilimag.hu\/webshop\/wp-json\/wp\/v2\/types\/product"}],"replies":[{"embeddable":true,"href":"https:\/\/chilimag.hu\/webshop\/wp-json\/wp\/v2\/comments?post=20703"}],"wp:featuredmedia":[{"embeddable":true,"href":"https:\/\/chilimag.hu\/webshop\/wp-json\/wp\/v2\/media\/20704"}],"wp:attachment":[{"href":"https:\/\/chilimag.hu\/webshop\/wp-json\/wp\/v2\/media?parent=20703"}],"wp:term":[{"taxonomy":"product_brand","embeddable":true,"href":"https:\/\/chilimag.hu\/webshop\/wp-json\/wp\/v2\/product_brand?post=20703"},{"taxonomy":"product_cat","embeddable":true,"href":"https:\/\/chilimag.hu\/webshop\/wp-json\/wp\/v2\/product_cat?post=20703"},{"taxonomy":"product_tag","embeddable":true,"href":"https:\/\/chilimag.hu\/webshop\/wp-json\/wp\/v2\/product_tag?post=20703"}],"curies":[{"name":"wp","href":"https:\/\/api.w.org\/{rel}","templated":true}]}}