{"id":20701,"date":"2023-02-08T18:23:03","date_gmt":"2023-02-08T18:23:03","guid":{"rendered":"https:\/\/chilimag.hu\/webshop\/?post_type=product&#038;p=20701"},"modified":"2026-03-06T17:38:23","modified_gmt":"2026-03-06T17:38:23","slug":"retek-riesen-von-aspern-viola-sniezka-sl-eln","status":"publish","type":"product","link":"https:\/\/chilimag.hu\/webshop\/termek\/retek-riesen-von-aspern-viola-sniezka-sl-eln\/","title":{"rendered":"Retek Riesen Von Aspern VIOLA * SNIE\u017dKA magszalagos SL ELN"},"content":{"rendered":"","protected":false},"excerpt":{"rendered":"<p><img decoding=\"async\" class=\"active-logo\" src=\"https:\/\/b2b.seklos.lt\/themes\/warehouse\/img\/logo_en.png\" alt=\"Agrofirma S\u0117klos, UAB\" width=\"280\" height=\"95\" \/><\/p>\n<p>A retekfajt\u00e1k k\u00fcl\u00f6n\u00f6sen term\u00e9keny \u00e9s \u00edzletes kever\u00e9ke. A vet\u00e9s ut\u00e1n 18-20 nappal betakar\u00edtj\u00e1k. Szabadf\u00f6ld\u00f6n \u00e9s \u00fcvegh\u00e1zakban termeszthet\u0151. A legjobban term\u00e9keny homokos v\u00e1lyogban fejl\u0151dik. A legkedvez\u0151bb termeszt\u00e9si h\u0151m\u00e9rs\u00e9klet 15-18 \u00b0C, nedvess\u00e9gnek elegend\u0151nek kell lennie.<br \/>\nA vet\u0151magszalag el\u0151nyei: b\u0151s\u00e9gesebb, jobb min\u0151s\u00e9g\u0171 betakar\u00edt\u00e1s. Megfelel\u0151 nedvess\u00e9g mellett a magok gyorsan \u00e9s egyenletesen cs\u00edr\u00e1znak. A teny\u00e9szt\u00e9s rendezett, a sork\u00f6z\u00f6k egyenl\u0151ek, \u00edgy k\u00f6nnyebb \u00e9s k\u00e9nyelmesebb a gyoml\u00e1l\u00e1s \u00e9s a kert\u00e9szeti f\u00f3li\u00e1val t\u00f6rt\u00e9n\u0151 term\u00e9nytakar\u00e1s. A szalagok lerak\u00e1sa el\u0151tt \u00f6nt\u00f6zze meg a talajt. Ezut\u00e1n fedje le a szalagot f\u00f6lddel \u00e9s b\u0151s\u00e9gesen v\u00edzzel.<br \/>\nEgy 4 m hossz\u00fa szalagon k\u00f6r\u00fclbel\u00fcl 180 kiv\u00e1l\u00f3 min\u0151s\u00e9g\u0171 n\u00f6v\u00e9ny teremhet, b\u0151s\u00e9ges 2-4 kg term\u00e9s.<br \/>\nKever\u00e9k mennyis\u00e9ge csomagonk\u00e9nt, \u00f6sszesen (4 m\u00e9ter) \u2013 RIESEN VON APERN \u2013 1,33 m, VIOLA \u2013 1,33 m, SNIE\u017dKA \u2013 1,33 m.<br \/>\nVet\u00e9sid\u0151, m\u00e9lys\u00e9g 2 cm<br \/>\n\u00dcltet\u00e9si t\u00e1vols\u00e1gok 3 x 10 cm<br \/>\nSz\u00fcret IV-X<br \/>\nGy\u00e1rt\u00f3: Lucia Elite<br \/>\nVet\u00e9si m\u00e9lys\u00e9g 2 cm<br \/>\nS\u0117jos gylis, cm 2 cm<br \/>\nT\u00e1vols\u00e1gok, cm 3&#215;10 cm<\/p>\n","protected":false},"featured_media":20702,"comment_status":"closed","ping_status":"closed","template":"","meta":[],"product_brand":[],"product_cat":[368],"product_tag":[],"class_list":{"0":"post-20701","1":"product","2":"type-product","3":"status-publish","4":"has-post-thumbnail","6":"product_cat-zoldseg-vetomagok","8":"first","9":"instock","10":"taxable","11":"shipping-taxable","12":"purchasable","13":"product-type-simple"},"_links":{"self":[{"href":"https:\/\/chilimag.hu\/webshop\/wp-json\/wp\/v2\/product\/20701","targetHints":{"allow":["GET"]}}],"collection":[{"href":"https:\/\/chilimag.hu\/webshop\/wp-json\/wp\/v2\/product"}],"about":[{"href":"https:\/\/chilimag.hu\/webshop\/wp-json\/wp\/v2\/types\/product"}],"replies":[{"embeddable":true,"href":"https:\/\/chilimag.hu\/webshop\/wp-json\/wp\/v2\/comments?post=20701"}],"wp:featuredmedia":[{"embeddable":true,"href":"https:\/\/chilimag.hu\/webshop\/wp-json\/wp\/v2\/media\/20702"}],"wp:attachment":[{"href":"https:\/\/chilimag.hu\/webshop\/wp-json\/wp\/v2\/media?parent=20701"}],"wp:term":[{"taxonomy":"product_brand","embeddable":true,"href":"https:\/\/chilimag.hu\/webshop\/wp-json\/wp\/v2\/product_brand?post=20701"},{"taxonomy":"product_cat","embeddable":true,"href":"https:\/\/chilimag.hu\/webshop\/wp-json\/wp\/v2\/product_cat?post=20701"},{"taxonomy":"product_tag","embeddable":true,"href":"https:\/\/chilimag.hu\/webshop\/wp-json\/wp\/v2\/product_tag?post=20701"}],"curies":[{"name":"wp","href":"https:\/\/api.w.org\/{rel}","templated":true}]}}