{"id":20697,"date":"2023-02-08T18:14:22","date_gmt":"2023-02-08T18:14:22","guid":{"rendered":"https:\/\/chilimag.hu\/webshop\/?post_type=product&#038;p=20697"},"modified":"2026-03-06T17:37:26","modified_gmt":"2026-03-06T17:37:26","slug":"retek-diana-sl-eln","status":"publish","type":"product","link":"https:\/\/chilimag.hu\/webshop\/termek\/retek-diana-sl-eln\/","title":{"rendered":"Retek Diana SL ELN"},"content":{"rendered":"","protected":false},"excerpt":{"rendered":"<p><img decoding=\"async\" class=\"logo\" src=\"https:\/\/b2b.seklos.lt\/themes\/warehouse\/img\/logo_en.png\" alt=\"Agrofirma S\u0117klos, UAB\" \/><\/p>\n<p>Az egyik leg\u00fajabb, kor\u00e1n \u00e9r\u0151 fajta. Professzion\u00e1lis z\u00f6lds\u00e9gtermeszt\u0151k \u00e9s amat\u0151r\u00f6k nagyra \u00e9rt\u00e9kelik a korai, j\u00f3 min\u0151s\u00e9g\u0171 betakar\u00edt\u00e1s \u00e9s a finom gy\u00f6kerek miatt. A cs\u00edr\u00e1z\u00e1st k\u00f6vet\u0151 30-35 napon bel\u00fcl betakar\u00edtj\u00e1k. Alkalmas gyapj\u00fa fedett \u00fcvegh\u00e1zakban, takar\u00f3 alatt \u00e9s szabadban termeszteni. Kora tavaszi \u00e9s \u0151szi betakar\u00edt\u00e1shoz. A retket augusztus m\u00e1sodik fel\u00e9ben kell elvetni az \u0151szi betakar\u00edt\u00e1shoz. Legjobb k\u00f6nny\u0171 \u00e9s k\u00f6zepesen neh\u00e9z, laza, humuszos, nem savas (pH 6-7) gyommentes talajban termeszteni. A t\u00e1pl\u00e1lkoz\u00e1stud\u00f3sok nagyra \u00e9rt\u00e9kelik ezeket a z\u00f6lds\u00e9geket az em\u00e9szt\u0151szervek szekr\u00e9ci\u00f3j\u00e1ra gyakorolt pozit\u00edv hat\u00e1suk miatt.<br \/>\n5 g \u2013 kb. 400-450 mag.<br \/>\nA 2 m2-es ter\u00fcletre 5 g is el\u00e9g lesz \u2013 kedvez\u0151 termeszt\u00e9si k\u00f6r\u00fclm\u00e9nyek k\u00f6z\u00f6tt v\u00e1rhat\u00f3 term\u00e9s \u2013 2,5\u20133,5 kilogramm.<br \/>\nK \u00e1rcsoport<br \/>\nS\u00faly 5 g<br \/>\n\u00dcltet\u00e9si t\u00e1vols\u00e1gok 15&#215;3 cm<br \/>\nSz\u00fcret IV-VI, VIII-IX<br \/>\nVet\u00e9sid\u0151 a talajban IV\u2013V, VIII-X<br \/>\nVet\u00e9sid\u0151 \u00fcvegh\u00e1zban III-IV<br \/>\nGy\u00fcm\u00f6lcs sz\u00edne lila<br \/>\nGy\u00e1rt\u00f3: Lucia Elite<br \/>\nTesztmez\u0151k Tesztmez\u0151kben bejel\u00f6lve<br \/>\nS\u0117jos gylis, cm 1-2 cm<br \/>\nT\u00e1vols\u00e1gok, cm 15&#215;3 cm<\/p>\n","protected":false},"featured_media":20698,"comment_status":"closed","ping_status":"closed","template":"","meta":[],"product_brand":[],"product_cat":[368],"product_tag":[],"class_list":{"0":"post-20697","1":"product","2":"type-product","3":"status-publish","4":"has-post-thumbnail","6":"product_cat-zoldseg-vetomagok","8":"first","9":"instock","10":"taxable","11":"shipping-taxable","12":"purchasable","13":"product-type-simple"},"_links":{"self":[{"href":"https:\/\/chilimag.hu\/webshop\/wp-json\/wp\/v2\/product\/20697","targetHints":{"allow":["GET"]}}],"collection":[{"href":"https:\/\/chilimag.hu\/webshop\/wp-json\/wp\/v2\/product"}],"about":[{"href":"https:\/\/chilimag.hu\/webshop\/wp-json\/wp\/v2\/types\/product"}],"replies":[{"embeddable":true,"href":"https:\/\/chilimag.hu\/webshop\/wp-json\/wp\/v2\/comments?post=20697"}],"wp:featuredmedia":[{"embeddable":true,"href":"https:\/\/chilimag.hu\/webshop\/wp-json\/wp\/v2\/media\/20698"}],"wp:attachment":[{"href":"https:\/\/chilimag.hu\/webshop\/wp-json\/wp\/v2\/media?parent=20697"}],"wp:term":[{"taxonomy":"product_brand","embeddable":true,"href":"https:\/\/chilimag.hu\/webshop\/wp-json\/wp\/v2\/product_brand?post=20697"},{"taxonomy":"product_cat","embeddable":true,"href":"https:\/\/chilimag.hu\/webshop\/wp-json\/wp\/v2\/product_cat?post=20697"},{"taxonomy":"product_tag","embeddable":true,"href":"https:\/\/chilimag.hu\/webshop\/wp-json\/wp\/v2\/product_tag?post=20697"}],"curies":[{"name":"wp","href":"https:\/\/api.w.org\/{rel}","templated":true}]}}