{"id":20695,"date":"2023-02-08T18:11:35","date_gmt":"2023-02-08T18:11:35","guid":{"rendered":"https:\/\/chilimag.hu\/webshop\/?post_type=product&#038;p=20695"},"modified":"2026-03-31T22:31:41","modified_gmt":"2026-03-31T22:31:41","slug":"paradicsom-floridity-f1-sl-eln","status":"publish","type":"product","link":"https:\/\/chilimag.hu\/webshop\/termek\/paradicsom-floridity-f1-sl-eln\/","title":{"rendered":"Paradicsom Floridity Hibrid SL ELN"},"content":{"rendered":"","protected":false},"excerpt":{"rendered":"<p><img decoding=\"async\" class=\"active-logo\" src=\"https:\/\/b2b.seklos.lt\/themes\/warehouse\/img\/logo_en.png\" alt=\"Agrofirma S\u0117klos, UAB\" width=\"280\" height=\"95\" \/><\/p>\n<p>Magas fajta, nagyon \u00e9des, \u00edzletes, arom\u00e1s gy\u00fcm\u00f6lcsei miatt \u00e9rt\u00e9kelik. Term\u00e9sei hossz\u00fak\u00e1sak, 18 g t\u00f6meg\u0171ek, bokrokonk\u00e9nt ak\u00e1r 35 term\u00e9st is hoznak. Szinte egyidej\u0171leg \u00e9rnek a f\u00fcrt\u00f6n, \u00edgy f\u00fcrt\u00f6kben szedhet\u0151k le ennek a fajt\u00e1nak a term\u00e9sei. \u00dcvegh\u00e1zakban, erk\u00e9lyeken termeszthet\u0151. Ha szabadban termesztj\u00fck, napos, meleg, sz\u00e9lt\u0151l v\u00e9dett helyet v\u00e1lasszunk. Ahhoz, hogy a magvak gyorsabban \u00e9s egyenletesebben cs\u00edr\u00e1zhassanak, takarjuk le a pal\u00e1nt\u00e1kat \u00fcveggel vagy f\u00f3li\u00e1val. A vet\u00e9si aljzat h\u0151m\u00e9rs\u00e9klete legal\u00e1bb +21-26 \u00b0C, a szobah\u0151m\u00e9rs\u00e9klet legal\u00e1bb +23 \u00b0C legyen. A pal\u00e1nt\u00e1kat a fagyvesz\u00e9ly elm\u00falt\u00e1val \u00fcltetj\u00fck az \u00fcvegh\u00e1zban. Vessen el 15-20%-kal t\u00f6bb magot, mint amennyit pal\u00e1nt\u00e1kat tervez.<br \/>\n10 mag elegend\u0151 6-8 cser\u00e9phez.<br \/>\nVet\u00e9sid\u0151, m\u00e9lys\u00e9g II-III, 1 cm<br \/>\n\u00dcltet\u00e9si t\u00e1vols\u00e1gok V-VI, 60 x 40 cm<br \/>\nSz\u00fcret VI-VIII<br \/>\nVet\u00e9sid\u0151 \u00fcvegh\u00e1zban III-IV<br \/>\nGy\u00e1rt\u00f3: Lucia Elite<br \/>\nVet\u00e9si m\u00e9lys\u00e9g 1 cm<br \/>\nS\u0117jos gylis, cm 1 cm<br \/>\nT\u00e1vols\u00e1gok, cm 60&#215;40 cm<\/p>\n","protected":false},"featured_media":20696,"comment_status":"closed","ping_status":"closed","template":"","meta":[],"product_brand":[],"product_cat":[368],"product_tag":[],"class_list":{"0":"post-20695","1":"product","2":"type-product","3":"status-publish","4":"has-post-thumbnail","6":"product_cat-zoldseg-vetomagok","8":"first","9":"instock","10":"taxable","11":"shipping-taxable","12":"purchasable","13":"product-type-simple"},"_links":{"self":[{"href":"https:\/\/chilimag.hu\/webshop\/wp-json\/wp\/v2\/product\/20695","targetHints":{"allow":["GET"]}}],"collection":[{"href":"https:\/\/chilimag.hu\/webshop\/wp-json\/wp\/v2\/product"}],"about":[{"href":"https:\/\/chilimag.hu\/webshop\/wp-json\/wp\/v2\/types\/product"}],"replies":[{"embeddable":true,"href":"https:\/\/chilimag.hu\/webshop\/wp-json\/wp\/v2\/comments?post=20695"}],"wp:featuredmedia":[{"embeddable":true,"href":"https:\/\/chilimag.hu\/webshop\/wp-json\/wp\/v2\/media\/20696"}],"wp:attachment":[{"href":"https:\/\/chilimag.hu\/webshop\/wp-json\/wp\/v2\/media?parent=20695"}],"wp:term":[{"taxonomy":"product_brand","embeddable":true,"href":"https:\/\/chilimag.hu\/webshop\/wp-json\/wp\/v2\/product_brand?post=20695"},{"taxonomy":"product_cat","embeddable":true,"href":"https:\/\/chilimag.hu\/webshop\/wp-json\/wp\/v2\/product_cat?post=20695"},{"taxonomy":"product_tag","embeddable":true,"href":"https:\/\/chilimag.hu\/webshop\/wp-json\/wp\/v2\/product_tag?post=20695"}],"curies":[{"name":"wp","href":"https:\/\/api.w.org\/{rel}","templated":true}]}}