{"id":20690,"date":"2023-02-08T18:05:43","date_gmt":"2023-02-08T18:05:43","guid":{"rendered":"https:\/\/chilimag.hu\/webshop\/?post_type=product&#038;p=20690"},"modified":"2026-03-08T06:25:39","modified_gmt":"2026-03-08T06:25:39","slug":"paradicsom-buffalosteak-f1-sl-eln","status":"publish","type":"product","link":"https:\/\/chilimag.hu\/webshop\/termek\/paradicsom-buffalosteak-f1-sl-eln\/","title":{"rendered":"Paradicsom Buffalosteak Hibrid SL ELN"},"content":{"rendered":"","protected":false},"excerpt":{"rendered":"<p><img decoding=\"async\" class=\"active-logo\" src=\"https:\/\/b2b.seklos.lt\/themes\/warehouse\/img\/logo_en.png\" alt=\"Agrofirma S\u0117klos, UAB\" width=\"280\" height=\"95\" \/><\/p>\n<p>Nagyon korai \u00f6k\u00f6rsz\u00edv hibrid fajta, nagyon nagy, finom h\u00fasos gy\u00fcm\u00f6lcs\u00f6ket hoz. Ez a fajta nem csak finom, hanem nagyon nagy, ak\u00e1r 700 grammos gy\u00fcm\u00f6lcs\u00f6ket is terem, \u00e9s a paradicsomsal\u00e1ta kedvel\u0151i \u00e9rt\u00e9kelni fogj\u00e1k. A fajta alkalmas levesek \u00e9s sz\u00f3szok k\u00e9sz\u00edt\u00e9s\u00e9re.<br \/>\nA magokat m\u00e1rciusban kell elvetni. A gyorsabb \u00e9s egyenletesebb cs\u00edr\u00e1z\u00e1s el\u0151seg\u00edt\u00e9se \u00e9rdek\u00e9ben a magokat \u00fcveggel vagy f\u00f3li\u00e1val kell lefedni. A vet\u00e9shez haszn\u00e1lt aljzat h\u0151m\u00e9rs\u00e9klete legal\u00e1bb +21\u201326 \u00b0C, a helyis\u00e9g h\u0151m\u00e9rs\u00e9klete legal\u00e1bb +23 \u00b0C legyen. A pal\u00e1nt\u00e1kat akkor kell \u00e1t\u00fcltetni, amikor 2-4 val\u00f3di lev\u00e9l k\u00e9pz\u0151dik. A fagyvesz\u00e9ly elm\u00falt\u00e1val a pal\u00e1nt\u00e1kat \u00fcvegh\u00e1zba kell \u00fcltetni.<br \/>\nVet\u00e9skor a v\u00e1rt t\u0151sz\u00e1mn\u00e1l 15-20%-kal t\u00f6bb magot kell felhaszn\u00e1lni.<br \/>\n10 mag 5-7 m2 ter\u00fcletre kedvez\u0151 termeszt\u00e9si felt\u00e9telek mellett 20-30 kg.<br \/>\nO \u00e1rcsoport<br \/>\nSz\u00fcret VI-VIII<br \/>\nMagh\u00edrek 2020<br \/>\nVet\u00e9sid\u0151 \u00fcvegh\u00e1zban III-IV<br \/>\nN\u00f6v\u00e9nymagass\u00e1g Magas<br \/>\nGy\u00e1rt\u00f3: Lucia Elite<br \/>\nMagok sz\u00e1ma a csomagban, db. 10<br \/>\nS\u0117jos gylis, cm 1 cm<br \/>\nT\u00e1vols\u00e1gok, cm 60&#215;40 cm<\/p>\n","protected":false},"featured_media":20692,"comment_status":"closed","ping_status":"closed","template":"","meta":[],"product_brand":[],"product_cat":[368],"product_tag":[],"class_list":{"0":"post-20690","1":"product","2":"type-product","3":"status-publish","4":"has-post-thumbnail","6":"product_cat-zoldseg-vetomagok","8":"first","9":"instock","10":"taxable","11":"shipping-taxable","12":"purchasable","13":"product-type-simple"},"_links":{"self":[{"href":"https:\/\/chilimag.hu\/webshop\/wp-json\/wp\/v2\/product\/20690","targetHints":{"allow":["GET"]}}],"collection":[{"href":"https:\/\/chilimag.hu\/webshop\/wp-json\/wp\/v2\/product"}],"about":[{"href":"https:\/\/chilimag.hu\/webshop\/wp-json\/wp\/v2\/types\/product"}],"replies":[{"embeddable":true,"href":"https:\/\/chilimag.hu\/webshop\/wp-json\/wp\/v2\/comments?post=20690"}],"wp:featuredmedia":[{"embeddable":true,"href":"https:\/\/chilimag.hu\/webshop\/wp-json\/wp\/v2\/media\/20692"}],"wp:attachment":[{"href":"https:\/\/chilimag.hu\/webshop\/wp-json\/wp\/v2\/media?parent=20690"}],"wp:term":[{"taxonomy":"product_brand","embeddable":true,"href":"https:\/\/chilimag.hu\/webshop\/wp-json\/wp\/v2\/product_brand?post=20690"},{"taxonomy":"product_cat","embeddable":true,"href":"https:\/\/chilimag.hu\/webshop\/wp-json\/wp\/v2\/product_cat?post=20690"},{"taxonomy":"product_tag","embeddable":true,"href":"https:\/\/chilimag.hu\/webshop\/wp-json\/wp\/v2\/product_tag?post=20690"}],"curies":[{"name":"wp","href":"https:\/\/api.w.org\/{rel}","templated":true}]}}