{"id":20686,"date":"2023-02-08T17:59:18","date_gmt":"2023-02-08T17:59:18","guid":{"rendered":"https:\/\/chilimag.hu\/webshop\/?post_type=product&#038;p=20686"},"modified":"2026-02-24T13:34:16","modified_gmt":"2026-02-24T13:34:16","slug":"paradicsom-tigrino-sl-eln","status":"publish","type":"product","link":"https:\/\/chilimag.hu\/webshop\/termek\/paradicsom-tigrino-sl-eln\/","title":{"rendered":"Paradicsom Tigrino SL ELN"},"content":{"rendered":"","protected":false},"excerpt":{"rendered":"<p><img decoding=\"async\" class=\"logo\" src=\"https:\/\/b2b.seklos.lt\/themes\/warehouse\/img\/logo_en.png\" alt=\"Agrofirma S\u0117klos, UAB\" \/><\/p>\n<p>Magas fajta, amelyet az eredeti sz\u00edn\u00e9rt \u00e9s az \u00e9des, \u00edzletes \u00e9s arom\u00e1s gy\u00fcm\u00f6lcs\u00f6k\u00e9rt \u00e9rt\u00e9kelnek. 16-20 g term\u00e9st hoz, egy f\u00fcrt\u00f6n 14 term\u00e9st. M\u00e9g az eg\u00e9sz f\u00fcrtre \u00e9rve is, ez\u00e9rt ennek a fajt\u00e1nak a term\u00e9sei f\u00fcrt\u00f6kben is betakar\u00edthat\u00f3k. \u00dcvegh\u00e1zakban, erk\u00e9lyeken termeszthet\u0151. Szabadt\u00e9ri termeszt\u00e9s eset\u00e9n napos, meleg, sz\u00e9lt\u0151l v\u00e9dett helyet kell v\u00e1lasztani. A gyorsabb \u00e9s egyenletesebb cs\u00edr\u00e1z\u00e1s el\u0151seg\u00edt\u00e9se \u00e9rdek\u00e9ben a magokat \u00fcveggel vagy f\u00f3li\u00e1val kell lefedni. A vet\u00e9shez haszn\u00e1lt aljzat h\u0151m\u00e9rs\u00e9klete legal\u00e1bb +21\u201326 \u00b0C, a helyis\u00e9g h\u0151m\u00e9rs\u00e9klete legal\u00e1bb +23 \u00b0C legyen. A fagyvesz\u00e9ly elm\u00falt\u00e1val a pal\u00e1nt\u00e1kat \u00fcvegh\u00e1zba kell \u00fcltetni.<br \/>\nVet\u00e9skor a v\u00e1rt t\u0151sz\u00e1mn\u00e1l 15-20%-kal t\u00f6bb magot kell felhaszn\u00e1lni.<br \/>\n0,1 g \u2013 kb. 40-50 mag.<br \/>\n0,1 g 25 m2 ter\u00fcletre \u2013 kedvez\u0151 termeszt\u00e9si felt\u00e9telek mellett 20-28 kg-ig v\u00e1rhat\u00f3 term\u00e9shozam.<\/p>\n<p>L \u00e1rcsoport<br \/>\nS\u00falya 0,1g<br \/>\nSz\u00fcret VI-VIII<br \/>\nMagh\u00edrek 2020<br \/>\nVet\u00e9sid\u0151 \u00fcvegh\u00e1zban III-IV<br \/>\nN\u00f6v\u00e9nymagass\u00e1g Magas<br \/>\nGy\u00e1rt\u00f3: Lucia Elite<br \/>\nMagok sz\u00e1ma a csomagban, db. 40<br \/>\nS\u0117jos gylis, cm 1 cm<br \/>\nT\u00e1vols\u00e1gok, cm 60&#215;40 cm<\/p>\n","protected":false},"featured_media":20687,"comment_status":"closed","ping_status":"closed","template":"","meta":[],"product_brand":[],"product_cat":[368],"product_tag":[],"class_list":{"0":"post-20686","1":"product","2":"type-product","3":"status-publish","4":"has-post-thumbnail","6":"product_cat-zoldseg-vetomagok","8":"first","9":"instock","10":"taxable","11":"shipping-taxable","12":"purchasable","13":"product-type-simple"},"_links":{"self":[{"href":"https:\/\/chilimag.hu\/webshop\/wp-json\/wp\/v2\/product\/20686","targetHints":{"allow":["GET"]}}],"collection":[{"href":"https:\/\/chilimag.hu\/webshop\/wp-json\/wp\/v2\/product"}],"about":[{"href":"https:\/\/chilimag.hu\/webshop\/wp-json\/wp\/v2\/types\/product"}],"replies":[{"embeddable":true,"href":"https:\/\/chilimag.hu\/webshop\/wp-json\/wp\/v2\/comments?post=20686"}],"wp:featuredmedia":[{"embeddable":true,"href":"https:\/\/chilimag.hu\/webshop\/wp-json\/wp\/v2\/media\/20687"}],"wp:attachment":[{"href":"https:\/\/chilimag.hu\/webshop\/wp-json\/wp\/v2\/media?parent=20686"}],"wp:term":[{"taxonomy":"product_brand","embeddable":true,"href":"https:\/\/chilimag.hu\/webshop\/wp-json\/wp\/v2\/product_brand?post=20686"},{"taxonomy":"product_cat","embeddable":true,"href":"https:\/\/chilimag.hu\/webshop\/wp-json\/wp\/v2\/product_cat?post=20686"},{"taxonomy":"product_tag","embeddable":true,"href":"https:\/\/chilimag.hu\/webshop\/wp-json\/wp\/v2\/product_tag?post=20686"}],"curies":[{"name":"wp","href":"https:\/\/api.w.org\/{rel}","templated":true}]}}