{"id":20661,"date":"2023-02-08T05:31:52","date_gmt":"2023-02-08T05:31:52","guid":{"rendered":"https:\/\/chilimag.hu\/webshop\/?post_type=product&#038;p=20661"},"modified":"2026-02-06T05:08:52","modified_gmt":"2026-02-06T05:08:52","slug":"paradicsom-shokoladovo-sartse-florian-profi-bg","status":"publish","type":"product","link":"https:\/\/chilimag.hu\/webshop\/termek\/paradicsom-shokoladovo-sartse-florian-profi-bg\/","title":{"rendered":"Paradicsom Shokoladovo Sartse Profy Line Gold Florian Bg"},"content":{"rendered":"","protected":false},"excerpt":{"rendered":"<p><img decoding=\"async\" class=\"img-inline\" src=\"https:\/\/brcci.eu\/cache\/thumbnails\/12ecd0e6e419f1b9b1484ef02ad361979dd8e054\/1a6c5e1406ad462ca86d17b2800862d7f837862c-829875ad0a268b741b7edd818ffce098.png\" alt=\"FLORIAN OOD\" \/><\/p>\n<p>CSOKOL\u00c1D\u00c9SZ\u00cdV<\/p>\n<p>Egy \u00faj bolg\u00e1r k\u00f6z\u00e9pkorai, egzotikus, Buffalo sz\u00edv t\u00edpus\u00fa paradicsomfajta, tetszet\u0151s csokol\u00e1d\u00e9 sz\u00edn\u0171, Fl\u00f3ri\u00e1n v\u00e1laszt\u00e9kkal. A n\u00f6v\u00e9nyek hat\u00e1rozatlanok, k\u00f6zepesen er\u00f5sek, k\u00f6z\u00e9phossz\u00fa intern\u00f3diumokkal. Az \u00e9rett gy\u00fcm\u00f6lcs\u00f6k fels\u0151 r\u00e9sze s\u00f6t\u00e9tbarna, nagyon s\u00f6t\u00e9tz\u00f6ld gy\u0171r\u0171vel, f\u00fcgg\u0151leges s\u00f6t\u00e9t cs\u00edkokkal, a t\u00f6bbi gy\u00fcm\u00f6lcs s\u00f6t\u00e9t r\u00f3zsasz\u00edn-barna. Gy\u00fcm\u00f6lcsei sz\u00edv alak\u00faak, kis nyel\u0171 maggal \u00e9s s\u00f6t\u00e9tz\u00f6ld gy\u0171r\u0171vel, nagyok, el\u00e9rik a 300-400 g-ot \u00e9s azt is, k\u00f6zepesen kem\u00e9nyek \u00e9s rendk\u00edv\u00fcl \u00edzletesek, az illat \u00e9s az \u00e9dess\u00e9g kiv\u00e1l\u00f3 kombin\u00e1ci\u00f3j\u00e1val. Alkalmas k\u00f6z\u00e9pkorai termeszt\u00e9sre ny\u00edlt ter\u00fcleteken \u00e9s polietil\u00e9n \u00fcvegh\u00e1zakban. A n\u00f6v\u00e9nyek termeszt\u00e9se &#8211; egysz\u00e1r\u00fa tart\u00f3szerkezeten. Friss fogyaszt\u00e1sra sz\u00e1nt.<br \/>\nVet\u00e9si id\u0151szak: \u00fcvegh\u00e1zakra &#8211; janu\u00e1r-febru\u00e1r, szabadf\u00f6ldre &#8211; febru\u00e1r-m\u00e1rcius; \u00dcltet\u00e9si id\u0151szak: \u00fcvegh\u00e1zakban &#8211; m\u00e1rcius-\u00e1prilis, szabadban &#8211; \u00e1prilis 15-m\u00e1jus 15; \u00dcltet\u00e9si s\u00e9ma: egysoros 80\/40 cm, k\u00e9tsoros 80\/55\/40 cm.; Vet\u00e9smennyis\u00e9g: 20-25 g\/ha<\/p>\n<p>A csomag 30 szem magot tartalmaz<\/p>\n","protected":false},"featured_media":23460,"comment_status":"closed","ping_status":"closed","template":"","meta":[],"product_brand":[],"product_cat":[381],"product_tag":[],"class_list":{"0":"post-20661","1":"product","2":"type-product","3":"status-publish","4":"has-post-thumbnail","6":"product_cat-paradicsom-vetomagok-bolgar-florian-vetomagok","8":"first","9":"instock","10":"taxable","11":"shipping-taxable","12":"purchasable","13":"product-type-simple"},"_links":{"self":[{"href":"https:\/\/chilimag.hu\/webshop\/wp-json\/wp\/v2\/product\/20661","targetHints":{"allow":["GET"]}}],"collection":[{"href":"https:\/\/chilimag.hu\/webshop\/wp-json\/wp\/v2\/product"}],"about":[{"href":"https:\/\/chilimag.hu\/webshop\/wp-json\/wp\/v2\/types\/product"}],"replies":[{"embeddable":true,"href":"https:\/\/chilimag.hu\/webshop\/wp-json\/wp\/v2\/comments?post=20661"}],"wp:featuredmedia":[{"embeddable":true,"href":"https:\/\/chilimag.hu\/webshop\/wp-json\/wp\/v2\/media\/23460"}],"wp:attachment":[{"href":"https:\/\/chilimag.hu\/webshop\/wp-json\/wp\/v2\/media?parent=20661"}],"wp:term":[{"taxonomy":"product_brand","embeddable":true,"href":"https:\/\/chilimag.hu\/webshop\/wp-json\/wp\/v2\/product_brand?post=20661"},{"taxonomy":"product_cat","embeddable":true,"href":"https:\/\/chilimag.hu\/webshop\/wp-json\/wp\/v2\/product_cat?post=20661"},{"taxonomy":"product_tag","embeddable":true,"href":"https:\/\/chilimag.hu\/webshop\/wp-json\/wp\/v2\/product_tag?post=20661"}],"curies":[{"name":"wp","href":"https:\/\/api.w.org\/{rel}","templated":true}]}}