{"id":20659,"date":"2023-02-08T05:20:54","date_gmt":"2023-02-08T05:20:54","guid":{"rendered":"https:\/\/chilimag.hu\/webshop\/?post_type=product&#038;p=20659"},"modified":"2026-02-23T09:47:51","modified_gmt":"2026-02-23T09:47:51","slug":"paradicsom-purpurno-rozovo-sartse-florian-profi-bg","status":"publish","type":"product","link":"https:\/\/chilimag.hu\/webshop\/termek\/paradicsom-purpurno-rozovo-sartse-florian-profi-bg\/","title":{"rendered":"Paradicsom Purpurno Rozovo Sartse Profi Gold Florian Bg"},"content":{"rendered":"","protected":false},"excerpt":{"rendered":"<p><img decoding=\"async\" class=\"img-inline\" src=\"https:\/\/brcci.eu\/cache\/thumbnails\/12ecd0e6e419f1b9b1484ef02ad361979dd8e054\/1a6c5e1406ad462ca86d17b2800862d7f837862c-829875ad0a268b741b7edd818ffce098.png\" alt=\"FLORIAN OOD\" \/><\/p>\n<p>Lila r\u00f3zsasz\u00edn sz\u00edv<\/p>\n<p>Egy \u00faj bolg\u00e1r indetermin\u00e1lt, k\u00f6z\u00e9pkorai \u00e9r\u00e9s\u0171, egzotikus Buffalo sz\u00edv t\u00edpus\u00fa paradicsomfajta. \u00c9rett gy\u00fcm\u00f6lcs\u00f6k sz\u00edv alak\u00faak, kis lev\u00e9lny\u00e9llel, s\u00f6t\u00e9tlila, csaknem fekete gy\u0171r\u0171vel, r\u00e9szben f\u00fcgg\u0151leges, s\u00f6t\u00e9t cs\u00edkokkal, n\u00e9melyik a gy\u00fcm\u00f6lcs als\u00f3 r\u00e9sz\u00e9ig \u00e9r, alul vonz\u00f3 r\u00f3zsasz\u00edn sz\u00edn\u0171, k\u00f6zepes \u00e9s nagy, s\u00falya 250-450 g, n\u00e9ha t\u00f6bb is, kiv\u00e1l\u00f3 \u00edz\u0171. Alkalmas k\u00f6z\u00e9pkorai termeszt\u00e9sre ny\u00edlt ter\u00fcleteken \u00e9s polietil\u00e9n \u00fcvegh\u00e1zakban. A n\u00f6v\u00e9nyek termeszt\u00e9se &#8211; egysz\u00e1r\u00fa tart\u00f3szerkezeten. Friss fogyaszt\u00e1sra sz\u00e1nt.<\/p>\n<p>Vet\u00e9sid\u0151: \u00fcvegh\u00e1zakba &#8211; janu\u00e1r-febru\u00e1r, szabadf\u00f6ldre &#8211; febru\u00e1r-m\u00e1rcius<br \/>\n\u00dcltet\u00e9si id\u0151szak: \u00fcvegh\u00e1zakhoz &#8211; m\u00e1rcius-\u00e1prilis, szabadban &#8211; \u00e1prilis 15-m\u00e1jus 15.<br \/>\n\u00dcltet\u00e9si s\u00e9ma: egysoros 80\/40 cm, k\u00e9tsoros 80\/55\/40 cm.<br \/>\nVet\u00e9smennyis\u00e9g: 20-25 g\/ha<\/p>\n<p>A csomag 30 szem magot tartalmaz<\/p>\n","protected":false},"featured_media":23457,"comment_status":"closed","ping_status":"closed","template":"","meta":[],"product_brand":[],"product_cat":[381],"product_tag":[],"class_list":{"0":"post-20659","1":"product","2":"type-product","3":"status-publish","4":"has-post-thumbnail","6":"product_cat-paradicsom-vetomagok-bolgar-florian-vetomagok","8":"first","9":"instock","10":"taxable","11":"shipping-taxable","12":"purchasable","13":"product-type-simple"},"_links":{"self":[{"href":"https:\/\/chilimag.hu\/webshop\/wp-json\/wp\/v2\/product\/20659","targetHints":{"allow":["GET"]}}],"collection":[{"href":"https:\/\/chilimag.hu\/webshop\/wp-json\/wp\/v2\/product"}],"about":[{"href":"https:\/\/chilimag.hu\/webshop\/wp-json\/wp\/v2\/types\/product"}],"replies":[{"embeddable":true,"href":"https:\/\/chilimag.hu\/webshop\/wp-json\/wp\/v2\/comments?post=20659"}],"wp:featuredmedia":[{"embeddable":true,"href":"https:\/\/chilimag.hu\/webshop\/wp-json\/wp\/v2\/media\/23457"}],"wp:attachment":[{"href":"https:\/\/chilimag.hu\/webshop\/wp-json\/wp\/v2\/media?parent=20659"}],"wp:term":[{"taxonomy":"product_brand","embeddable":true,"href":"https:\/\/chilimag.hu\/webshop\/wp-json\/wp\/v2\/product_brand?post=20659"},{"taxonomy":"product_cat","embeddable":true,"href":"https:\/\/chilimag.hu\/webshop\/wp-json\/wp\/v2\/product_cat?post=20659"},{"taxonomy":"product_tag","embeddable":true,"href":"https:\/\/chilimag.hu\/webshop\/wp-json\/wp\/v2\/product_tag?post=20659"}],"curies":[{"name":"wp","href":"https:\/\/api.w.org\/{rel}","templated":true}]}}