{"id":20652,"date":"2023-02-07T20:29:02","date_gmt":"2023-02-07T20:29:02","guid":{"rendered":"https:\/\/chilimag.hu\/webshop\/?post_type=product&#038;p=20652"},"modified":"2025-11-25T18:55:16","modified_gmt":"2025-11-25T18:55:16","slug":"tyukhur-papagajoknak-h-animal-favorites","status":"publish","type":"product","link":"https:\/\/chilimag.hu\/webshop\/termek\/tyukhur-papagajoknak-h-animal-favorites\/","title":{"rendered":"Ty\u00fakh\u00far papag\u00e1joknak H Animal Favorites"},"content":{"rendered":"","protected":false},"excerpt":{"rendered":"<p><img fetchpriority=\"high\" decoding=\"async\" class=\"attachment-medium size-medium\" src=\"https:\/\/purchasingpowerplus.com\/wp-content\/uploads\/2021\/05\/Buzzy-Logo-300x239.jpg\" sizes=\"(max-width: 300px) 100vw, 300px\" srcset=\"https:\/\/purchasingpowerplus.com\/wp-content\/uploads\/2021\/05\/Buzzy-Logo-300x239.jpg 300w, https:\/\/purchasingpowerplus.com\/wp-content\/uploads\/2021\/05\/Buzzy-Logo-768x612.jpg 768w, https:\/\/purchasingpowerplus.com\/wp-content\/uploads\/2021\/05\/Buzzy-Logo-1024x816.jpg 1024w, https:\/\/purchasingpowerplus.com\/wp-content\/uploads\/2021\/05\/Buzzy-Logo.jpg 1500w\" alt=\"\" width=\"300\" height=\"239\" \/><\/p>\n<p>Botanikai n\u00e9v: <span class=\"value\">Stellaria medi<\/span><\/p>\n<p>Ty\u00fakh\u00far<br \/>\nStellaria media a szegf\u0171f\u00e9l\u00e9k csal\u00e1dj\u00e1ba tartozik, \u00e9s megfelel a nev\u00e9nek. Ennek az egyny\u00e1ri n\u00f6v\u00e9nynek mind a z\u00f6ld r\u00e9szei, mind a sok olajos magja nagyon gazdag t\u00e1pl\u00e1l\u00e9kforr\u00e1s minden mad\u00e1rfaj sz\u00e1m\u00e1ra. A ty\u00fakh\u00fas a nyitott \u00e9s enyh\u00e9n nedves, t\u00e1panyagban gazdag, felford\u00edtott talajt kedveli. Az eg\u00e9sz n\u00f6v\u00e9ny ehet\u0151 \u00e9s sok mad\u00e1r csemege.<\/p>\n<p>Az Animal Favorites kieg\u00e9sz\u00edt\u0151 \u00e1llati t\u00e1pl\u00e1l\u00e9kok saj\u00e1t k\u00e9sz\u00edt\u00e9s\u00e9re szolg\u00e1l. Mindig vari\u00e1ljon kieg\u00e9sz\u00edt\u0151 \u00e1llateledelt, \u00e9s haszn\u00e1lja m\u00e9rt\u00e9kkel az alap (teljes \u00e9rt\u00e9k\u0171) \u00e1llateledel mellett.<\/p>\n<p>&nbsp;<\/p>\n","protected":false},"featured_media":20653,"comment_status":"closed","ping_status":"closed","template":"","meta":[],"product_brand":[],"product_cat":[444,370],"product_tag":[],"class_list":{"0":"post-20652","1":"product","2":"type-product","3":"status-publish","4":"has-post-thumbnail","6":"product_cat-animal-favorites","7":"product_cat-kedvenceink-elesege-vetomagok","9":"first","10":"instock","11":"taxable","12":"shipping-taxable","13":"purchasable","14":"product-type-simple"},"_links":{"self":[{"href":"https:\/\/chilimag.hu\/webshop\/wp-json\/wp\/v2\/product\/20652","targetHints":{"allow":["GET"]}}],"collection":[{"href":"https:\/\/chilimag.hu\/webshop\/wp-json\/wp\/v2\/product"}],"about":[{"href":"https:\/\/chilimag.hu\/webshop\/wp-json\/wp\/v2\/types\/product"}],"replies":[{"embeddable":true,"href":"https:\/\/chilimag.hu\/webshop\/wp-json\/wp\/v2\/comments?post=20652"}],"wp:featuredmedia":[{"embeddable":true,"href":"https:\/\/chilimag.hu\/webshop\/wp-json\/wp\/v2\/media\/20653"}],"wp:attachment":[{"href":"https:\/\/chilimag.hu\/webshop\/wp-json\/wp\/v2\/media?parent=20652"}],"wp:term":[{"taxonomy":"product_brand","embeddable":true,"href":"https:\/\/chilimag.hu\/webshop\/wp-json\/wp\/v2\/product_brand?post=20652"},{"taxonomy":"product_cat","embeddable":true,"href":"https:\/\/chilimag.hu\/webshop\/wp-json\/wp\/v2\/product_cat?post=20652"},{"taxonomy":"product_tag","embeddable":true,"href":"https:\/\/chilimag.hu\/webshop\/wp-json\/wp\/v2\/product_tag?post=20652"}],"curies":[{"name":"wp","href":"https:\/\/api.w.org\/{rel}","templated":true}]}}