{"id":20650,"date":"2023-02-07T20:26:40","date_gmt":"2023-02-07T20:26:40","guid":{"rendered":"https:\/\/chilimag.hu\/webshop\/?post_type=product&#038;p=20650"},"modified":"2026-05-08T04:44:42","modified_gmt":"2026-05-08T04:44:42","slug":"cikoria-nyusziknak-es-tengeri-malacoknak-h-animal-favorites","status":"publish","type":"product","link":"https:\/\/chilimag.hu\/webshop\/termek\/cikoria-nyusziknak-es-tengeri-malacoknak-h-animal-favorites\/","title":{"rendered":"Cik\u00f3ria Nyusziknak \u00e9s tengeri malacoknak H Animal Favorites"},"content":{"rendered":"","protected":false},"excerpt":{"rendered":"<p><img fetchpriority=\"high\" decoding=\"async\" class=\"attachment-medium size-medium\" src=\"https:\/\/purchasingpowerplus.com\/wp-content\/uploads\/2021\/05\/Buzzy-Logo-300x239.jpg\" sizes=\"(max-width: 300px) 100vw, 300px\" srcset=\"https:\/\/purchasingpowerplus.com\/wp-content\/uploads\/2021\/05\/Buzzy-Logo-300x239.jpg 300w, https:\/\/purchasingpowerplus.com\/wp-content\/uploads\/2021\/05\/Buzzy-Logo-768x612.jpg 768w, https:\/\/purchasingpowerplus.com\/wp-content\/uploads\/2021\/05\/Buzzy-Logo-1024x816.jpg 1024w, https:\/\/purchasingpowerplus.com\/wp-content\/uploads\/2021\/05\/Buzzy-Logo.jpg 1500w\" alt=\"\" width=\"300\" height=\"239\" \/><\/p>\n<p>Botanikai n\u00e9v: <span class=\"value\">Cichorium intybus<\/span><\/p>\n<p>Cik\u00f3ria &#8211; Spadona<br \/>\nA belga end\u00edvia a cik\u00f3ria csal\u00e1dba tartozik, amelybe az end\u00edvia is tartozik, \u00edgy ennek a z\u00f6lds\u00e9gnek a termeszt\u00e9se \u00e9s \u00edze nagyon hasonl\u00f3. A ropog\u00f3s sz\u00e1rak \u00e9s puha levelek a pitypang level\u00e9re eml\u00e9keztetnek, \u00e9s kor\u00e1n betakar\u00edthat\u00f3k. Amellett, hogy remek \u00edze van, A-, B1-, B2-, C- \u00e9s PP-vitamint, \u00e1sv\u00e1nyi anyagokat, p\u00e9ld\u00e1ul kalciumot, foszfort \u00e9s vasat, valamint sok m\u00e1s em\u00e9szt\u00e9st seg\u00edt\u0151 anyagot is tartalmaz.<\/p>\n<p>Az Animal Favorites kieg\u00e9sz\u00edt\u0151 \u00e1llati t\u00e1pl\u00e1l\u00e9kok saj\u00e1t k\u00e9sz\u00edt\u00e9s\u00e9re szolg\u00e1l. Mindig vari\u00e1ljon kieg\u00e9sz\u00edt\u0151 \u00e1llateledelt, \u00e9s haszn\u00e1lja m\u00e9rt\u00e9kkel az alap (teljes \u00e9rt\u00e9k\u0171) \u00e1llateledel mellett.<\/p>\n<p>&nbsp;<\/p>\n","protected":false},"featured_media":20651,"comment_status":"closed","ping_status":"closed","template":"","meta":[],"product_brand":[],"product_cat":[444,370],"product_tag":[],"class_list":{"0":"post-20650","1":"product","2":"type-product","3":"status-publish","4":"has-post-thumbnail","6":"product_cat-animal-favorites","7":"product_cat-kedvenceink-elesege-vetomagok","9":"first","10":"instock","11":"taxable","12":"shipping-taxable","13":"purchasable","14":"product-type-simple"},"_links":{"self":[{"href":"https:\/\/chilimag.hu\/webshop\/wp-json\/wp\/v2\/product\/20650","targetHints":{"allow":["GET"]}}],"collection":[{"href":"https:\/\/chilimag.hu\/webshop\/wp-json\/wp\/v2\/product"}],"about":[{"href":"https:\/\/chilimag.hu\/webshop\/wp-json\/wp\/v2\/types\/product"}],"replies":[{"embeddable":true,"href":"https:\/\/chilimag.hu\/webshop\/wp-json\/wp\/v2\/comments?post=20650"}],"wp:featuredmedia":[{"embeddable":true,"href":"https:\/\/chilimag.hu\/webshop\/wp-json\/wp\/v2\/media\/20651"}],"wp:attachment":[{"href":"https:\/\/chilimag.hu\/webshop\/wp-json\/wp\/v2\/media?parent=20650"}],"wp:term":[{"taxonomy":"product_brand","embeddable":true,"href":"https:\/\/chilimag.hu\/webshop\/wp-json\/wp\/v2\/product_brand?post=20650"},{"taxonomy":"product_cat","embeddable":true,"href":"https:\/\/chilimag.hu\/webshop\/wp-json\/wp\/v2\/product_cat?post=20650"},{"taxonomy":"product_tag","embeddable":true,"href":"https:\/\/chilimag.hu\/webshop\/wp-json\/wp\/v2\/product_tag?post=20650"}],"curies":[{"name":"wp","href":"https:\/\/api.w.org\/{rel}","templated":true}]}}