{"id":20646,"date":"2023-02-07T20:23:22","date_gmt":"2023-02-07T20:23:22","guid":{"rendered":"https:\/\/chilimag.hu\/webshop\/?post_type=product&#038;p=20646"},"modified":"2025-08-17T15:27:41","modified_gmt":"2025-08-17T15:27:41","slug":"spenot-teknosoknek-h-animal-favorites","status":"publish","type":"product","link":"https:\/\/chilimag.hu\/webshop\/termek\/spenot-teknosoknek-h-animal-favorites\/","title":{"rendered":"Spen\u00f3t tekn\u0151s\u00f6knek H Animal Favorites"},"content":{"rendered":"","protected":false},"excerpt":{"rendered":"<p><img fetchpriority=\"high\" decoding=\"async\" class=\"attachment-medium size-medium\" src=\"https:\/\/purchasingpowerplus.com\/wp-content\/uploads\/2021\/05\/Buzzy-Logo-300x239.jpg\" sizes=\"(max-width: 300px) 100vw, 300px\" srcset=\"https:\/\/purchasingpowerplus.com\/wp-content\/uploads\/2021\/05\/Buzzy-Logo-300x239.jpg 300w, https:\/\/purchasingpowerplus.com\/wp-content\/uploads\/2021\/05\/Buzzy-Logo-768x612.jpg 768w, https:\/\/purchasingpowerplus.com\/wp-content\/uploads\/2021\/05\/Buzzy-Logo-1024x816.jpg 1024w, https:\/\/purchasingpowerplus.com\/wp-content\/uploads\/2021\/05\/Buzzy-Logo.jpg 1500w\" alt=\"\" width=\"300\" height=\"239\" \/><\/p>\n<p>Botanikai N\u00e9v :<span class=\"value\">Spinacia olerace<\/span><\/p>\n<p>Spen\u00f3t<br \/>\nMinden tekn\u0151sfajnak megvannak a saj\u00e1t preferenci\u00e1i \u00e9s t\u00e1pl\u00e1lkoz\u00e1si szok\u00e1sai. A legt\u00f6bb tekn\u0151s mindenev\u0151, \u00e9s mind \u00e1llati, mind n\u00f6v\u00e9nyi eredet\u0171 t\u00e1pl\u00e1l\u00e9kot eszik. A tekn\u0151s\u00f6k nem jutnak elegend\u0151 vitaminhoz \u00e9s t\u00e1panyaghoz az eg\u00e9szs\u00e9g\u00fckh\u00f6z, ha csak h\u00fast \u00e9s rovarokat esznek. K\u00fcl\u00f6n\u00f6sen az id\u0151sebb tekn\u0151s\u00f6knek van sz\u00fcks\u00e9g\u00fck t\u00f6bb n\u00f6v\u00e9nyi t\u00e1pl\u00e1l\u00e9kra. Pr\u00f3b\u00e1lj meg min\u00e9l t\u00f6bbet vari\u00e1lni, \u00e9s soha ne adj t\u00fal sokat. A tekn\u0151sb\u00e9k\u00e1k fal\u00e1nk, \u00e9s k\u00f6nnyen t\u00fal is eszik.<\/p>\n<p>Az Animal Favorites kieg\u00e9sz\u00edt\u0151 \u00e1llati t\u00e1pl\u00e1l\u00e9kok saj\u00e1t k\u00e9sz\u00edt\u00e9s\u00e9re szolg\u00e1l. Mindig vari\u00e1ljon kieg\u00e9sz\u00edt\u0151 \u00e1llateledelt, \u00e9s haszn\u00e1lja m\u00e9rt\u00e9kkel az alap (teljes \u00e9rt\u00e9k\u0171) \u00e1llateledel mellett.<\/p>\n<p>&nbsp;<\/p>\n","protected":false},"featured_media":20647,"comment_status":"closed","ping_status":"closed","template":"","meta":[],"product_brand":[],"product_cat":[444,370],"product_tag":[],"class_list":{"0":"post-20646","1":"product","2":"type-product","3":"status-publish","4":"has-post-thumbnail","6":"product_cat-animal-favorites","7":"product_cat-kedvenceink-elesege-vetomagok","9":"first","10":"instock","11":"taxable","12":"shipping-taxable","13":"purchasable","14":"product-type-simple"},"_links":{"self":[{"href":"https:\/\/chilimag.hu\/webshop\/wp-json\/wp\/v2\/product\/20646","targetHints":{"allow":["GET"]}}],"collection":[{"href":"https:\/\/chilimag.hu\/webshop\/wp-json\/wp\/v2\/product"}],"about":[{"href":"https:\/\/chilimag.hu\/webshop\/wp-json\/wp\/v2\/types\/product"}],"replies":[{"embeddable":true,"href":"https:\/\/chilimag.hu\/webshop\/wp-json\/wp\/v2\/comments?post=20646"}],"wp:featuredmedia":[{"embeddable":true,"href":"https:\/\/chilimag.hu\/webshop\/wp-json\/wp\/v2\/media\/20647"}],"wp:attachment":[{"href":"https:\/\/chilimag.hu\/webshop\/wp-json\/wp\/v2\/media?parent=20646"}],"wp:term":[{"taxonomy":"product_brand","embeddable":true,"href":"https:\/\/chilimag.hu\/webshop\/wp-json\/wp\/v2\/product_brand?post=20646"},{"taxonomy":"product_cat","embeddable":true,"href":"https:\/\/chilimag.hu\/webshop\/wp-json\/wp\/v2\/product_cat?post=20646"},{"taxonomy":"product_tag","embeddable":true,"href":"https:\/\/chilimag.hu\/webshop\/wp-json\/wp\/v2\/product_tag?post=20646"}],"curies":[{"name":"wp","href":"https:\/\/api.w.org\/{rel}","templated":true}]}}