{"id":20638,"date":"2023-02-07T19:43:58","date_gmt":"2023-02-07T19:43:58","guid":{"rendered":"https:\/\/chilimag.hu\/webshop\/?post_type=product&#038;p=20638"},"modified":"2025-08-17T15:25:05","modified_gmt":"2025-08-17T15:25:05","slug":"arpa-cicaknak-h-animal-favorites","status":"publish","type":"product","link":"https:\/\/chilimag.hu\/webshop\/termek\/arpa-cicaknak-h-animal-favorites\/","title":{"rendered":"\u00c1rpa cic\u00e1knak H Animal Favorites"},"content":{"rendered":"","protected":false},"excerpt":{"rendered":"<p><img fetchpriority=\"high\" decoding=\"async\" class=\"attachment-medium size-medium\" src=\"https:\/\/purchasingpowerplus.com\/wp-content\/uploads\/2021\/05\/Buzzy-Logo-300x239.jpg\" sizes=\"(max-width: 300px) 100vw, 300px\" srcset=\"https:\/\/purchasingpowerplus.com\/wp-content\/uploads\/2021\/05\/Buzzy-Logo-300x239.jpg 300w, https:\/\/purchasingpowerplus.com\/wp-content\/uploads\/2021\/05\/Buzzy-Logo-768x612.jpg 768w, https:\/\/purchasingpowerplus.com\/wp-content\/uploads\/2021\/05\/Buzzy-Logo-1024x816.jpg 1024w, https:\/\/purchasingpowerplus.com\/wp-content\/uploads\/2021\/05\/Buzzy-Logo.jpg 1500w\" alt=\"\" width=\"300\" height=\"239\" \/><\/p>\n<p>Botanikai N\u00e9v:<span class=\"value\">Hordeum vulgare<\/span><\/p>\n<p>Macskaf\u0171 &#8211; \u00c1rpa<br \/>\nA macsk\u00e1k sz\u00edvesen esznek f\u00fcvet, mert term\u00e9szetes sz\u00fcks\u00e9g\u00fck van a f\u0171ben tal\u00e1lhat\u00f3 folsavra. A macskaf\u0171 akkor is hasznos, ha macsk\u00e1ja sz\u0151rgomb\u00f3cokt\u00f3l szenved; a f\u0171 elfogyaszt\u00e1sa seg\u00edt a macsk\u00e1nak kih\u00e1nyni a sz\u0151rgomb\u00f3cokat, \u00e9s megakad\u00e1lyozza a sz\u00e9kreked\u00e9st. \u00c1prilist\u00f3l szeptemberig k\u00f6zvetlen\u00fcl a kertben, vagy eg\u00e9sz \u00e9vben, belt\u00e9rben, nedves talajba vess\u00fck. Helyezze a macskaf\u00fcvet meleg \u00e9s vil\u00e1gos helyre, de ne tegye ki k\u00f6zvetlen napf\u00e9nynek. A f\u0171nek el\u00e9gg\u00e9 meg kellett n\u0151nie ahhoz, hogy a macska egy h\u00e9t m\u00falva egyen.<\/p>\n<p>Az Animal Favorites kieg\u00e9sz\u00edt\u0151 \u00e1llati t\u00e1pl\u00e1l\u00e9kok saj\u00e1t k\u00e9sz\u00edt\u00e9s\u00e9re szolg\u00e1l. Mindig vari\u00e1ljon kieg\u00e9sz\u00edt\u0151 \u00e1llateledelt, \u00e9s haszn\u00e1lja m\u00e9rt\u00e9kkel az alap (teljes \u00e9rt\u00e9k\u0171) \u00e1llateledel mellett.<\/p>\n<p>&nbsp;<\/p>\n","protected":false},"featured_media":20639,"comment_status":"closed","ping_status":"closed","template":"","meta":[],"product_brand":[],"product_cat":[444,370],"product_tag":[],"class_list":{"0":"post-20638","1":"product","2":"type-product","3":"status-publish","4":"has-post-thumbnail","6":"product_cat-animal-favorites","7":"product_cat-kedvenceink-elesege-vetomagok","9":"first","10":"instock","11":"taxable","12":"shipping-taxable","13":"purchasable","14":"product-type-simple"},"_links":{"self":[{"href":"https:\/\/chilimag.hu\/webshop\/wp-json\/wp\/v2\/product\/20638","targetHints":{"allow":["GET"]}}],"collection":[{"href":"https:\/\/chilimag.hu\/webshop\/wp-json\/wp\/v2\/product"}],"about":[{"href":"https:\/\/chilimag.hu\/webshop\/wp-json\/wp\/v2\/types\/product"}],"replies":[{"embeddable":true,"href":"https:\/\/chilimag.hu\/webshop\/wp-json\/wp\/v2\/comments?post=20638"}],"wp:featuredmedia":[{"embeddable":true,"href":"https:\/\/chilimag.hu\/webshop\/wp-json\/wp\/v2\/media\/20639"}],"wp:attachment":[{"href":"https:\/\/chilimag.hu\/webshop\/wp-json\/wp\/v2\/media?parent=20638"}],"wp:term":[{"taxonomy":"product_brand","embeddable":true,"href":"https:\/\/chilimag.hu\/webshop\/wp-json\/wp\/v2\/product_brand?post=20638"},{"taxonomy":"product_cat","embeddable":true,"href":"https:\/\/chilimag.hu\/webshop\/wp-json\/wp\/v2\/product_cat?post=20638"},{"taxonomy":"product_tag","embeddable":true,"href":"https:\/\/chilimag.hu\/webshop\/wp-json\/wp\/v2\/product_tag?post=20638"}],"curies":[{"name":"wp","href":"https:\/\/api.w.org\/{rel}","templated":true}]}}