{"id":20634,"date":"2023-02-07T19:37:44","date_gmt":"2023-02-07T19:37:44","guid":{"rendered":"https:\/\/chilimag.hu\/webshop\/?post_type=product&#038;p=20634"},"modified":"2025-08-17T15:28:29","modified_gmt":"2025-08-17T15:28:29","slug":"cukorrepa-nyusziknak-h-animal-favorites","status":"publish","type":"product","link":"https:\/\/chilimag.hu\/webshop\/termek\/cukorrepa-nyusziknak-h-animal-favorites\/","title":{"rendered":"Takarm\u00e1nyr\u00e9pa Nyusziknak H Animal Favorites"},"content":{"rendered":"","protected":false},"excerpt":{"rendered":"<p><img fetchpriority=\"high\" decoding=\"async\" class=\"attachment-medium size-medium\" src=\"https:\/\/purchasingpowerplus.com\/wp-content\/uploads\/2021\/05\/Buzzy-Logo-300x239.jpg\" sizes=\"(max-width: 300px) 100vw, 300px\" srcset=\"https:\/\/purchasingpowerplus.com\/wp-content\/uploads\/2021\/05\/Buzzy-Logo-300x239.jpg 300w, https:\/\/purchasingpowerplus.com\/wp-content\/uploads\/2021\/05\/Buzzy-Logo-768x612.jpg 768w, https:\/\/purchasingpowerplus.com\/wp-content\/uploads\/2021\/05\/Buzzy-Logo-1024x816.jpg 1024w, https:\/\/purchasingpowerplus.com\/wp-content\/uploads\/2021\/05\/Buzzy-Logo.jpg 1500w\" alt=\"\" width=\"300\" height=\"239\" \/><\/p>\n<p>Botanikai n\u00e9v:<span class=\"value\">Beta vulgari<\/span><\/p>\n<p>Takarm\u00e1nyr\u00e9pa<br \/>\nA takarm\u00e1nyr\u00e9pa rendk\u00edv\u00fcl t\u00e1pl\u00e1l\u00f3 gum\u00f3, ez\u00e9rt kiv\u00e1l\u00f3 \u00e1llati takarm\u00e1ny. A levelekkel etetheti k\u00f6zvetlen\u00fcl nyulait, kecsk\u00e9it vagy teheneit \u00e9s a<br \/>\na c\u00e9kla h\u0171v\u00f6s \u00e9s sz\u00e1razon t\u00e1rolhat\u00f3 t\u00e9li alapl\u00e9k\u00e9nt. M\u00e1rciust\u00f3l m\u00e1jus v\u00e9g\u00e9ig vess\u00fck el a kertben egym\u00e1st\u00f3l 20 cm-es sorokba \u00e9s 50 cm-es sork\u00f6z\u00f6kbe. tudsz<br \/>\na takarm\u00e1nyr\u00e9p\u00e1t okt\u00f3berben vagy novemberben betakar\u00edtani.<\/p>\n<p>Az Animal Favorites kieg\u00e9sz\u00edt\u0151 \u00e1llati t\u00e1pl\u00e1l\u00e9kok saj\u00e1t k\u00e9sz\u00edt\u00e9s\u00e9re szolg\u00e1l. Mindig vari\u00e1ljon kieg\u00e9sz\u00edt\u0151 \u00e1llateledelt, \u00e9s haszn\u00e1lja m\u00e9rt\u00e9kkel az alap (teljes \u00e9rt\u00e9k\u0171) \u00e1llateledel mellett.<\/p>\n<p>&nbsp;<\/p>\n","protected":false},"featured_media":20635,"comment_status":"closed","ping_status":"closed","template":"","meta":[],"product_brand":[],"product_cat":[444,370],"product_tag":[],"class_list":{"0":"post-20634","1":"product","2":"type-product","3":"status-publish","4":"has-post-thumbnail","6":"product_cat-animal-favorites","7":"product_cat-kedvenceink-elesege-vetomagok","9":"first","10":"instock","11":"taxable","12":"shipping-taxable","13":"purchasable","14":"product-type-simple"},"_links":{"self":[{"href":"https:\/\/chilimag.hu\/webshop\/wp-json\/wp\/v2\/product\/20634","targetHints":{"allow":["GET"]}}],"collection":[{"href":"https:\/\/chilimag.hu\/webshop\/wp-json\/wp\/v2\/product"}],"about":[{"href":"https:\/\/chilimag.hu\/webshop\/wp-json\/wp\/v2\/types\/product"}],"replies":[{"embeddable":true,"href":"https:\/\/chilimag.hu\/webshop\/wp-json\/wp\/v2\/comments?post=20634"}],"wp:featuredmedia":[{"embeddable":true,"href":"https:\/\/chilimag.hu\/webshop\/wp-json\/wp\/v2\/media\/20635"}],"wp:attachment":[{"href":"https:\/\/chilimag.hu\/webshop\/wp-json\/wp\/v2\/media?parent=20634"}],"wp:term":[{"taxonomy":"product_brand","embeddable":true,"href":"https:\/\/chilimag.hu\/webshop\/wp-json\/wp\/v2\/product_brand?post=20634"},{"taxonomy":"product_cat","embeddable":true,"href":"https:\/\/chilimag.hu\/webshop\/wp-json\/wp\/v2\/product_cat?post=20634"},{"taxonomy":"product_tag","embeddable":true,"href":"https:\/\/chilimag.hu\/webshop\/wp-json\/wp\/v2\/product_tag?post=20634"}],"curies":[{"name":"wp","href":"https:\/\/api.w.org\/{rel}","templated":true}]}}