{"id":20629,"date":"2023-02-07T19:30:57","date_gmt":"2023-02-07T19:30:57","guid":{"rendered":"https:\/\/chilimag.hu\/webshop\/?post_type=product&#038;p=20629"},"modified":"2026-02-21T08:19:18","modified_gmt":"2026-02-21T08:19:18","slug":"macskamenta-h-ht","status":"publish","type":"product","link":"https:\/\/chilimag.hu\/webshop\/termek\/macskamenta-h-ht\/","title":{"rendered":"Illatos Macskamenta H HT"},"content":{"rendered":"","protected":false},"excerpt":{"rendered":"<p><img decoding=\"async\" class=\"img-responsive\" title=\"Horti Tops\" src=\"https:\/\/tuinplus.nl\/Documents\/Images\/Banners\/Horti_Tops_Roll_Over.jpg\" alt=\"Horti Tops\" \/><\/p>\n<p>Botanikai n\u00e9v:\u00a0Nepeta mussini<br \/>\nK\u00e9s\u0151 tavaszt\u00f3l ny\u00e1r elej\u00e9ig vess\u00fck a mag\u00e1gyba, \u00e9s k\u00e9s\u0151 \u0151sszel \u00fcltess\u00fck ki. Nagyon dekorat\u00edv a szeg\u00e9lyben, \u00e9s sz\u00e9p szeg\u00e9ly. Gyakran l\u00e1togatj\u00e1k macsk\u00e1k, m\u00e9hek \u00e9s lepk\u00e9k.<\/p>\n<p>&nbsp;<\/p>\n","protected":false},"featured_media":20630,"comment_status":"closed","ping_status":"closed","template":"","meta":[],"product_brand":[],"product_cat":[438],"product_tag":[],"class_list":{"0":"post-20629","1":"product","2":"type-product","3":"status-publish","4":"has-post-thumbnail","6":"product_cat-horti-tops","8":"first","9":"instock","10":"taxable","11":"shipping-taxable","12":"purchasable","13":"product-type-simple"},"_links":{"self":[{"href":"https:\/\/chilimag.hu\/webshop\/wp-json\/wp\/v2\/product\/20629","targetHints":{"allow":["GET"]}}],"collection":[{"href":"https:\/\/chilimag.hu\/webshop\/wp-json\/wp\/v2\/product"}],"about":[{"href":"https:\/\/chilimag.hu\/webshop\/wp-json\/wp\/v2\/types\/product"}],"replies":[{"embeddable":true,"href":"https:\/\/chilimag.hu\/webshop\/wp-json\/wp\/v2\/comments?post=20629"}],"wp:featuredmedia":[{"embeddable":true,"href":"https:\/\/chilimag.hu\/webshop\/wp-json\/wp\/v2\/media\/20630"}],"wp:attachment":[{"href":"https:\/\/chilimag.hu\/webshop\/wp-json\/wp\/v2\/media?parent=20629"}],"wp:term":[{"taxonomy":"product_brand","embeddable":true,"href":"https:\/\/chilimag.hu\/webshop\/wp-json\/wp\/v2\/product_brand?post=20629"},{"taxonomy":"product_cat","embeddable":true,"href":"https:\/\/chilimag.hu\/webshop\/wp-json\/wp\/v2\/product_cat?post=20629"},{"taxonomy":"product_tag","embeddable":true,"href":"https:\/\/chilimag.hu\/webshop\/wp-json\/wp\/v2\/product_tag?post=20629"}],"curies":[{"name":"wp","href":"https:\/\/api.w.org\/{rel}","templated":true}]}}