{"id":20559,"date":"2023-02-06T20:15:41","date_gmt":"2023-02-06T20:15:41","guid":{"rendered":"https:\/\/chilimag.hu\/webshop\/?post_type=product&#038;p=20559"},"modified":"2026-03-08T19:10:37","modified_gmt":"2026-03-08T19:10:37","slug":"paradicsom-oranze-sl-agr","status":"publish","type":"product","link":"https:\/\/chilimag.hu\/webshop\/termek\/paradicsom-oranze-sl-agr\/","title":{"rendered":"Paradicsom ORAN\u017dE SL AGR"},"content":{"rendered":"","protected":false},"excerpt":{"rendered":"<p><img decoding=\"async\" class=\"active-logo\" src=\"https:\/\/b2b.seklos.lt\/themes\/warehouse\/img\/logo_en.png\" alt=\"Agrofirma S\u0117klos, UAB\" width=\"280\" height=\"95\" \/><\/p>\n<p>K\u00f6z\u00e9pkorai t\u00f6rpe fajta. A pal\u00e1nt\u00e1k ki\u00fcltet\u00e9se ut\u00e1n 60-70 napon bel\u00fcl betakar\u00edtj\u00e1k. Gy\u00fcm\u00f6lcsei illatosak, k\u00f6zepes m\u00e9ret\u0171ek. A pal\u00e1nt\u00e1kat akkor kell cser\u00e9pbe \u00fcltetni, amikor az els\u0151 val\u00f3di level\u00fck van. \u00dcvegh\u00e1zakban \u00e9s szabadban termeszthet\u0151.<br \/>\nMagok sz\u00e1ma grammonk\u00e9nt 200-300<br \/>\nSz\u00fcret VII\u2013VIII<br \/>\nVet\u00e9sid\u0151 a talajban III\u2013IV, 2 cm<br \/>\nGy\u00e1rt\u00f3 Agronom<\/p>\n<p>A csomag 0,1 gr magot tartalmaz<\/p>\n","protected":false},"featured_media":20560,"comment_status":"closed","ping_status":"closed","template":"","meta":[],"product_brand":[],"product_cat":[402],"product_tag":[],"class_list":{"0":"post-20559","1":"product","2":"type-product","3":"status-publish","4":"has-post-thumbnail","6":"product_cat-paradicsom-vetomagok-agronom","8":"first","9":"instock","10":"taxable","11":"shipping-taxable","12":"purchasable","13":"product-type-simple"},"_links":{"self":[{"href":"https:\/\/chilimag.hu\/webshop\/wp-json\/wp\/v2\/product\/20559","targetHints":{"allow":["GET"]}}],"collection":[{"href":"https:\/\/chilimag.hu\/webshop\/wp-json\/wp\/v2\/product"}],"about":[{"href":"https:\/\/chilimag.hu\/webshop\/wp-json\/wp\/v2\/types\/product"}],"replies":[{"embeddable":true,"href":"https:\/\/chilimag.hu\/webshop\/wp-json\/wp\/v2\/comments?post=20559"}],"wp:featuredmedia":[{"embeddable":true,"href":"https:\/\/chilimag.hu\/webshop\/wp-json\/wp\/v2\/media\/20560"}],"wp:attachment":[{"href":"https:\/\/chilimag.hu\/webshop\/wp-json\/wp\/v2\/media?parent=20559"}],"wp:term":[{"taxonomy":"product_brand","embeddable":true,"href":"https:\/\/chilimag.hu\/webshop\/wp-json\/wp\/v2\/product_brand?post=20559"},{"taxonomy":"product_cat","embeddable":true,"href":"https:\/\/chilimag.hu\/webshop\/wp-json\/wp\/v2\/product_cat?post=20559"},{"taxonomy":"product_tag","embeddable":true,"href":"https:\/\/chilimag.hu\/webshop\/wp-json\/wp\/v2\/product_tag?post=20559"}],"curies":[{"name":"wp","href":"https:\/\/api.w.org\/{rel}","templated":true}]}}