{"id":20549,"date":"2023-02-06T20:05:09","date_gmt":"2023-02-06T20:05:09","guid":{"rendered":"https:\/\/chilimag.hu\/webshop\/?post_type=product&#038;p=20549"},"modified":"2026-02-12T00:04:40","modified_gmt":"2026-02-12T00:04:40","slug":"paradicsom-betalux-sl-agr","status":"publish","type":"product","link":"https:\/\/chilimag.hu\/webshop\/termek\/paradicsom-betalux-sl-agr\/","title":{"rendered":"Paradicsom Betalux SL AGR"},"content":{"rendered":"","protected":false},"excerpt":{"rendered":"<p><img decoding=\"async\" class=\"active-logo\" src=\"https:\/\/b2b.seklos.lt\/themes\/warehouse\/img\/logo_en.png\" alt=\"Agrofirma S\u0117klos, UAB\" width=\"280\" height=\"95\" \/><\/p>\n<p>Nagyon korai, t\u00f6rpe fajta. Az els\u0151 betakar\u00edt\u00e1s 96-100 nappal a magvak cs\u00edr\u00e1z\u00e1sa ut\u00e1n \u00e9rkezik. Gy\u00fcm\u00f6lcsei kicsik, s\u00falyuk k\u00f6r\u00fclbel\u00fcl 65-70 g. Szabadban termesztik. +22 \u00e9s +24 \u00b0C k\u00f6z\u00f6tti h\u0151m\u00e9rs\u00e9kleten fejl\u0151dik a legjobban.<br \/>\nMagok sz\u00e1ma grammonk\u00e9nt 200-300<br \/>\nSz\u00fcret VII\u2013VIII<br \/>\nVet\u00e9sid\u0151 a talajban III\u2013IV, 2 cm<br \/>\nGy\u00e1rt\u00f3 Agronom<\/p>\n<p>A csomag 0,2 gr magot tartalmaz<\/p>\n","protected":false},"featured_media":20550,"comment_status":"closed","ping_status":"closed","template":"","meta":[],"product_brand":[],"product_cat":[402],"product_tag":[],"class_list":{"0":"post-20549","1":"product","2":"type-product","3":"status-publish","4":"has-post-thumbnail","6":"product_cat-paradicsom-vetomagok-agronom","8":"first","9":"instock","10":"taxable","11":"shipping-taxable","12":"purchasable","13":"product-type-simple"},"_links":{"self":[{"href":"https:\/\/chilimag.hu\/webshop\/wp-json\/wp\/v2\/product\/20549","targetHints":{"allow":["GET"]}}],"collection":[{"href":"https:\/\/chilimag.hu\/webshop\/wp-json\/wp\/v2\/product"}],"about":[{"href":"https:\/\/chilimag.hu\/webshop\/wp-json\/wp\/v2\/types\/product"}],"replies":[{"embeddable":true,"href":"https:\/\/chilimag.hu\/webshop\/wp-json\/wp\/v2\/comments?post=20549"}],"wp:featuredmedia":[{"embeddable":true,"href":"https:\/\/chilimag.hu\/webshop\/wp-json\/wp\/v2\/media\/20550"}],"wp:attachment":[{"href":"https:\/\/chilimag.hu\/webshop\/wp-json\/wp\/v2\/media?parent=20549"}],"wp:term":[{"taxonomy":"product_brand","embeddable":true,"href":"https:\/\/chilimag.hu\/webshop\/wp-json\/wp\/v2\/product_brand?post=20549"},{"taxonomy":"product_cat","embeddable":true,"href":"https:\/\/chilimag.hu\/webshop\/wp-json\/wp\/v2\/product_cat?post=20549"},{"taxonomy":"product_tag","embeddable":true,"href":"https:\/\/chilimag.hu\/webshop\/wp-json\/wp\/v2\/product_tag?post=20549"}],"curies":[{"name":"wp","href":"https:\/\/api.w.org\/{rel}","templated":true}]}}