{"id":20547,"date":"2023-02-06T20:02:58","date_gmt":"2023-02-06T20:02:58","guid":{"rendered":"https:\/\/chilimag.hu\/webshop\/?post_type=product&#038;p=20547"},"modified":"2026-01-19T14:59:47","modified_gmt":"2026-01-19T14:59:47","slug":"porehagyma-leek-de-carentan-2-sl-agr","status":"publish","type":"product","link":"https:\/\/chilimag.hu\/webshop\/termek\/porehagyma-leek-de-carentan-2-sl-agr\/","title":{"rendered":"P\u00f3r\u00e9hagyma De Carentan 2 SL AGR"},"content":{"rendered":"","protected":false},"excerpt":{"rendered":"<p><img decoding=\"async\" class=\"active-logo\" src=\"https:\/\/b2b.seklos.lt\/themes\/warehouse\/img\/logo_en.png\" alt=\"Agrofirma S\u0117klos, UAB\" width=\"280\" height=\"95\" \/><\/p>\n<p>K\u00e9s\u0151i fajta \u0151szi betakar\u00edt\u00e1sra. C\u00e9lszer\u0171 olyan pal\u00e1nt\u00e1kat ki\u00fcltetni, amelyek m\u00e1rcius k\u00f6zep\u00e9n vagy v\u00e9g\u00e9n kezdik a n\u00f6veked\u00e9st. Veget\u00e1ci\u00f3s id\u0151szak &#8211; 140 nap. A legjobban term\u00e9keny, nem savany\u00fa v\u00e1lyogtalajban fejl\u0151dik.<br \/>\nMagok sz\u00e1ma grammonk\u00e9nt 300-320<br \/>\nSz\u00fcret IX\u2013XI<br \/>\nVet\u00e9sid\u0151 a talajban III\u2013IV, 1cm<br \/>\nGy\u00e1rt\u00f3 Agronom<\/p>\n<p>A csomag 1 gr magot tartalmaz<\/p>\n","protected":false},"featured_media":20548,"comment_status":"closed","ping_status":"closed","template":"","meta":[],"product_brand":[],"product_cat":[398],"product_tag":[],"class_list":{"0":"post-20547","1":"product","2":"type-product","3":"status-publish","4":"has-post-thumbnail","6":"product_cat-hagyma-vetomagok-agronom","8":"first","9":"instock","10":"taxable","11":"shipping-taxable","12":"purchasable","13":"product-type-simple"},"_links":{"self":[{"href":"https:\/\/chilimag.hu\/webshop\/wp-json\/wp\/v2\/product\/20547","targetHints":{"allow":["GET"]}}],"collection":[{"href":"https:\/\/chilimag.hu\/webshop\/wp-json\/wp\/v2\/product"}],"about":[{"href":"https:\/\/chilimag.hu\/webshop\/wp-json\/wp\/v2\/types\/product"}],"replies":[{"embeddable":true,"href":"https:\/\/chilimag.hu\/webshop\/wp-json\/wp\/v2\/comments?post=20547"}],"wp:featuredmedia":[{"embeddable":true,"href":"https:\/\/chilimag.hu\/webshop\/wp-json\/wp\/v2\/media\/20548"}],"wp:attachment":[{"href":"https:\/\/chilimag.hu\/webshop\/wp-json\/wp\/v2\/media?parent=20547"}],"wp:term":[{"taxonomy":"product_brand","embeddable":true,"href":"https:\/\/chilimag.hu\/webshop\/wp-json\/wp\/v2\/product_brand?post=20547"},{"taxonomy":"product_cat","embeddable":true,"href":"https:\/\/chilimag.hu\/webshop\/wp-json\/wp\/v2\/product_cat?post=20547"},{"taxonomy":"product_tag","embeddable":true,"href":"https:\/\/chilimag.hu\/webshop\/wp-json\/wp\/v2\/product_tag?post=20547"}],"curies":[{"name":"wp","href":"https:\/\/api.w.org\/{rel}","templated":true}]}}