{"id":20537,"date":"2023-02-06T19:51:52","date_gmt":"2023-02-06T19:51:52","guid":{"rendered":"https:\/\/chilimag.hu\/webshop\/?post_type=product&#038;p=20537"},"modified":"2026-01-31T10:26:35","modified_gmt":"2026-01-31T10:26:35","slug":"bab-torpe-igolomska-sl-agr","status":"publish","type":"product","link":"https:\/\/chilimag.hu\/webshop\/termek\/bab-torpe-igolomska-sl-agr\/","title":{"rendered":"Bab t\u00f6rpe (sz\u00e1razbab) IGO\u0141OMSKA SL AGR"},"content":{"rendered":"","protected":false},"excerpt":{"rendered":"<p><img decoding=\"async\" class=\"active-logo\" src=\"https:\/\/b2b.seklos.lt\/themes\/warehouse\/img\/logo_en.png\" alt=\"Agrofirma S\u0117klos, UAB\" width=\"280\" height=\"95\" \/><\/p>\n<p>K\u00f6z\u00e9pkorai, nagy hozam\u00fa h\u00e9jas babfajta. Feh\u00e9r magvak. A bokor 30-40 cm magas. 95-110 napon bel\u00fcl \u00e9rik. Friss felhaszn\u00e1l\u00e1sra \u00e9s feldolgoz\u00e1sra alkalmas.<br \/>\nMagok sz\u00e1ma grammonk\u00e9nt 1-3<br \/>\nSz\u00fcret VII\u2013IX<br \/>\nGy\u00e1rt\u00f3 Agronom<\/p>\n<p>Sz\u00e1razbabnak haszn\u00e1latos<\/p>\n<p>A csomag 10 gr magot tartalmaz<\/p>\n","protected":false},"featured_media":20538,"comment_status":"closed","ping_status":"closed","template":"","meta":[],"product_brand":[],"product_cat":[399],"product_tag":[],"class_list":{"0":"post-20537","1":"product","2":"type-product","3":"status-publish","4":"has-post-thumbnail","6":"product_cat-huvelyesek-vetomagok-agronom","8":"first","9":"instock","10":"taxable","11":"shipping-taxable","12":"purchasable","13":"product-type-simple"},"_links":{"self":[{"href":"https:\/\/chilimag.hu\/webshop\/wp-json\/wp\/v2\/product\/20537","targetHints":{"allow":["GET"]}}],"collection":[{"href":"https:\/\/chilimag.hu\/webshop\/wp-json\/wp\/v2\/product"}],"about":[{"href":"https:\/\/chilimag.hu\/webshop\/wp-json\/wp\/v2\/types\/product"}],"replies":[{"embeddable":true,"href":"https:\/\/chilimag.hu\/webshop\/wp-json\/wp\/v2\/comments?post=20537"}],"wp:featuredmedia":[{"embeddable":true,"href":"https:\/\/chilimag.hu\/webshop\/wp-json\/wp\/v2\/media\/20538"}],"wp:attachment":[{"href":"https:\/\/chilimag.hu\/webshop\/wp-json\/wp\/v2\/media?parent=20537"}],"wp:term":[{"taxonomy":"product_brand","embeddable":true,"href":"https:\/\/chilimag.hu\/webshop\/wp-json\/wp\/v2\/product_brand?post=20537"},{"taxonomy":"product_cat","embeddable":true,"href":"https:\/\/chilimag.hu\/webshop\/wp-json\/wp\/v2\/product_cat?post=20537"},{"taxonomy":"product_tag","embeddable":true,"href":"https:\/\/chilimag.hu\/webshop\/wp-json\/wp\/v2\/product_tag?post=20537"}],"curies":[{"name":"wp","href":"https:\/\/api.w.org\/{rel}","templated":true}]}}