{"id":20532,"date":"2023-02-06T19:24:27","date_gmt":"2023-02-06T19:24:27","guid":{"rendered":"https:\/\/chilimag.hu\/webshop\/?post_type=product&#038;p=20532"},"modified":"2025-08-22T08:52:57","modified_gmt":"2025-08-22T08:52:57","slug":"paradicsom-noire-de-crimee-sl-eln","status":"publish","type":"product","link":"https:\/\/chilimag.hu\/webshop\/termek\/paradicsom-noire-de-crimee-sl-eln\/","title":{"rendered":"Paradicsom Noire de Crim\u00e9e SL ELN"},"content":{"rendered":"","protected":false},"excerpt":{"rendered":"<p><img decoding=\"async\" class=\"active-logo\" src=\"https:\/\/b2b.seklos.lt\/themes\/warehouse\/img\/logo_en.png\" alt=\"Agrofirma S\u0117klos, UAB\" width=\"280\" height=\"95\" \/><\/p>\n<p>Korai magas (indetermin\u00e1ns) fajta, k\u00f6r\u00fclbel\u00fcl 150-170 g term\u00e9st hoz. A fajt\u00e1t a nagyon \u00edzletes, szokatlan sz\u00edn\u0171 gy\u00fcm\u00f6lcs\u00f6k\u00e9rt \u00e9rt\u00e9kelik. A s\u00f6t\u00e9t sz\u00edn\u0171 gy\u00fcm\u00f6lcs\u00f6k sokkal t\u00f6bb likopint tartalmaznak, mint a v\u00f6r\u00f6sek. A magokat m\u00e1rciusban vetik el. A magvak gyors \u00e9s egyenletes cs\u00edr\u00e1z\u00e1sa \u00e9rdek\u00e9ben a vet\u0151magot \u00fcveggel vagy f\u00f3li\u00e1val fedj\u00fck le. Az aljzath\u0151m\u00e9rs\u00e9klet a vet\u00e9shez nem lehet alacsonyabb, mint + 21-26 \u00b0C, a szobah\u0151m\u00e9rs\u00e9klet pedig nem lehet alacsonyabb, mint +23 \u00b0C. Amikor a n\u00f6v\u00e9nyek 2-4 val\u00f3di levelet fejlesztenek, egyenk\u00e9nt \u00e1t\u00fcltetik \u0151ket. A paradicsom nem ig\u00e9nyes a talajra, de legjobban v\u00e1lyogban fejl\u0151dik.<br \/>\n0,1 g k\u00f6r\u00fclbel\u00fcl 20-30 magot tartalmaz.<br \/>\n0,1 g vet\u0151mag elegend\u0151 lesz a 6-8 m2-es ter\u00fclet bebor\u00edt\u00e1s\u00e1hoz \u2013 kedvez\u0151 n\u00f6veked\u00e9si viszonyok mellett magas, 35-50 kg term\u00e9s v\u00e1rhat\u00f3.<br \/>\nS\u00falya 0,1g<br \/>\nTranszplant\u00e1ci\u00f3 V-VI, 60 x 40 cm<br \/>\nSz\u00fcret VI-VIII<br \/>\nFekete sz\u00edn<br \/>\nVet\u00e9sid\u0151 \u00fcvegh\u00e1zban III-IV<br \/>\nN\u00f6v\u00e9nymagass\u00e1g Magas<br \/>\nGy\u00e1rt\u00f3: Lucia Elite<br \/>\nMagok sz\u00e1ma a csomagban, db. 20<br \/>\nTesztmez\u0151k Tesztmez\u0151kben bejel\u00f6lve<br \/>\nS\u0117jos gylis, cm 1 cm<br \/>\nT\u00e1vols\u00e1gok, cm 60&#215;40 cm<\/p>\n","protected":false},"featured_media":20533,"comment_status":"closed","ping_status":"closed","template":"","meta":[],"product_brand":[],"product_cat":[368],"product_tag":[],"class_list":{"0":"post-20532","1":"product","2":"type-product","3":"status-publish","4":"has-post-thumbnail","6":"product_cat-zoldseg-vetomagok","8":"first","9":"instock","10":"taxable","11":"shipping-taxable","12":"purchasable","13":"product-type-simple"},"_links":{"self":[{"href":"https:\/\/chilimag.hu\/webshop\/wp-json\/wp\/v2\/product\/20532","targetHints":{"allow":["GET"]}}],"collection":[{"href":"https:\/\/chilimag.hu\/webshop\/wp-json\/wp\/v2\/product"}],"about":[{"href":"https:\/\/chilimag.hu\/webshop\/wp-json\/wp\/v2\/types\/product"}],"replies":[{"embeddable":true,"href":"https:\/\/chilimag.hu\/webshop\/wp-json\/wp\/v2\/comments?post=20532"}],"wp:featuredmedia":[{"embeddable":true,"href":"https:\/\/chilimag.hu\/webshop\/wp-json\/wp\/v2\/media\/20533"}],"wp:attachment":[{"href":"https:\/\/chilimag.hu\/webshop\/wp-json\/wp\/v2\/media?parent=20532"}],"wp:term":[{"taxonomy":"product_brand","embeddable":true,"href":"https:\/\/chilimag.hu\/webshop\/wp-json\/wp\/v2\/product_brand?post=20532"},{"taxonomy":"product_cat","embeddable":true,"href":"https:\/\/chilimag.hu\/webshop\/wp-json\/wp\/v2\/product_cat?post=20532"},{"taxonomy":"product_tag","embeddable":true,"href":"https:\/\/chilimag.hu\/webshop\/wp-json\/wp\/v2\/product_tag?post=20532"}],"curies":[{"name":"wp","href":"https:\/\/api.w.org\/{rel}","templated":true}]}}