{"id":20527,"date":"2023-02-06T19:21:07","date_gmt":"2023-02-06T19:21:07","guid":{"rendered":"https:\/\/chilimag.hu\/webshop\/?post_type=product&#038;p=20527"},"modified":"2026-03-20T17:55:51","modified_gmt":"2026-03-20T17:55:51","slug":"paradicsom-ananas-sl-eln","status":"publish","type":"product","link":"https:\/\/chilimag.hu\/webshop\/termek\/paradicsom-ananas-sl-eln\/","title":{"rendered":"Paradicsom Ananas SL ELN"},"content":{"rendered":"","protected":false},"excerpt":{"rendered":"<p><img decoding=\"async\" class=\"active-logo\" src=\"https:\/\/b2b.seklos.lt\/themes\/warehouse\/img\/logo_en.png\" alt=\"Agrofirma S\u0117klos, UAB\" width=\"280\" height=\"95\" \/><\/p>\n<p>K\u00f6zepesen korai, magas (indetermin\u00e1ns) fajta, 700-800 grammos term\u00e9st hoz. Az ilyen fajta paradicsom azok kedvence lesz, akik szeretik az \u00edzletes, \u00e9des gy\u00fcm\u00f6lcs\u00f6ket. A paradicsom j\u00f3 sal\u00e1t\u00e1nak, bef\u0151z\u00e9snek. A magokat m\u00e1rciusban vetik el. A magvak gyors \u00e9s egyenletes cs\u00edr\u00e1z\u00e1sa \u00e9rdek\u00e9ben a vet\u0151magot \u00fcveggel vagy f\u00f3li\u00e1val fedj\u00fck le. Az aljzat h\u0151m\u00e9rs\u00e9klete a vet\u00e9shez nem lehet alacsonyabb, mint +21-26 \u00b0C, a szobah\u0151m\u00e9rs\u00e9klet pedig nem lehet alacsonyabb, mint +23 \u00b0C.<br \/>\nAmikor a n\u00f6v\u00e9nyek 2-4 val\u00f3di levelet fejlesztenek, egyenk\u00e9nt \u00e1t\u00fcltetik \u0151ket. A pal\u00e1nt\u00e1kat az \u00fcvegh\u00e1zban \u00fcltetik, amikor a fagy m\u00e1r nem fenyeget.<br \/>\n0,1 g k\u00f6r\u00fclbel\u00fcl 20-30 magot tartalmaz.<br \/>\n0,1 g vet\u0151mag elegend\u0151 6-8 m2-es ter\u00fclet bebor\u00edt\u00e1s\u00e1hoz \u2013 kedvez\u0151 n\u00f6veked\u00e9si viszonyok mellett magas, ak\u00e1r 35-50 kg term\u00e9s v\u00e1rhat\u00f3.<br \/>\nS\u00falya 0,1g<br \/>\nSz\u00fcret VI-VIII<br \/>\nVet\u00e9sid\u0151 \u00fcvegh\u00e1zban III-IV<br \/>\nN\u00f6v\u00e9nymagass\u00e1g Magas<br \/>\nGy\u00e1rt\u00f3: Lucia Elite<br \/>\nS\u0117jos gylis, cm 1 cm<br \/>\nT\u00e1vols\u00e1gok, cm 60&#215;40 cm<\/p>\n","protected":false},"featured_media":20528,"comment_status":"closed","ping_status":"closed","template":"","meta":[],"product_brand":[],"product_cat":[368],"product_tag":[],"class_list":{"0":"post-20527","1":"product","2":"type-product","3":"status-publish","4":"has-post-thumbnail","6":"product_cat-zoldseg-vetomagok","8":"first","9":"instock","10":"taxable","11":"shipping-taxable","12":"purchasable","13":"product-type-simple"},"_links":{"self":[{"href":"https:\/\/chilimag.hu\/webshop\/wp-json\/wp\/v2\/product\/20527","targetHints":{"allow":["GET"]}}],"collection":[{"href":"https:\/\/chilimag.hu\/webshop\/wp-json\/wp\/v2\/product"}],"about":[{"href":"https:\/\/chilimag.hu\/webshop\/wp-json\/wp\/v2\/types\/product"}],"replies":[{"embeddable":true,"href":"https:\/\/chilimag.hu\/webshop\/wp-json\/wp\/v2\/comments?post=20527"}],"wp:featuredmedia":[{"embeddable":true,"href":"https:\/\/chilimag.hu\/webshop\/wp-json\/wp\/v2\/media\/20528"}],"wp:attachment":[{"href":"https:\/\/chilimag.hu\/webshop\/wp-json\/wp\/v2\/media?parent=20527"}],"wp:term":[{"taxonomy":"product_brand","embeddable":true,"href":"https:\/\/chilimag.hu\/webshop\/wp-json\/wp\/v2\/product_brand?post=20527"},{"taxonomy":"product_cat","embeddable":true,"href":"https:\/\/chilimag.hu\/webshop\/wp-json\/wp\/v2\/product_cat?post=20527"},{"taxonomy":"product_tag","embeddable":true,"href":"https:\/\/chilimag.hu\/webshop\/wp-json\/wp\/v2\/product_tag?post=20527"}],"curies":[{"name":"wp","href":"https:\/\/api.w.org\/{rel}","templated":true}]}}